{"id":4063,"date":"2021-03-02T18:27:22","date_gmt":"2021-03-02T17:27:22","guid":{"rendered":"https:\/\/www.centerarhitekture.org\/?post_type=product&#038;p=4063"},"modified":"2024-10-03T17:20:55","modified_gmt":"2024-10-03T15:20:55","slug":"revija-arhitektov-bilten-ab-st-224-227-arhitektura-skulptura-spomin","status":"publish","type":"product","link":"https:\/\/www.centerarhitekture.org\/en\/shop\/revija-arhitektov-bilten-ab-st-224-227-arhitektura-skulptura-spomin\/","title":{"rendered":"Revija Arhitektov bilten (AB) \u0161t. 224-227: Arhitektura. Skulptura. Spomin"},"content":{"rendered":"","protected":false},"excerpt":{"rendered":"<p>Mednarodna revija za teorijo arhitekture, s kraj\u0161im naslovom AB. Arhitektov bilten, je za\u010dela izhajati \u017ee leta 1964. Izhaja kot \u010detrtletnik, z nekaj letnim premorom v letih 1966 do 1972, vklju\u010duje tudi tematske \u0161tevilke. Revijo izdaja Dru\u0161tvo arhitektov Ljubljana.<\/p>\n<p>AB je vodilna revija za podro\u010dje arhitekture v Sloveniji \u017ee ve\u010d kot \u0161tirideset let. V teh letih si je pridobila izbran krog bralcev in naro\u010dnikov. Izhaja trimestralno (4 \u0161tevilke na leto, med temi kak\u0161na dvojna), prina\u0161a kvalitetne in atraktivne objave in informacije iz na\u0161e in svetovne arhitekturne kulture, in je njen veljaven in trajen arhiv, ki nikoli ne zastari. V prvi vrsti je usmerjena na \u0161ir\u0161e podro\u010dje arhitekture in urbanizma. Ukvarja se s posredovanjem med teorijo in prakso, med kulturo in znanostjo ter med zgodovino in prihodnostjo.<\/p>","protected":false},"featured_media":4074,"template":"","meta":{"iawp_total_views":36},"product_brand":[],"product_cat":[109],"product_tag":[],"class_list":{"0":"post-4063","1":"product","2":"type-product","3":"status-publish","4":"has-post-thumbnail","6":"product_cat-revija-arhitektov-bilten-ab","8":"first","9":"outofstock","10":"taxable","11":"shipping-taxable","12":"purchasable","13":"product-type-simple"},"_links":{"self":[{"href":"https:\/\/www.centerarhitekture.org\/en\/wp-json\/wp\/v2\/product\/4063","targetHints":{"allow":["GET"]}}],"collection":[{"href":"https:\/\/www.centerarhitekture.org\/en\/wp-json\/wp\/v2\/product"}],"about":[{"href":"https:\/\/www.centerarhitekture.org\/en\/wp-json\/wp\/v2\/types\/product"}],"wp:featuredmedia":[{"embeddable":true,"href":"https:\/\/www.centerarhitekture.org\/en\/wp-json\/wp\/v2\/media\/4074"}],"wp:attachment":[{"href":"https:\/\/www.centerarhitekture.org\/en\/wp-json\/wp\/v2\/media?parent=4063"}],"wp:term":[{"taxonomy":"product_brand","embeddable":true,"href":"https:\/\/www.centerarhitekture.org\/en\/wp-json\/wp\/v2\/product_brand?post=4063"},{"taxonomy":"product_cat","embeddable":true,"href":"https:\/\/www.centerarhitekture.org\/en\/wp-json\/wp\/v2\/product_cat?post=4063"},{"taxonomy":"product_tag","embeddable":true,"href":"https:\/\/www.centerarhitekture.org\/en\/wp-json\/wp\/v2\/product_tag?post=4063"}],"curies":[{"name":"wp","href":"https:\/\/api.w.org\/{rel}","templated":true}]}}