{"id":107,"date":"2017-08-07T21:32:19","date_gmt":"2017-08-07T19:32:19","guid":{"rendered":"http:\/\/www.centerarhitekture.org\/ca\/?post_type=product&#038;p=107"},"modified":"2023-06-23T14:13:56","modified_gmt":"2023-06-23T12:13:56","slug":"mapa-krisperjeva-hisa","status":"publish","type":"product","link":"https:\/\/www.centerarhitekture.org\/en\/shop\/mapa-krisperjeva-hisa\/","title":{"rendered":"Folder Krisper's House"},"content":{"rendered":"","protected":false},"excerpt":{"rendered":"<ul>\n<li>350-gramski papir Soft touch Matt PVC 1\/1<\/li>\n<li>velikosti 23 \u00d7 31,5 cm<\/li>\n<\/ul>\n<p>Vzorec je sestavljen iz fotografije stopni\u0161\u010da Krisperjeve hi\u0161e v Ljubljani, zgrajene leta 1901 po na\u010drtih arhitekta Maksa Fabianija. Darilo, ki je nastalo v sodelovanju s Fakulteto za dizajn Univerze na Primorskem in ga je oblikovala \u0161tudentka Lucija Poto\u010dnik pod mentorstvom doc. dr. Petre Bole, so izdelali v Tiskarni in knjigoveznici Radovljica.<\/p>","protected":false},"featured_media":284,"template":"","meta":{"iawp_total_views":85},"product_brand":[],"product_cat":[17],"product_tag":[],"class_list":{"0":"post-107","1":"product","2":"type-product","3":"status-publish","4":"has-post-thumbnail","6":"product_cat-kolekcija-maks-fabiani","8":"first","9":"instock","10":"taxable","11":"shipping-taxable","12":"purchasable","13":"product-type-simple"},"_links":{"self":[{"href":"https:\/\/www.centerarhitekture.org\/en\/wp-json\/wp\/v2\/product\/107","targetHints":{"allow":["GET"]}}],"collection":[{"href":"https:\/\/www.centerarhitekture.org\/en\/wp-json\/wp\/v2\/product"}],"about":[{"href":"https:\/\/www.centerarhitekture.org\/en\/wp-json\/wp\/v2\/types\/product"}],"wp:featuredmedia":[{"embeddable":true,"href":"https:\/\/www.centerarhitekture.org\/en\/wp-json\/wp\/v2\/media\/284"}],"wp:attachment":[{"href":"https:\/\/www.centerarhitekture.org\/en\/wp-json\/wp\/v2\/media?parent=107"}],"wp:term":[{"taxonomy":"product_brand","embeddable":true,"href":"https:\/\/www.centerarhitekture.org\/en\/wp-json\/wp\/v2\/product_brand?post=107"},{"taxonomy":"product_cat","embeddable":true,"href":"https:\/\/www.centerarhitekture.org\/en\/wp-json\/wp\/v2\/product_cat?post=107"},{"taxonomy":"product_tag","embeddable":true,"href":"https:\/\/www.centerarhitekture.org\/en\/wp-json\/wp\/v2\/product_tag?post=107"}],"curies":[{"name":"wp","href":"https:\/\/api.w.org\/{rel}","templated":true}]}}