{"id":103,"date":"2017-08-07T21:31:11","date_gmt":"2017-08-07T20:31:11","guid":{"rendered":"http:\/\/www.centerarhitekture.org\/ca\/?post_type=product&#038;p=103"},"modified":"2024-10-28T22:01:20","modified_gmt":"2024-10-28T21:01:20","slug":"notesnik-stanjel","status":"publish","type":"product","link":"https:\/\/www.centerarhitekture.org\/en\/shop\/notesnik-stanjel\/","title":{"rendered":"Notebook \u0160tanjel"},"content":{"rendered":"","protected":false},"excerpt":{"rendered":"<ul>\n<li>80-listni, brez\u010drten<\/li>\n<li>90-gramski papir LumiSilk Matt<\/li>\n<li>velikosti 9,3 \u00d7 14\u00a0cm<\/li>\n<li>gladkih mehkih platnic<\/li>\n<\/ul>\n<p>Motivi izhajajo iz Ferrarijevega vrta v \u0160tanjelu, ki ga je med letoma 1920 in 1935 zasnoval arhitekt Maks Fabiani. Darilo, ki je nastalo v sodelovanju s Katedro za informacijsko in grafi\u010dno tehnologijo Oddelka za tekstilstvo, grafiko in oblikovanje na Naravoslovnotehni\u0161ki fakulteti Univerze v Ljubljani in ga je oblikovala \u0161tudentka Bernarda Coni\u010d pod mentorstvom red. prof. Karin Ko\u0161ak, doc. Katje Burger in asist. Arijane Gad\u017eijev, so izdelali v Tiskarni in knjigoveznici Radovljica.<\/p>\n<p>&nbsp;<\/p>\n<p>Orders:\u00a0<strong>info (at) centerarhitekture.org\u00a0<\/strong>or\u00a0<strong>+386 40 270 232<\/strong><\/p>\n<p>Izdelke lahko najdete tudi v: Trgovina IKA \/ Knjigarna FELIKS \/ Modna hi\u0161a IKONA \/ Knjigarne Mladinske knjige: Knjigarna Konzorcij, Knjigarna na Trubarjevi, Knjigarna v Neboti\u010dniku, Knjigarna v BTCju \/ Narodna Galerija \/ Muzeji in galerije mesta Ljubljane \u2013 Mestna galerija \/ TIC Ljubljana \/ TIC Radovljica \/ Romarski urad Brezje \/ Trgovina Slovenika<\/p>","protected":false},"featured_media":288,"template":"","meta":{"iawp_total_views":45},"product_brand":[],"product_cat":[17],"product_tag":[],"class_list":{"0":"post-103","1":"product","2":"type-product","3":"status-publish","4":"has-post-thumbnail","6":"product_cat-kolekcija-maks-fabiani","8":"first","9":"instock","10":"taxable","11":"shipping-taxable","12":"purchasable","13":"product-type-simple"},"_links":{"self":[{"href":"https:\/\/www.centerarhitekture.org\/en\/wp-json\/wp\/v2\/product\/103","targetHints":{"allow":["GET"]}}],"collection":[{"href":"https:\/\/www.centerarhitekture.org\/en\/wp-json\/wp\/v2\/product"}],"about":[{"href":"https:\/\/www.centerarhitekture.org\/en\/wp-json\/wp\/v2\/types\/product"}],"wp:featuredmedia":[{"embeddable":true,"href":"https:\/\/www.centerarhitekture.org\/en\/wp-json\/wp\/v2\/media\/288"}],"wp:attachment":[{"href":"https:\/\/www.centerarhitekture.org\/en\/wp-json\/wp\/v2\/media?parent=103"}],"wp:term":[{"taxonomy":"product_brand","embeddable":true,"href":"https:\/\/www.centerarhitekture.org\/en\/wp-json\/wp\/v2\/product_brand?post=103"},{"taxonomy":"product_cat","embeddable":true,"href":"https:\/\/www.centerarhitekture.org\/en\/wp-json\/wp\/v2\/product_cat?post=103"},{"taxonomy":"product_tag","embeddable":true,"href":"https:\/\/www.centerarhitekture.org\/en\/wp-json\/wp\/v2\/product_tag?post=103"}],"curies":[{"name":"wp","href":"https:\/\/api.w.org\/{rel}","templated":true}]}}