{"id":101,"date":"2017-08-07T21:25:55","date_gmt":"2017-08-07T20:25:55","guid":{"rendered":"http:\/\/www.centerarhitekture.org\/ca\/?post_type=product&#038;p=101"},"modified":"2024-10-28T22:01:16","modified_gmt":"2024-10-28T21:01:16","slug":"notesnik-hribarjeva","status":"publish","type":"product","link":"https:\/\/www.centerarhitekture.org\/en\/shop\/notesnik-hribarjeva\/","title":{"rendered":"Notebook Hribarjeva"},"content":{"rendered":"","protected":false},"excerpt":{"rendered":"<ul>\n<li>80-listni<\/li>\n<li>brez\u010drten<\/li>\n<li>90-gramski papir LumiSilk Matt<\/li>\n<li>velikosti 9,3 \u00d7 14\u00a0cm, gladkih mehkih platnic<\/li>\n<\/ul>\n<p>Vzorec je sestavljen iz fotografije stopni\u0161\u010da Hribarjeve hi\u0161e v Ljubljani, zgrajene leta 1903 po na\u010drtih arhitekta Maksa Fabianija. Darilo, ki je nastalo v sodelovanju s Fakulteto za dizajn Univerze na Primorskem in ga je oblikovala \u0161tudentka Lucija Poto\u010dnik pod mentorstvom doc. dr. Petre Bole, so izdelali v Tiskarni in knjigoveznici Radovljica.<\/p>\n<p>&nbsp;<\/p>\n<p>Orders:\u00a0<strong>info (at) centerarhitekture.org\u00a0<\/strong>or\u00a0<strong>+386 40 270 232<\/strong><\/p>\n<p>Izdelke lahko najdete tudi v: Trgovina IKA \/ Knjigarna FELIKS \/ Modna hi\u0161a IKONA \/ Knjigarne Mladinske knjige: Knjigarna Konzorcij, Knjigarna na Trubarjevi, Knjigarna v Neboti\u010dniku, Knjigarna v BTCju \/ Narodna Galerija \/ Muzeji in galerije mesta Ljubljane \u2013 Mestna galerija \/ TIC Ljubljana \/ TIC Radovljica \/ Romarski urad Brezje \/ Trgovina Slovenika<\/p>","protected":false},"featured_media":286,"template":"","meta":{"iawp_total_views":37},"product_brand":[],"product_cat":[17],"product_tag":[],"class_list":{"0":"post-101","1":"product","2":"type-product","3":"status-publish","4":"has-post-thumbnail","6":"product_cat-kolekcija-maks-fabiani","8":"first","9":"instock","10":"taxable","11":"shipping-taxable","12":"purchasable","13":"product-type-simple"},"_links":{"self":[{"href":"https:\/\/www.centerarhitekture.org\/en\/wp-json\/wp\/v2\/product\/101","targetHints":{"allow":["GET"]}}],"collection":[{"href":"https:\/\/www.centerarhitekture.org\/en\/wp-json\/wp\/v2\/product"}],"about":[{"href":"https:\/\/www.centerarhitekture.org\/en\/wp-json\/wp\/v2\/types\/product"}],"wp:featuredmedia":[{"embeddable":true,"href":"https:\/\/www.centerarhitekture.org\/en\/wp-json\/wp\/v2\/media\/286"}],"wp:attachment":[{"href":"https:\/\/www.centerarhitekture.org\/en\/wp-json\/wp\/v2\/media?parent=101"}],"wp:term":[{"taxonomy":"product_brand","embeddable":true,"href":"https:\/\/www.centerarhitekture.org\/en\/wp-json\/wp\/v2\/product_brand?post=101"},{"taxonomy":"product_cat","embeddable":true,"href":"https:\/\/www.centerarhitekture.org\/en\/wp-json\/wp\/v2\/product_cat?post=101"},{"taxonomy":"product_tag","embeddable":true,"href":"https:\/\/www.centerarhitekture.org\/en\/wp-json\/wp\/v2\/product_tag?post=101"}],"curies":[{"name":"wp","href":"https:\/\/api.w.org\/{rel}","templated":true}]}}