{"id":5268,"date":"2024-11-30T21:30:49","date_gmt":"2024-11-30T20:30:49","guid":{"rendered":"https:\/\/www.centerarhitekture.org\/?page_id=5268"},"modified":"2024-11-30T21:40:39","modified_gmt":"2024-11-30T20:40:39","slug":"5268-2","status":"publish","type":"page","link":"https:\/\/www.centerarhitekture.org\/en\/vurnikova-nagrada\/5268-2\/","title":{"rendered":""},"content":{"rendered":"<div class=\"wpb-content-wrapper\"><div class=\"vc_row wpb_row vc_row-fluid\"><div class=\"wpb_column vc_column_container vc_col-sm-12\"><div class=\"vc_column-inner\"><div class=\"wpb_wrapper\"><div class=\"vc_empty_space\"   style=\"height: 32px\"><span class=\"vc_empty_space_inner\"><\/span><\/div><h2 style=\"color: #981618;text-align: left\" class=\"vc_custom_heading vc_do_custom_heading\" >VURNIKOVA \u0160TUDENTSKA NAGRADA ZA LETO 2024<\/h2><\/div><\/div><\/div><\/div><div class=\"vc_row wpb_row vc_row-fluid\"><div class=\"wpb_column vc_column_container vc_col-sm-6\"><div class=\"vc_column-inner\"><div class=\"wpb_wrapper\">\n\t<div class=\"wpb_text_column wpb_content_element\" >\n\t\t<div class=\"wpb_wrapper\">\n\t\t\t<p>Prijava je morala vsebovati osebno mapo z izbranimi projekti ter esej o arhitekturi in\/ali urbanizmu. Prva nagrada je vredna 1500 evrov (neto) in je namenjena \u0161tudijskemu potovanju, dobitnik oziroma dobitnica pa bo na naslednjih Vurnikovih dnevih v za\u010detku prihodnjega junija moral(a) pripraviti tudi predavanje o izku\u0161nji in vplivu na razmi\u0161ljanje in delo na strokovnem podro\u010dju. Dobitnika dveh \u010dastnih priznanj, ki bosta nagrajena s 300 evri (neto), pa nista obvezana, da denar porabita namensko.<\/p>\n\n\t\t<\/div>\n\t<\/div>\n<\/div><\/div><\/div><div class=\"wpb_column vc_column_container vc_col-sm-4\"><div class=\"vc_column-inner\"><div class=\"wpb_wrapper\">\n\t<div class=\"wpb_text_column wpb_content_element vc_custom_1732999233973\" >\n\t\t<div class=\"wpb_wrapper\">\n\t\t\t<p><strong>Prejemniki Vurnikovih \u0161tudentskih odli\u010dij za leto 2024 so:<\/strong><br \/>\n_<b>Lucija Rito\u0161a<\/b>, Vurnikova \u0161tudentska nagrada za leto 2023<br \/>\n_<b>Ajda \u017dagar<\/b>, Vurnikovo \u0161tudentsko priznanje za leto 2023<br \/>\n_<b>Andra\u017e Lorger<\/b>, Vurnikovo \u0161tudentsko priznanje za leto 2023<\/p>\n\n\t\t<\/div>\n\t<\/div>\n<\/div><\/div><\/div><div class=\"wpb_column vc_column_container vc_col-sm-2\"><div class=\"vc_column-inner\"><div class=\"wpb_wrapper\">\n\t<div  class=\"wpb_single_image wpb_content_element vc_align_left wpb_content_element\">\n\t\t\n\t\t<figure class=\"wpb_wrapper vc_figure\">\n\t\t\t<div class=\"vc_single_image-wrapper   vc_box_border_grey\"><img decoding=\"async\" width=\"150\" height=\"150\" src=\"https:\/\/www.centerarhitekture.org\/ca\/wp-content\/uploads\/2019\/07\/vurnikova-nagrada_logo-150x150.png\" class=\"vc_single_image-img attachment-thumbnail\" alt=\"\" title=\"vurnikova nagrada_logo\" srcset=\"https:\/\/www.centerarhitekture.org\/ca\/wp-content\/uploads\/2019\/07\/vurnikova-nagrada_logo-66x66.png 66w, https:\/\/www.centerarhitekture.org\/ca\/wp-content\/uploads\/2019\/07\/vurnikova-nagrada_logo-100x100.png 100w, https:\/\/www.centerarhitekture.org\/ca\/wp-content\/uploads\/2019\/07\/vurnikova-nagrada_logo-150x150.png 150w, https:\/\/www.centerarhitekture.org\/ca\/wp-content\/uploads\/2019\/07\/vurnikova-nagrada_logo-200x200.png 200w, https:\/\/www.centerarhitekture.org\/ca\/wp-content\/uploads\/2019\/07\/vurnikova-nagrada_logo-300x300.png 300w, https:\/\/www.centerarhitekture.org\/ca\/wp-content\/uploads\/2019\/07\/vurnikova-nagrada_logo-400x400.png 400w, https:\/\/www.centerarhitekture.org\/ca\/wp-content\/uploads\/2019\/07\/vurnikova-nagrada_logo-500x500.png 500w, https:\/\/www.centerarhitekture.org\/ca\/wp-content\/uploads\/2019\/07\/vurnikova-nagrada_logo-600x600.png 600w, https:\/\/www.centerarhitekture.org\/ca\/wp-content\/uploads\/2019\/07\/vurnikova-nagrada_logo-700x700.png 700w, https:\/\/www.centerarhitekture.org\/ca\/wp-content\/uploads\/2019\/07\/vurnikova-nagrada_logo-768x768.png 768w, https:\/\/www.centerarhitekture.org\/ca\/wp-content\/uploads\/2019\/07\/vurnikova-nagrada_logo-800x800.png 800w, https:\/\/www.centerarhitekture.org\/ca\/wp-content\/uploads\/2019\/07\/vurnikova-nagrada_logo-1024x1024.png 1024w, https:\/\/www.centerarhitekture.org\/ca\/wp-content\/uploads\/2019\/07\/vurnikova-nagrada_logo-1200x1200.png 1200w\" sizes=\"(max-width: 150px) 100vw, 150px\" \/><\/div>\n\t\t<\/figure>\n\t<\/div>\n<\/div><\/div><\/div><\/div><div class=\"vc_row wpb_row vc_row-fluid\"><div class=\"wpb_column vc_column_container vc_col-sm-6\"><div class=\"vc_column-inner\"><div class=\"wpb_wrapper\">\n\t<div class=\"wpb_text_column wpb_content_element\" >\n\t\t<div class=\"wpb_wrapper\">\n\t\t\t<p>Letos je nominacije pregledala strokovna \u017eirija, ki so jo sestavljali:<\/p>\n\n\t\t<\/div>\n\t<\/div>\n<div class=\"vc_row wpb_row vc_inner vc_row-fluid\"><div class=\"wpb_column vc_column_container vc_col-sm-6\"><div class=\"vc_column-inner\"><div class=\"wpb_wrapper\">\n\t<div  class=\"wpb_single_image wpb_content_element vc_align_left wpb_content_element\">\n\t\t\n\t\t<figure class=\"wpb_wrapper vc_figure\">\n\t\t\t<div class=\"vc_single_image-wrapper   vc_box_border_grey\"><img decoding=\"async\" width=\"500\" height=\"588\" src=\"https:\/\/www.centerarhitekture.org\/ca\/wp-content\/uploads\/2024\/02\/Foto_Jurij.jpg\" class=\"vc_single_image-img attachment-full\" alt=\"\" title=\"Foto_Jurij\" srcset=\"https:\/\/www.centerarhitekture.org\/ca\/wp-content\/uploads\/2024\/02\/Foto_Jurij-10x12.jpg 10w, https:\/\/www.centerarhitekture.org\/ca\/wp-content\/uploads\/2024\/02\/Foto_Jurij-200x235.jpg 200w, https:\/\/www.centerarhitekture.org\/ca\/wp-content\/uploads\/2024\/02\/Foto_Jurij-255x300.jpg 255w, https:\/\/www.centerarhitekture.org\/ca\/wp-content\/uploads\/2024\/02\/Foto_Jurij-400x470.jpg 400w, https:\/\/www.centerarhitekture.org\/ca\/wp-content\/uploads\/2024\/02\/Foto_Jurij.jpg 500w\" sizes=\"(max-width: 500px) 100vw, 500px\" \/><\/div>\n\t\t<\/figure>\n\t<\/div>\n\n\t<div class=\"wpb_text_column wpb_content_element\" >\n\t\t<div class=\"wpb_wrapper\">\n\t\t\t<p><strong>Jurij Kobe<\/strong>, arhitekt<\/p>\n<p>ATELIERarhitekti, Slovenija<\/p>\n\n\t\t<\/div>\n\t<\/div>\n<\/div><\/div><\/div><div class=\"wpb_column vc_column_container vc_col-sm-6\"><div class=\"vc_column-inner\"><div class=\"wpb_wrapper\">\n\t<div  class=\"wpb_single_image wpb_content_element vc_align_left wpb_content_element\">\n\t\t\n\t\t<figure class=\"wpb_wrapper vc_figure\">\n\t\t\t<div class=\"vc_single_image-wrapper   vc_box_border_grey\"><img decoding=\"async\" width=\"500\" height=\"588\" src=\"https:\/\/www.centerarhitekture.org\/ca\/wp-content\/uploads\/2024\/02\/Foto_Silvia.jpg\" class=\"vc_single_image-img attachment-full\" alt=\"\" title=\"Foto_Silvia\" srcset=\"https:\/\/www.centerarhitekture.org\/ca\/wp-content\/uploads\/2024\/02\/Foto_Silvia-10x12.jpg 10w, https:\/\/www.centerarhitekture.org\/ca\/wp-content\/uploads\/2024\/02\/Foto_Silvia-200x235.jpg 200w, https:\/\/www.centerarhitekture.org\/ca\/wp-content\/uploads\/2024\/02\/Foto_Silvia-255x300.jpg 255w, https:\/\/www.centerarhitekture.org\/ca\/wp-content\/uploads\/2024\/02\/Foto_Silvia-400x470.jpg 400w, https:\/\/www.centerarhitekture.org\/ca\/wp-content\/uploads\/2024\/02\/Foto_Silvia.jpg 500w\" sizes=\"(max-width: 500px) 100vw, 500px\" \/><\/div>\n\t\t<\/figure>\n\t<\/div>\n\n\t<div class=\"wpb_text_column wpb_content_element\" >\n\t\t<div class=\"wpb_wrapper\">\n\t\t\t<p><strong>Silvia Bocus<\/strong>, arhitektka<\/p>\n<p>Studio Bocus de Luigi Architetti, Italija<\/p>\n\n\t\t<\/div>\n\t<\/div>\n<\/div><\/div><\/div><\/div><div class=\"vc_row wpb_row vc_inner vc_row-fluid\"><div class=\"wpb_column vc_column_container vc_col-sm-6\"><div class=\"vc_column-inner\"><div class=\"wpb_wrapper\">\n\t<div  class=\"wpb_single_image wpb_content_element vc_align_left wpb_content_element\">\n\t\t\n\t\t<figure class=\"wpb_wrapper vc_figure\">\n\t\t\t<div class=\"vc_single_image-wrapper   vc_box_border_grey\"><img decoding=\"async\" width=\"500\" height=\"588\" src=\"https:\/\/www.centerarhitekture.org\/ca\/wp-content\/uploads\/2024\/02\/Foto_Matej.jpg\" class=\"vc_single_image-img attachment-full\" alt=\"\" title=\"Foto_Matej\" srcset=\"https:\/\/www.centerarhitekture.org\/ca\/wp-content\/uploads\/2024\/02\/Foto_Matej-10x12.jpg 10w, https:\/\/www.centerarhitekture.org\/ca\/wp-content\/uploads\/2024\/02\/Foto_Matej-200x235.jpg 200w, https:\/\/www.centerarhitekture.org\/ca\/wp-content\/uploads\/2024\/02\/Foto_Matej-255x300.jpg 255w, https:\/\/www.centerarhitekture.org\/ca\/wp-content\/uploads\/2024\/02\/Foto_Matej-400x470.jpg 400w, https:\/\/www.centerarhitekture.org\/ca\/wp-content\/uploads\/2024\/02\/Foto_Matej.jpg 500w\" sizes=\"(max-width: 500px) 100vw, 500px\" \/><\/div>\n\t\t<\/figure>\n\t<\/div>\n\n\t<div class=\"wpb_text_column wpb_content_element\" >\n\t\t<div class=\"wpb_wrapper\">\n\t\t\t<p><strong>Matej Ku\u010dina<\/strong>, krajinski arhitekt<\/p>\n<p>Bruto, krajinska arhitektura, d.o.o., Slovenija<\/p>\n\n\t\t<\/div>\n\t<\/div>\n<\/div><\/div><\/div><div class=\"wpb_column vc_column_container vc_col-sm-6\"><div class=\"vc_column-inner\"><div class=\"wpb_wrapper\">\n\t<div  class=\"wpb_single_image wpb_content_element vc_align_left wpb_content_element\">\n\t\t\n\t\t<figure class=\"wpb_wrapper vc_figure\">\n\t\t\t<div class=\"vc_single_image-wrapper   vc_box_border_grey\"><img decoding=\"async\" width=\"500\" height=\"588\" src=\"https:\/\/www.centerarhitekture.org\/ca\/wp-content\/uploads\/2024\/02\/Foto_AlesCB.jpg\" class=\"vc_single_image-img attachment-full\" alt=\"\" title=\"Foto_AlesCB\" srcset=\"https:\/\/www.centerarhitekture.org\/ca\/wp-content\/uploads\/2024\/02\/Foto_AlesCB-10x12.jpg 10w, https:\/\/www.centerarhitekture.org\/ca\/wp-content\/uploads\/2024\/02\/Foto_AlesCB-200x235.jpg 200w, https:\/\/www.centerarhitekture.org\/ca\/wp-content\/uploads\/2024\/02\/Foto_AlesCB-255x300.jpg 255w, https:\/\/www.centerarhitekture.org\/ca\/wp-content\/uploads\/2024\/02\/Foto_AlesCB-400x470.jpg 400w, https:\/\/www.centerarhitekture.org\/ca\/wp-content\/uploads\/2024\/02\/Foto_AlesCB.jpg 500w\" sizes=\"(max-width: 500px) 100vw, 500px\" \/><\/div>\n\t\t<\/figure>\n\t<\/div>\n\n\t<div class=\"wpb_text_column wpb_content_element\" >\n\t\t<div class=\"wpb_wrapper\">\n\t\t\t<p><strong>Ale\u0161 \u017dmavc<\/strong>, arhitekt<\/p>\n<p>od-do arhitektura, Slovenija<\/p>\n\n\t\t<\/div>\n\t<\/div>\n<\/div><\/div><\/div><\/div><\/div><\/div><\/div><div class=\"wpb_column vc_column_container vc_col-sm-6\"><div class=\"vc_column-inner\"><div class=\"wpb_wrapper\"><div class=\"vc_btn3-container vc_btn3-inline vc_do_btn\" ><a class=\"vc_general vc_btn3 vc_btn3-size-md vc_btn3-shape-square vc_btn3-style-classic vc_btn3-color-mulled-wine\" href=\"https:\/\/www.centerarhitekture.org\/ca\/wp-content\/uploads\/2024\/06\/VURNIKOVA-NAGRADA-2024-porocilo-komisije_dolgo_lekt.pdf\" title=\"\">PORO\u010cILO KOMISIJE 2024<\/a><\/div><div class=\"vc_btn3-container vc_btn3-inline vc_do_btn\" ><a class=\"vc_general vc_btn3 vc_btn3-size-md vc_btn3-shape-square vc_btn3-style-classic vc_btn3-color-mulled-wine\" href=\"https:\/\/www.centerarhitekture.org\/ca\/wp-content\/uploads\/2024\/06\/2024_vurnikova-nagrada_katalog_SPLET.pdf\" title=\"\">KATALOG 2024<\/a><\/div><\/div><\/div><\/div><\/div><div class=\"vc_row wpb_row vc_row-fluid\"><div class=\"wpb_column vc_column_container vc_col-sm-12\"><div class=\"vc_column-inner\"><div class=\"wpb_wrapper\"><div class=\"vc_empty_space\"   style=\"height: 32px\"><span class=\"vc_empty_space_inner\"><\/span><\/div><\/div><\/div><\/div><\/div>\n<\/div>","protected":false},"excerpt":{"rendered":"VURNIKOVA \u0160TUDENTSKA NAGRADA ZA LETO 2024 Prijava je morala vsebovati osebno mapo z izbranimi projekti ter esej o arhitekturi in\/ali urbanizmu. Prva nagrada je vredna 1500 evrov (neto) in je namenjena \u0161tudijskemu potovanju, dobitnik oziroma dobitnica pa bo na naslednjih Vurnikovih dnevih v za\u010detku prihodnjega junija moral(a) pripraviti tudi predavanje o izku\u0161nji in vplivu na  [...]","protected":false},"author":1,"featured_media":0,"parent":1724,"menu_order":0,"comment_status":"closed","ping_status":"closed","template":"","meta":{"iawp_total_views":375,"footnotes":""},"class_list":["post-5268","page","type-page","status-publish","hentry"],"_links":{"self":[{"href":"https:\/\/www.centerarhitekture.org\/en\/wp-json\/wp\/v2\/pages\/5268","targetHints":{"allow":["GET"]}}],"collection":[{"href":"https:\/\/www.centerarhitekture.org\/en\/wp-json\/wp\/v2\/pages"}],"about":[{"href":"https:\/\/www.centerarhitekture.org\/en\/wp-json\/wp\/v2\/types\/page"}],"author":[{"embeddable":true,"href":"https:\/\/www.centerarhitekture.org\/en\/wp-json\/wp\/v2\/users\/1"}],"replies":[{"embeddable":true,"href":"https:\/\/www.centerarhitekture.org\/en\/wp-json\/wp\/v2\/comments?post=5268"}],"version-history":[{"count":5,"href":"https:\/\/www.centerarhitekture.org\/en\/wp-json\/wp\/v2\/pages\/5268\/revisions"}],"predecessor-version":[{"id":5274,"href":"https:\/\/www.centerarhitekture.org\/en\/wp-json\/wp\/v2\/pages\/5268\/revisions\/5274"}],"up":[{"embeddable":true,"href":"https:\/\/www.centerarhitekture.org\/en\/wp-json\/wp\/v2\/pages\/1724"}],"wp:attachment":[{"href":"https:\/\/www.centerarhitekture.org\/en\/wp-json\/wp\/v2\/media?parent=5268"}],"curies":[{"name":"wp","href":"https:\/\/api.w.org\/{rel}","templated":true}]}}