{"id":4917,"date":"2023-08-03T15:04:46","date_gmt":"2023-08-03T13:04:46","guid":{"rendered":"https:\/\/www.centerarhitekture.org\/?page_id=4917"},"modified":"2024-11-30T21:42:50","modified_gmt":"2024-11-30T20:42:50","slug":"vurnikova-studentska-nagrada-2023","status":"publish","type":"page","link":"https:\/\/www.centerarhitekture.org\/en\/vurnikova-studentska-nagrada-2023\/","title":{"rendered":"Vurnikova \u0161tudentska nagrada 2023"},"content":{"rendered":"<div class=\"wpb-content-wrapper\"><div class=\"vc_row wpb_row vc_row-fluid\"><div class=\"wpb_column vc_column_container vc_col-sm-12\"><div class=\"vc_column-inner\"><div class=\"wpb_wrapper\"><div class=\"vc_empty_space\"   style=\"height: 32px\"><span class=\"vc_empty_space_inner\"><\/span><\/div><h2 style=\"color: #981618;text-align: left\" class=\"vc_custom_heading vc_do_custom_heading\" >VURNIKOVA \u0160TUDENTSKA NAGRADA ZA LETO 2023<\/h2><\/div><\/div><\/div><\/div><div class=\"vc_row wpb_row vc_row-fluid\"><div class=\"wpb_column vc_column_container vc_col-sm-6\"><div class=\"vc_column-inner\"><div class=\"wpb_wrapper\">\n\t<div class=\"wpb_text_column wpb_content_element\" >\n\t\t<div class=\"wpb_wrapper\">\n\t\t\t<p>Prijava je morala vsebovati osebno mapo z izbranimi projekti ter esej o arhitekturi in\/ali urbanizmu. Prva nagrada je vredna 1500 evrov (neto) in je namenjena \u0161tudijskemu potovanju, dobitnik oziroma dobitnica pa bo na naslednjih Vurnikovih dnevih v za\u010detku prihodnjega junija moral(a) pripraviti tudi predavanje o izku\u0161nji in vplivu na razmi\u0161ljanje in delo na strokovnem podro\u010dju. Dobitnika dveh \u010dastnih priznanj, ki bosta nagrajena s 300 evri (neto), pa nista obvezana, da denar porabita namensko.<\/p>\n\n\t\t<\/div>\n\t<\/div>\n<\/div><\/div><\/div><div class=\"wpb_column vc_column_container vc_col-sm-6\"><div class=\"vc_column-inner\"><div class=\"wpb_wrapper\"><div class=\"vc_row wpb_row vc_inner vc_row-fluid\"><div class=\"wpb_column vc_column_container vc_col-sm-8\"><div class=\"vc_column-inner\"><div class=\"wpb_wrapper\">\n\t<div class=\"wpb_text_column wpb_content_element vc_custom_1691673093168\" >\n\t\t<div class=\"wpb_wrapper\">\n\t\t\t<p><strong>Prejemniki Vurnikovih \u0161tudentskih odli\u010dij za leto 2023 so:<\/strong><br \/>\n_<span style=\"color: #981618;\"><b>Vanesa Ma\u010dek<\/b><\/span>, Vurnikova \u0161tudentska nagrada za leto 2023<br \/>\n_<span style=\"color: #981618;\"><b>Eva Lasi\u010d<\/b><\/span>, Vurnikovo \u0161tudentsko priznanje za leto 2023<br \/>\n_<span style=\"color: #981618;\"><b>Marko Stavrev<\/b><\/span>, Vurnikovo \u0161tudentsko priznanje za leto 2023<\/p>\n\n\t\t<\/div>\n\t<\/div>\n<\/div><\/div><\/div><div class=\"wpb_column vc_column_container vc_col-sm-4\"><div class=\"vc_column-inner\"><div class=\"wpb_wrapper\">\n\t<div  class=\"wpb_single_image wpb_content_element vc_align_left wpb_content_element\">\n\t\t\n\t\t<figure class=\"wpb_wrapper vc_figure\">\n\t\t\t<div class=\"vc_single_image-wrapper   vc_box_border_grey\"><img decoding=\"async\" width=\"2086\" height=\"2086\" src=\"https:\/\/www.centerarhitekture.org\/ca\/wp-content\/uploads\/2019\/07\/vurnikova-nagrada_logo.png\" class=\"vc_single_image-img attachment-full\" alt=\"\" title=\"vurnikova nagrada_logo\" srcset=\"https:\/\/www.centerarhitekture.org\/ca\/wp-content\/uploads\/2019\/07\/vurnikova-nagrada_logo-66x66.png 66w, https:\/\/www.centerarhitekture.org\/ca\/wp-content\/uploads\/2019\/07\/vurnikova-nagrada_logo-100x100.png 100w, https:\/\/www.centerarhitekture.org\/ca\/wp-content\/uploads\/2019\/07\/vurnikova-nagrada_logo-150x150.png 150w, https:\/\/www.centerarhitekture.org\/ca\/wp-content\/uploads\/2019\/07\/vurnikova-nagrada_logo-200x200.png 200w, https:\/\/www.centerarhitekture.org\/ca\/wp-content\/uploads\/2019\/07\/vurnikova-nagrada_logo-300x300.png 300w, https:\/\/www.centerarhitekture.org\/ca\/wp-content\/uploads\/2019\/07\/vurnikova-nagrada_logo-400x400.png 400w, https:\/\/www.centerarhitekture.org\/ca\/wp-content\/uploads\/2019\/07\/vurnikova-nagrada_logo-500x500.png 500w, https:\/\/www.centerarhitekture.org\/ca\/wp-content\/uploads\/2019\/07\/vurnikova-nagrada_logo-600x600.png 600w, https:\/\/www.centerarhitekture.org\/ca\/wp-content\/uploads\/2019\/07\/vurnikova-nagrada_logo-700x700.png 700w, https:\/\/www.centerarhitekture.org\/ca\/wp-content\/uploads\/2019\/07\/vurnikova-nagrada_logo-768x768.png 768w, https:\/\/www.centerarhitekture.org\/ca\/wp-content\/uploads\/2019\/07\/vurnikova-nagrada_logo-800x800.png 800w, https:\/\/www.centerarhitekture.org\/ca\/wp-content\/uploads\/2019\/07\/vurnikova-nagrada_logo-1024x1024.png 1024w, https:\/\/www.centerarhitekture.org\/ca\/wp-content\/uploads\/2019\/07\/vurnikova-nagrada_logo-1200x1200.png 1200w, https:\/\/www.centerarhitekture.org\/ca\/wp-content\/uploads\/2019\/07\/vurnikova-nagrada_logo.png 2086w\" sizes=\"(max-width: 2086px) 100vw, 2086px\" \/><\/div>\n\t\t<\/figure>\n\t<\/div>\n<\/div><\/div><\/div><\/div><\/div><\/div><\/div><\/div><div class=\"vc_row wpb_row vc_row-fluid\"><div class=\"wpb_column vc_column_container vc_col-sm-12\"><div class=\"vc_column-inner\"><div class=\"wpb_wrapper\"><div class=\"vc_empty_space\"   style=\"height: 32px\"><span class=\"vc_empty_space_inner\"><\/span><\/div><div class=\"vc_empty_space\"   style=\"height: 32px\"><span class=\"vc_empty_space_inner\"><\/span><\/div><\/div><\/div><\/div><\/div><div class=\"vc_row wpb_row vc_row-fluid\"><div class=\"wpb_column vc_column_container vc_col-sm-6\"><div class=\"vc_column-inner\"><div class=\"wpb_wrapper\">\n\t<div class=\"wpb_text_column wpb_content_element\" >\n\t\t<div class=\"wpb_wrapper\">\n\t\t\t<p>Nominacije je pregledala strokovna \u017eirija, ki so jo sestavljali:<\/p>\n\n\t\t<\/div>\n\t<\/div>\n<div class=\"vc_row wpb_row vc_inner vc_row-fluid\"><div class=\"wpb_column vc_column_container vc_col-sm-6\"><div class=\"vc_column-inner\"><div class=\"wpb_wrapper\">\n\t<div  class=\"wpb_single_image wpb_content_element vc_align_left wpb_content_element\">\n\t\t\n\t\t<figure class=\"wpb_wrapper vc_figure\">\n\t\t\t<div class=\"vc_single_image-wrapper   vc_box_border_grey\"><img decoding=\"async\" width=\"600\" height=\"600\" src=\"https:\/\/www.centerarhitekture.org\/ca\/wp-content\/uploads\/2023\/01\/RokJerebfoto2023.jpg\" class=\"vc_single_image-img attachment-full\" alt=\"\" title=\"RokJerebfoto2023\" srcset=\"https:\/\/www.centerarhitekture.org\/ca\/wp-content\/uploads\/2023\/01\/RokJerebfoto2023-12x12.jpg 12w, https:\/\/www.centerarhitekture.org\/ca\/wp-content\/uploads\/2023\/01\/RokJerebfoto2023-66x66.jpg 66w, https:\/\/www.centerarhitekture.org\/ca\/wp-content\/uploads\/2023\/01\/RokJerebfoto2023-100x100.jpg 100w, https:\/\/www.centerarhitekture.org\/ca\/wp-content\/uploads\/2023\/01\/RokJerebfoto2023-150x150.jpg 150w, https:\/\/www.centerarhitekture.org\/ca\/wp-content\/uploads\/2023\/01\/RokJerebfoto2023-200x200.jpg 200w, https:\/\/www.centerarhitekture.org\/ca\/wp-content\/uploads\/2023\/01\/RokJerebfoto2023-300x300.jpg 300w, https:\/\/www.centerarhitekture.org\/ca\/wp-content\/uploads\/2023\/01\/RokJerebfoto2023-400x400.jpg 400w, https:\/\/www.centerarhitekture.org\/ca\/wp-content\/uploads\/2023\/01\/RokJerebfoto2023-500x500.jpg 500w, https:\/\/www.centerarhitekture.org\/ca\/wp-content\/uploads\/2023\/01\/RokJerebfoto2023.jpg 600w\" sizes=\"(max-width: 600px) 100vw, 600px\" \/><\/div>\n\t\t<\/figure>\n\t<\/div>\n\n\t<div class=\"wpb_text_column wpb_content_element\" >\n\t\t<div class=\"wpb_wrapper\">\n\t\t\t<p><strong>Rok Jereb<\/strong>, arhitekt\u00a0<strong><br \/>\n<\/strong>Jereb in Budja arhitekti d.o.o., Slovenija<\/p>\n\n\t\t<\/div>\n\t<\/div>\n<\/div><\/div><\/div><div class=\"wpb_column vc_column_container vc_col-sm-6\"><div class=\"vc_column-inner\"><div class=\"wpb_wrapper\">\n\t<div  class=\"wpb_single_image wpb_content_element vc_align_left wpb_content_element\">\n\t\t\n\t\t<figure class=\"wpb_wrapper vc_figure\">\n\t\t\t<div class=\"vc_single_image-wrapper   vc_box_border_grey\"><img decoding=\"async\" width=\"480\" height=\"480\" src=\"https:\/\/www.centerarhitekture.org\/ca\/wp-content\/uploads\/2023\/01\/IdisTurato2023.jpg\" class=\"vc_single_image-img attachment-full\" alt=\"\" title=\"IdisTurato2023\" srcset=\"https:\/\/www.centerarhitekture.org\/ca\/wp-content\/uploads\/2023\/01\/IdisTurato2023-12x12.jpg 12w, https:\/\/www.centerarhitekture.org\/ca\/wp-content\/uploads\/2023\/01\/IdisTurato2023-66x66.jpg 66w, https:\/\/www.centerarhitekture.org\/ca\/wp-content\/uploads\/2023\/01\/IdisTurato2023-100x100.jpg 100w, https:\/\/www.centerarhitekture.org\/ca\/wp-content\/uploads\/2023\/01\/IdisTurato2023-150x150.jpg 150w, https:\/\/www.centerarhitekture.org\/ca\/wp-content\/uploads\/2023\/01\/IdisTurato2023-200x200.jpg 200w, https:\/\/www.centerarhitekture.org\/ca\/wp-content\/uploads\/2023\/01\/IdisTurato2023-300x300.jpg 300w, https:\/\/www.centerarhitekture.org\/ca\/wp-content\/uploads\/2023\/01\/IdisTurato2023-400x400.jpg 400w, https:\/\/www.centerarhitekture.org\/ca\/wp-content\/uploads\/2023\/01\/IdisTurato2023.jpg 480w\" sizes=\"(max-width: 480px) 100vw, 480px\" \/><\/div>\n\t\t<\/figure>\n\t<\/div>\n\n\t<div class=\"wpb_text_column wpb_content_element\" >\n\t\t<div class=\"wpb_wrapper\">\n\t\t\t<p><strong>Idis Turato<\/strong>, arhitekt<br \/>\nTurato arhitekti, Hrva\u0161ka<\/p>\n\n\t\t<\/div>\n\t<\/div>\n<\/div><\/div><\/div><\/div><div class=\"vc_row wpb_row vc_inner vc_row-fluid\"><div class=\"wpb_column vc_column_container vc_col-sm-6\"><div class=\"vc_column-inner\"><div class=\"wpb_wrapper\">\n\t<div  class=\"wpb_single_image wpb_content_element vc_align_left wpb_content_element\">\n\t\t\n\t\t<figure class=\"wpb_wrapper vc_figure\">\n\t\t\t<div class=\"vc_single_image-wrapper   vc_box_border_grey\"><img decoding=\"async\" width=\"600\" height=\"600\" src=\"https:\/\/www.centerarhitekture.org\/ca\/wp-content\/uploads\/2023\/01\/NinaGranda2023.jpg\" class=\"vc_single_image-img attachment-full\" alt=\"\" title=\"NinaGranda2023\" srcset=\"https:\/\/www.centerarhitekture.org\/ca\/wp-content\/uploads\/2023\/01\/NinaGranda2023-12x12.jpg 12w, https:\/\/www.centerarhitekture.org\/ca\/wp-content\/uploads\/2023\/01\/NinaGranda2023-66x66.jpg 66w, https:\/\/www.centerarhitekture.org\/ca\/wp-content\/uploads\/2023\/01\/NinaGranda2023-100x100.jpg 100w, https:\/\/www.centerarhitekture.org\/ca\/wp-content\/uploads\/2023\/01\/NinaGranda2023-150x150.jpg 150w, https:\/\/www.centerarhitekture.org\/ca\/wp-content\/uploads\/2023\/01\/NinaGranda2023-200x200.jpg 200w, https:\/\/www.centerarhitekture.org\/ca\/wp-content\/uploads\/2023\/01\/NinaGranda2023-300x300.jpg 300w, https:\/\/www.centerarhitekture.org\/ca\/wp-content\/uploads\/2023\/01\/NinaGranda2023-400x400.jpg 400w, https:\/\/www.centerarhitekture.org\/ca\/wp-content\/uploads\/2023\/01\/NinaGranda2023-500x500.jpg 500w, https:\/\/www.centerarhitekture.org\/ca\/wp-content\/uploads\/2023\/01\/NinaGranda2023.jpg 600w\" sizes=\"(max-width: 600px) 100vw, 600px\" \/><\/div><figcaption class=\"vc_figure-caption\">Foto: Nina Granda<\/figcaption>\n\t\t<\/figure>\n\t<\/div>\n\n\t<div class=\"wpb_text_column wpb_content_element\" >\n\t\t<div class=\"wpb_wrapper\">\n\t\t\t<p><strong>Nina Granda<\/strong>, arhitektka<br \/>\nsoustanoviteljica revije Outsider in njena glavna in odgovorna urednica, Slovenija<\/p>\n\n\t\t<\/div>\n\t<\/div>\n<\/div><\/div><\/div><div class=\"wpb_column vc_column_container vc_col-sm-6\"><div class=\"vc_column-inner\"><div class=\"wpb_wrapper\">\n\t<div  class=\"wpb_single_image wpb_content_element vc_align_left wpb_content_element\">\n\t\t\n\t\t<figure class=\"wpb_wrapper vc_figure\">\n\t\t\t<div class=\"vc_single_image-wrapper   vc_box_border_grey\"><img decoding=\"async\" width=\"600\" height=\"600\" src=\"https:\/\/www.centerarhitekture.org\/ca\/wp-content\/uploads\/2023\/01\/MajaSimoneti_fMatejaJordovicPotocnik.jpg\" class=\"vc_single_image-img attachment-full\" alt=\"\" title=\"MajaSimoneti_fMatejaJordovi\u0107Poto\u010dnik\" srcset=\"https:\/\/www.centerarhitekture.org\/ca\/wp-content\/uploads\/2023\/01\/MajaSimoneti_fMatejaJordovicPotocnik-12x12.jpg 12w, https:\/\/www.centerarhitekture.org\/ca\/wp-content\/uploads\/2023\/01\/MajaSimoneti_fMatejaJordovicPotocnik-66x66.jpg 66w, https:\/\/www.centerarhitekture.org\/ca\/wp-content\/uploads\/2023\/01\/MajaSimoneti_fMatejaJordovicPotocnik-100x100.jpg 100w, https:\/\/www.centerarhitekture.org\/ca\/wp-content\/uploads\/2023\/01\/MajaSimoneti_fMatejaJordovicPotocnik-150x150.jpg 150w, https:\/\/www.centerarhitekture.org\/ca\/wp-content\/uploads\/2023\/01\/MajaSimoneti_fMatejaJordovicPotocnik-200x200.jpg 200w, https:\/\/www.centerarhitekture.org\/ca\/wp-content\/uploads\/2023\/01\/MajaSimoneti_fMatejaJordovicPotocnik-300x300.jpg 300w, https:\/\/www.centerarhitekture.org\/ca\/wp-content\/uploads\/2023\/01\/MajaSimoneti_fMatejaJordovicPotocnik-400x400.jpg 400w, https:\/\/www.centerarhitekture.org\/ca\/wp-content\/uploads\/2023\/01\/MajaSimoneti_fMatejaJordovicPotocnik-500x500.jpg 500w, https:\/\/www.centerarhitekture.org\/ca\/wp-content\/uploads\/2023\/01\/MajaSimoneti_fMatejaJordovicPotocnik.jpg 600w\" sizes=\"(max-width: 600px) 100vw, 600px\" \/><\/div><figcaption class=\"vc_figure-caption\">Foto: Mateja Jordovi\u0107 Poto\u010dnik<\/figcaption>\n\t\t<\/figure>\n\t<\/div>\n\n\t<div class=\"wpb_text_column wpb_content_element\" >\n\t\t<div class=\"wpb_wrapper\">\n\t\t\t<p><strong>dr. Maja Simoneti<\/strong>, krajinska arhitektka in urbanistka<br \/>\nIn\u0161titut za politike prostora, Slovenija<\/p>\n\n\t\t<\/div>\n\t<\/div>\n<\/div><\/div><\/div><\/div><\/div><\/div><\/div><div class=\"wpb_column vc_column_container vc_col-sm-6\"><div class=\"vc_column-inner\"><div class=\"wpb_wrapper\">\n\t<div class=\"wpb_text_column wpb_content_element\" >\n\t\t<div class=\"wpb_wrapper\">\n\t\t\t<p>Strokovna \u017eirija je nagrajence izbrala glede na kriterije kakovosti, edinstvenosti, inovativnosti izbranih predstavljenih projektov ter eseju in njegovem doprinosu k razmisleku o arhitekturi, krajinski arhitekturi in urbanizmu.<\/p>\n\n\t\t<\/div>\n\t<\/div>\n\n\t<div class=\"wpb_text_column wpb_content_element\" >\n\t\t<div class=\"wpb_wrapper\">\n\t\t\t<p>Podeljena je bila ena nagrada ter dve priznanji za celotni prijavljeni \u0161tudijski opus \u0161tudentom arhitekture 4. in 5. letnika enovitega magistrskega \u0161tudijskega programa <strong>Architecture<\/strong> (University of Ljubljana, Faculty of Architecture), 1st and 2nd year students of the Second Cycle study programme in <strong>Urbanism<\/strong> (UL FA), 1. in 2. letnika magistrskega \u0161tudijskega programa arhitektura (UM FGPA) in 1. in 2. letnika magistrskega \u0161tudijskega programa <strong>Landscape Architecture<\/strong>\u00a0(UL BF).<\/p>\n\n\t\t<\/div>\n\t<\/div>\n\n\t<div class=\"wpb_text_column wpb_content_element\" >\n\t\t<div class=\"wpb_wrapper\">\n\t\t\t<p>Ob podelitvi Vurnikove \u0161tudentske nagrade in dveh priznanj, ki vedno poteka na Vurnikov rojstni dan, 1. junija, je v 1. nadstropju Radovlji\u0161ke gra\u0161\u010dine do 30. junija 2022 na ogled tudi razstava vseh prijavljenih del.<\/p>\n\n\t\t<\/div>\n\t<\/div>\n<div class=\"vc_empty_space\"   style=\"height: 20px\"><span class=\"vc_empty_space_inner\"><\/span><\/div><div class=\"vc_btn3-container vc_btn3-inline vc_do_btn\" ><a class=\"vc_general vc_btn3 vc_btn3-size-sm vc_btn3-shape-square vc_btn3-style-flat vc_btn3-color-mulled-wine\" href=\"https:\/\/www.centerarhitekture.org\/ca\/wp-content\/uploads\/2023\/08\/2023_vurnikova-nagrada_katalog_KONCNI_spletna-stran_2.pdf\" title=\"\">KATALOG VURNIKOVA \u0160TUDENTSKA NAGRADA ZA LETO 2023<\/a><\/div><div class=\"vc_btn3-container vc_btn3-inline vc_do_btn\" ><a class=\"vc_general vc_btn3 vc_btn3-size-sm vc_btn3-shape-square vc_btn3-style-flat vc_btn3-color-mulled-wine\" href=\"https:\/\/www.centerarhitekture.org\/ca\/wp-content\/uploads\/2023\/08\/2023_Porocilo_Vurnikove-studentske-nagrade-za-leto-2023_opti.pdf\" title=\"\">KON\u010cNO PORO\u010cILO OCENJEVALNE KOMISIJE<\/a><\/div><\/div><\/div><\/div><\/div><div class=\"vc_row wpb_row vc_row-fluid\"><div class=\"wpb_column vc_column_container vc_col-sm-12\"><div class=\"vc_column-inner\"><div class=\"wpb_wrapper\"><div class=\"vc_empty_space\"   style=\"height: 32px\"><span class=\"vc_empty_space_inner\"><\/span><\/div><\/div><\/div><\/div><\/div>\n<\/div>","protected":false},"excerpt":{"rendered":"VURNIKOVA \u0160TUDENTSKA NAGRADA ZA LETO 2023 Prijava je morala vsebovati osebno mapo z izbranimi projekti ter esej o arhitekturi in\/ali urbanizmu. Prva nagrada je vredna 1500 evrov (neto) in je namenjena \u0161tudijskemu potovanju, dobitnik oziroma dobitnica pa bo na naslednjih Vurnikovih dnevih v za\u010detku prihodnjega junija moral(a) pripraviti tudi predavanje o izku\u0161nji in vplivu na  [...]","protected":false},"author":1,"featured_media":0,"parent":0,"menu_order":0,"comment_status":"closed","ping_status":"closed","template":"","meta":{"iawp_total_views":329,"footnotes":""},"class_list":["post-4917","page","type-page","status-publish","hentry"],"_links":{"self":[{"href":"https:\/\/www.centerarhitekture.org\/en\/wp-json\/wp\/v2\/pages\/4917","targetHints":{"allow":["GET"]}}],"collection":[{"href":"https:\/\/www.centerarhitekture.org\/en\/wp-json\/wp\/v2\/pages"}],"about":[{"href":"https:\/\/www.centerarhitekture.org\/en\/wp-json\/wp\/v2\/types\/page"}],"author":[{"embeddable":true,"href":"https:\/\/www.centerarhitekture.org\/en\/wp-json\/wp\/v2\/users\/1"}],"replies":[{"embeddable":true,"href":"https:\/\/www.centerarhitekture.org\/en\/wp-json\/wp\/v2\/comments?post=4917"}],"version-history":[{"count":15,"href":"https:\/\/www.centerarhitekture.org\/en\/wp-json\/wp\/v2\/pages\/4917\/revisions"}],"predecessor-version":[{"id":5275,"href":"https:\/\/www.centerarhitekture.org\/en\/wp-json\/wp\/v2\/pages\/4917\/revisions\/5275"}],"wp:attachment":[{"href":"https:\/\/www.centerarhitekture.org\/en\/wp-json\/wp\/v2\/media?parent=4917"}],"curies":[{"name":"wp","href":"https:\/\/api.w.org\/{rel}","templated":true}]}}