{"id":4375,"date":"2022-02-21T15:57:11","date_gmt":"2022-02-21T14:57:11","guid":{"rendered":"https:\/\/www.centerarhitekture.org\/?page_id=4375"},"modified":"2022-02-21T16:19:42","modified_gmt":"2022-02-21T15:19:42","slug":"vurnikov-fotografski-natecaj-spletna-razstava-2021","status":"publish","type":"page","link":"https:\/\/www.centerarhitekture.org\/en\/vurnikov-fotografski-natecaj-spletna-razstava-2021\/","title":{"rendered":"Vurnikov fotografski nate\u010daj 2021 &#8211; spletna razstava"},"content":{"rendered":"<div class=\"wpb-content-wrapper\"><div class=\"vc_row wpb_row vc_row-fluid\"><div class=\"wpb_column vc_column_container vc_col-sm-10\"><div class=\"vc_column-inner\"><div class=\"wpb_wrapper\"><div class=\"vc_empty_space\"   style=\"height: 32px\"><span class=\"vc_empty_space_inner\"><\/span><\/div><h2 style=\"color: #981618;text-align: left\" class=\"vc_custom_heading vc_do_custom_heading\" >VURNIKOV FOTOGRAFSKI NATE\u010cAJ 2021<br \/>\nSPLETNA RAZSTAVA<\/h2><div class=\"vc_empty_space\"   style=\"height: 20px\"><span class=\"vc_empty_space_inner\"><\/span><\/div>\n\t<div class=\"wpb_text_column wpb_content_element\" >\n\t\t<div class=\"wpb_wrapper\">\n\t\t\t<div class=\"wpb_text_column wpb_content_element \">\n<div class=\"wpb_wrapper\">\n<p>Center arhitekture Slovenije, Krajevna skupnost Radovljica in Fotografsko dru\u0161tvo Radovljica so vabili k sodelovanju na nate\u010daju za fotografijo detajlov, povezanih z \u017eivljenjem in delom arhitekta Ivana Vurnika in njegove \u017eene, slikarke in oblikovalke, Helene Kottler Vurnik. Na nate\u010daju so lahko sodelovali tako ljubiteljski kot poklicni fotografi, razen \u010dlani \u017eirije, \u010dlani organizacijskega odbora nate\u010daja in njihovi dru\u017einski \u010dlani. Na nate\u010daju je lahko vsakdo sodeloval<strong>\u00a0z najve\u010d tremi (3) fotografijami<\/strong>.<\/p>\n<\/div>\n<\/div>\n\n\t\t<\/div>\n\t<\/div>\n\n\t<div class=\"wpb_text_column wpb_content_element\" >\n\t\t<div class=\"wpb_wrapper\">\n\t\t\t<div class=\"wpb_text_column wpb_content_element \">\n<div class=\"wpb_wrapper\">\n<p>Razglasitev zmagovalcev Vurnikovega fotografskega nate\u010daja 2021 je bila v torek, 1. junija 2021, ob 18.30.<br \/>\nRazstava je bila na ogled od 1. do 30. junija 2021.<\/p>\n<\/div>\n<\/div>\n\n\t\t<\/div>\n\t<\/div>\n<div class=\"vc_empty_space\"   style=\"height: 32px\"><span class=\"vc_empty_space_inner\"><\/span><\/div><div class=\"wpb_images_carousel wpb_content_element vc_clearfix wpb_content_element\"><div class=\"wpb_wrapper\"><div id=\"vc_images-carousel-1-1777137980\" data-ride=\"vc_carousel\" data-wrap=\"false\" style=\"width: 100%;\" data-interval=\"5000\" data-auto-height=\"yes\" data-mode=\"horizontal\" data-partial=\"false\" data-per-view=\"1\" data-hide-on-end=\"false\" class=\"vc_slide vc_images_carousel\"><ol class=\"vc_carousel-indicators\"><li data-target=\"#vc_images-carousel-1-1777137980\" data-slide-to=\"0\"><\/li><li data-target=\"#vc_images-carousel-1-1777137980\" data-slide-to=\"1\"><\/li><li data-target=\"#vc_images-carousel-1-1777137980\" data-slide-to=\"2\"><\/li><li data-target=\"#vc_images-carousel-1-1777137980\" data-slide-to=\"3\"><\/li><li data-target=\"#vc_images-carousel-1-1777137980\" data-slide-to=\"4\"><\/li><li data-target=\"#vc_images-carousel-1-1777137980\" data-slide-to=\"5\"><\/li><li data-target=\"#vc_images-carousel-1-1777137980\" data-slide-to=\"6\"><\/li><li data-target=\"#vc_images-carousel-1-1777137980\" data-slide-to=\"7\"><\/li><li data-target=\"#vc_images-carousel-1-1777137980\" data-slide-to=\"8\"><\/li><\/ol><div class=\"vc_carousel-inner\"><div class=\"vc_carousel-slideline\"><div class=\"vc_carousel-slideline-inner\"><div class=\"vc_item\"><div class=\"vc_inner\"><a class=\"\" href=\"https:\/\/www.centerarhitekture.org\/ca\/wp-content\/uploads\/2022\/02\/2021_vurnikovi-dnevi_foto-natecaj_razstavisce-724x1024.jpg\" data-lightbox=\"lightbox[rel-4375-303336389]\"><img decoding=\"async\" width=\"842\" height=\"1191\" src=\"https:\/\/www.centerarhitekture.org\/ca\/wp-content\/uploads\/2022\/02\/2021_vurnikovi-dnevi_foto-natecaj_razstavisce.jpg\" class=\"attachment-full\" alt=\"\" title=\"2021_vurnikovi dnevi_foto natecaj_razstavisce\" srcset=\"https:\/\/www.centerarhitekture.org\/ca\/wp-content\/uploads\/2022\/02\/2021_vurnikovi-dnevi_foto-natecaj_razstavisce-8x12.jpg 8w, https:\/\/www.centerarhitekture.org\/ca\/wp-content\/uploads\/2022\/02\/2021_vurnikovi-dnevi_foto-natecaj_razstavisce-200x283.jpg 200w, https:\/\/www.centerarhitekture.org\/ca\/wp-content\/uploads\/2022\/02\/2021_vurnikovi-dnevi_foto-natecaj_razstavisce-212x300.jpg 212w, https:\/\/www.centerarhitekture.org\/ca\/wp-content\/uploads\/2022\/02\/2021_vurnikovi-dnevi_foto-natecaj_razstavisce-400x566.jpg 400w, https:\/\/www.centerarhitekture.org\/ca\/wp-content\/uploads\/2022\/02\/2021_vurnikovi-dnevi_foto-natecaj_razstavisce-500x707.jpg 500w, https:\/\/www.centerarhitekture.org\/ca\/wp-content\/uploads\/2022\/02\/2021_vurnikovi-dnevi_foto-natecaj_razstavisce-600x849.jpg 600w, https:\/\/www.centerarhitekture.org\/ca\/wp-content\/uploads\/2022\/02\/2021_vurnikovi-dnevi_foto-natecaj_razstavisce-700x990.jpg 700w, https:\/\/www.centerarhitekture.org\/ca\/wp-content\/uploads\/2022\/02\/2021_vurnikovi-dnevi_foto-natecaj_razstavisce-724x1024.jpg 724w, https:\/\/www.centerarhitekture.org\/ca\/wp-content\/uploads\/2022\/02\/2021_vurnikovi-dnevi_foto-natecaj_razstavisce-768x1086.jpg 768w, https:\/\/www.centerarhitekture.org\/ca\/wp-content\/uploads\/2022\/02\/2021_vurnikovi-dnevi_foto-natecaj_razstavisce-800x1132.jpg 800w, https:\/\/www.centerarhitekture.org\/ca\/wp-content\/uploads\/2022\/02\/2021_vurnikovi-dnevi_foto-natecaj_razstavisce.jpg 842w\" sizes=\"(max-width: 842px) 100vw, 842px\" \/><\/a><\/div><\/div><div class=\"vc_item\"><div class=\"vc_inner\"><a class=\"\" href=\"https:\/\/www.centerarhitekture.org\/ca\/wp-content\/uploads\/2022\/02\/2021_vurnikovi-dnevi_foto-natecaj_razstavisce2-724x1024.jpg\" data-lightbox=\"lightbox[rel-4375-303336389]\"><img decoding=\"async\" width=\"842\" height=\"1191\" src=\"https:\/\/www.centerarhitekture.org\/ca\/wp-content\/uploads\/2022\/02\/2021_vurnikovi-dnevi_foto-natecaj_razstavisce2.jpg\" class=\"attachment-full\" alt=\"\" title=\"2021_vurnikovi dnevi_foto natecaj_razstavisce2\" srcset=\"https:\/\/www.centerarhitekture.org\/ca\/wp-content\/uploads\/2022\/02\/2021_vurnikovi-dnevi_foto-natecaj_razstavisce2-8x12.jpg 8w, https:\/\/www.centerarhitekture.org\/ca\/wp-content\/uploads\/2022\/02\/2021_vurnikovi-dnevi_foto-natecaj_razstavisce2-200x283.jpg 200w, https:\/\/www.centerarhitekture.org\/ca\/wp-content\/uploads\/2022\/02\/2021_vurnikovi-dnevi_foto-natecaj_razstavisce2-212x300.jpg 212w, https:\/\/www.centerarhitekture.org\/ca\/wp-content\/uploads\/2022\/02\/2021_vurnikovi-dnevi_foto-natecaj_razstavisce2-400x566.jpg 400w, https:\/\/www.centerarhitekture.org\/ca\/wp-content\/uploads\/2022\/02\/2021_vurnikovi-dnevi_foto-natecaj_razstavisce2-500x707.jpg 500w, https:\/\/www.centerarhitekture.org\/ca\/wp-content\/uploads\/2022\/02\/2021_vurnikovi-dnevi_foto-natecaj_razstavisce2-600x849.jpg 600w, https:\/\/www.centerarhitekture.org\/ca\/wp-content\/uploads\/2022\/02\/2021_vurnikovi-dnevi_foto-natecaj_razstavisce2-700x990.jpg 700w, https:\/\/www.centerarhitekture.org\/ca\/wp-content\/uploads\/2022\/02\/2021_vurnikovi-dnevi_foto-natecaj_razstavisce2-724x1024.jpg 724w, https:\/\/www.centerarhitekture.org\/ca\/wp-content\/uploads\/2022\/02\/2021_vurnikovi-dnevi_foto-natecaj_razstavisce2-768x1086.jpg 768w, https:\/\/www.centerarhitekture.org\/ca\/wp-content\/uploads\/2022\/02\/2021_vurnikovi-dnevi_foto-natecaj_razstavisce2-800x1132.jpg 800w, https:\/\/www.centerarhitekture.org\/ca\/wp-content\/uploads\/2022\/02\/2021_vurnikovi-dnevi_foto-natecaj_razstavisce2.jpg 842w\" sizes=\"(max-width: 842px) 100vw, 842px\" \/><\/a><\/div><\/div><div class=\"vc_item\"><div class=\"vc_inner\"><a class=\"\" href=\"https:\/\/www.centerarhitekture.org\/ca\/wp-content\/uploads\/2022\/02\/2021_vurnikovi-dnevi_foto-natecaj_razstavisce3-724x1024.jpg\" data-lightbox=\"lightbox[rel-4375-303336389]\"><img decoding=\"async\" width=\"842\" height=\"1191\" src=\"https:\/\/www.centerarhitekture.org\/ca\/wp-content\/uploads\/2022\/02\/2021_vurnikovi-dnevi_foto-natecaj_razstavisce3.jpg\" class=\"attachment-full\" alt=\"\" title=\"2021_vurnikovi dnevi_foto natecaj_razstavisce3\" srcset=\"https:\/\/www.centerarhitekture.org\/ca\/wp-content\/uploads\/2022\/02\/2021_vurnikovi-dnevi_foto-natecaj_razstavisce3-8x12.jpg 8w, https:\/\/www.centerarhitekture.org\/ca\/wp-content\/uploads\/2022\/02\/2021_vurnikovi-dnevi_foto-natecaj_razstavisce3-200x283.jpg 200w, https:\/\/www.centerarhitekture.org\/ca\/wp-content\/uploads\/2022\/02\/2021_vurnikovi-dnevi_foto-natecaj_razstavisce3-212x300.jpg 212w, https:\/\/www.centerarhitekture.org\/ca\/wp-content\/uploads\/2022\/02\/2021_vurnikovi-dnevi_foto-natecaj_razstavisce3-400x566.jpg 400w, https:\/\/www.centerarhitekture.org\/ca\/wp-content\/uploads\/2022\/02\/2021_vurnikovi-dnevi_foto-natecaj_razstavisce3-500x707.jpg 500w, https:\/\/www.centerarhitekture.org\/ca\/wp-content\/uploads\/2022\/02\/2021_vurnikovi-dnevi_foto-natecaj_razstavisce3-600x849.jpg 600w, https:\/\/www.centerarhitekture.org\/ca\/wp-content\/uploads\/2022\/02\/2021_vurnikovi-dnevi_foto-natecaj_razstavisce3-700x990.jpg 700w, https:\/\/www.centerarhitekture.org\/ca\/wp-content\/uploads\/2022\/02\/2021_vurnikovi-dnevi_foto-natecaj_razstavisce3-724x1024.jpg 724w, https:\/\/www.centerarhitekture.org\/ca\/wp-content\/uploads\/2022\/02\/2021_vurnikovi-dnevi_foto-natecaj_razstavisce3-768x1086.jpg 768w, https:\/\/www.centerarhitekture.org\/ca\/wp-content\/uploads\/2022\/02\/2021_vurnikovi-dnevi_foto-natecaj_razstavisce3-800x1132.jpg 800w, https:\/\/www.centerarhitekture.org\/ca\/wp-content\/uploads\/2022\/02\/2021_vurnikovi-dnevi_foto-natecaj_razstavisce3.jpg 842w\" sizes=\"(max-width: 842px) 100vw, 842px\" \/><\/a><\/div><\/div><div class=\"vc_item\"><div class=\"vc_inner\"><a class=\"\" href=\"https:\/\/www.centerarhitekture.org\/ca\/wp-content\/uploads\/2022\/02\/2021_vurnikovi-dnevi_foto-natecaj_razstavisce4-724x1024.jpg\" data-lightbox=\"lightbox[rel-4375-303336389]\"><img decoding=\"async\" width=\"842\" height=\"1191\" src=\"https:\/\/www.centerarhitekture.org\/ca\/wp-content\/uploads\/2022\/02\/2021_vurnikovi-dnevi_foto-natecaj_razstavisce4.jpg\" class=\"attachment-full\" alt=\"\" title=\"2021_vurnikovi dnevi_foto natecaj_razstavisce4\" srcset=\"https:\/\/www.centerarhitekture.org\/ca\/wp-content\/uploads\/2022\/02\/2021_vurnikovi-dnevi_foto-natecaj_razstavisce4-8x12.jpg 8w, https:\/\/www.centerarhitekture.org\/ca\/wp-content\/uploads\/2022\/02\/2021_vurnikovi-dnevi_foto-natecaj_razstavisce4-200x283.jpg 200w, https:\/\/www.centerarhitekture.org\/ca\/wp-content\/uploads\/2022\/02\/2021_vurnikovi-dnevi_foto-natecaj_razstavisce4-212x300.jpg 212w, https:\/\/www.centerarhitekture.org\/ca\/wp-content\/uploads\/2022\/02\/2021_vurnikovi-dnevi_foto-natecaj_razstavisce4-400x566.jpg 400w, https:\/\/www.centerarhitekture.org\/ca\/wp-content\/uploads\/2022\/02\/2021_vurnikovi-dnevi_foto-natecaj_razstavisce4-500x707.jpg 500w, https:\/\/www.centerarhitekture.org\/ca\/wp-content\/uploads\/2022\/02\/2021_vurnikovi-dnevi_foto-natecaj_razstavisce4-600x849.jpg 600w, https:\/\/www.centerarhitekture.org\/ca\/wp-content\/uploads\/2022\/02\/2021_vurnikovi-dnevi_foto-natecaj_razstavisce4-700x990.jpg 700w, https:\/\/www.centerarhitekture.org\/ca\/wp-content\/uploads\/2022\/02\/2021_vurnikovi-dnevi_foto-natecaj_razstavisce4-724x1024.jpg 724w, https:\/\/www.centerarhitekture.org\/ca\/wp-content\/uploads\/2022\/02\/2021_vurnikovi-dnevi_foto-natecaj_razstavisce4-768x1086.jpg 768w, https:\/\/www.centerarhitekture.org\/ca\/wp-content\/uploads\/2022\/02\/2021_vurnikovi-dnevi_foto-natecaj_razstavisce4-800x1132.jpg 800w, https:\/\/www.centerarhitekture.org\/ca\/wp-content\/uploads\/2022\/02\/2021_vurnikovi-dnevi_foto-natecaj_razstavisce4.jpg 842w\" sizes=\"(max-width: 842px) 100vw, 842px\" \/><\/a><\/div><\/div><div class=\"vc_item\"><div class=\"vc_inner\"><a class=\"\" href=\"https:\/\/www.centerarhitekture.org\/ca\/wp-content\/uploads\/2022\/02\/2021_vurnikovi-dnevi_foto-natecaj_razstavisce5-724x1024.jpg\" data-lightbox=\"lightbox[rel-4375-303336389]\"><img decoding=\"async\" width=\"842\" height=\"1191\" src=\"https:\/\/www.centerarhitekture.org\/ca\/wp-content\/uploads\/2022\/02\/2021_vurnikovi-dnevi_foto-natecaj_razstavisce5.jpg\" class=\"attachment-full\" alt=\"\" title=\"2021_vurnikovi dnevi_foto natecaj_razstavisce5\" srcset=\"https:\/\/www.centerarhitekture.org\/ca\/wp-content\/uploads\/2022\/02\/2021_vurnikovi-dnevi_foto-natecaj_razstavisce5-8x12.jpg 8w, https:\/\/www.centerarhitekture.org\/ca\/wp-content\/uploads\/2022\/02\/2021_vurnikovi-dnevi_foto-natecaj_razstavisce5-200x283.jpg 200w, https:\/\/www.centerarhitekture.org\/ca\/wp-content\/uploads\/2022\/02\/2021_vurnikovi-dnevi_foto-natecaj_razstavisce5-212x300.jpg 212w, https:\/\/www.centerarhitekture.org\/ca\/wp-content\/uploads\/2022\/02\/2021_vurnikovi-dnevi_foto-natecaj_razstavisce5-400x566.jpg 400w, https:\/\/www.centerarhitekture.org\/ca\/wp-content\/uploads\/2022\/02\/2021_vurnikovi-dnevi_foto-natecaj_razstavisce5-500x707.jpg 500w, https:\/\/www.centerarhitekture.org\/ca\/wp-content\/uploads\/2022\/02\/2021_vurnikovi-dnevi_foto-natecaj_razstavisce5-600x849.jpg 600w, https:\/\/www.centerarhitekture.org\/ca\/wp-content\/uploads\/2022\/02\/2021_vurnikovi-dnevi_foto-natecaj_razstavisce5-700x990.jpg 700w, https:\/\/www.centerarhitekture.org\/ca\/wp-content\/uploads\/2022\/02\/2021_vurnikovi-dnevi_foto-natecaj_razstavisce5-724x1024.jpg 724w, https:\/\/www.centerarhitekture.org\/ca\/wp-content\/uploads\/2022\/02\/2021_vurnikovi-dnevi_foto-natecaj_razstavisce5-768x1086.jpg 768w, https:\/\/www.centerarhitekture.org\/ca\/wp-content\/uploads\/2022\/02\/2021_vurnikovi-dnevi_foto-natecaj_razstavisce5-800x1132.jpg 800w, https:\/\/www.centerarhitekture.org\/ca\/wp-content\/uploads\/2022\/02\/2021_vurnikovi-dnevi_foto-natecaj_razstavisce5.jpg 842w\" sizes=\"(max-width: 842px) 100vw, 842px\" \/><\/a><\/div><\/div><div class=\"vc_item\"><div class=\"vc_inner\"><a class=\"\" href=\"https:\/\/www.centerarhitekture.org\/ca\/wp-content\/uploads\/2022\/02\/2021_vurnikovi-dnevi_foto-natecaj_razstavisce6-724x1024.jpg\" data-lightbox=\"lightbox[rel-4375-303336389]\"><img decoding=\"async\" width=\"842\" height=\"1191\" src=\"https:\/\/www.centerarhitekture.org\/ca\/wp-content\/uploads\/2022\/02\/2021_vurnikovi-dnevi_foto-natecaj_razstavisce6.jpg\" class=\"attachment-full\" alt=\"\" title=\"2021_vurnikovi dnevi_foto natecaj_razstavisce6\" srcset=\"https:\/\/www.centerarhitekture.org\/ca\/wp-content\/uploads\/2022\/02\/2021_vurnikovi-dnevi_foto-natecaj_razstavisce6-8x12.jpg 8w, https:\/\/www.centerarhitekture.org\/ca\/wp-content\/uploads\/2022\/02\/2021_vurnikovi-dnevi_foto-natecaj_razstavisce6-200x283.jpg 200w, https:\/\/www.centerarhitekture.org\/ca\/wp-content\/uploads\/2022\/02\/2021_vurnikovi-dnevi_foto-natecaj_razstavisce6-212x300.jpg 212w, https:\/\/www.centerarhitekture.org\/ca\/wp-content\/uploads\/2022\/02\/2021_vurnikovi-dnevi_foto-natecaj_razstavisce6-400x566.jpg 400w, https:\/\/www.centerarhitekture.org\/ca\/wp-content\/uploads\/2022\/02\/2021_vurnikovi-dnevi_foto-natecaj_razstavisce6-500x707.jpg 500w, https:\/\/www.centerarhitekture.org\/ca\/wp-content\/uploads\/2022\/02\/2021_vurnikovi-dnevi_foto-natecaj_razstavisce6-600x849.jpg 600w, https:\/\/www.centerarhitekture.org\/ca\/wp-content\/uploads\/2022\/02\/2021_vurnikovi-dnevi_foto-natecaj_razstavisce6-700x990.jpg 700w, https:\/\/www.centerarhitekture.org\/ca\/wp-content\/uploads\/2022\/02\/2021_vurnikovi-dnevi_foto-natecaj_razstavisce6-724x1024.jpg 724w, https:\/\/www.centerarhitekture.org\/ca\/wp-content\/uploads\/2022\/02\/2021_vurnikovi-dnevi_foto-natecaj_razstavisce6-768x1086.jpg 768w, https:\/\/www.centerarhitekture.org\/ca\/wp-content\/uploads\/2022\/02\/2021_vurnikovi-dnevi_foto-natecaj_razstavisce6-800x1132.jpg 800w, https:\/\/www.centerarhitekture.org\/ca\/wp-content\/uploads\/2022\/02\/2021_vurnikovi-dnevi_foto-natecaj_razstavisce6.jpg 842w\" sizes=\"(max-width: 842px) 100vw, 842px\" \/><\/a><\/div><\/div><div class=\"vc_item\"><div class=\"vc_inner\"><a class=\"\" href=\"https:\/\/www.centerarhitekture.org\/ca\/wp-content\/uploads\/2022\/02\/2021_vurnikovi-dnevi_foto-natecaj_razstavisce7-724x1024.jpg\" data-lightbox=\"lightbox[rel-4375-303336389]\"><img decoding=\"async\" width=\"842\" height=\"1191\" src=\"https:\/\/www.centerarhitekture.org\/ca\/wp-content\/uploads\/2022\/02\/2021_vurnikovi-dnevi_foto-natecaj_razstavisce7.jpg\" class=\"attachment-full\" alt=\"\" title=\"2021_vurnikovi dnevi_foto natecaj_razstavisce7\" srcset=\"https:\/\/www.centerarhitekture.org\/ca\/wp-content\/uploads\/2022\/02\/2021_vurnikovi-dnevi_foto-natecaj_razstavisce7-8x12.jpg 8w, https:\/\/www.centerarhitekture.org\/ca\/wp-content\/uploads\/2022\/02\/2021_vurnikovi-dnevi_foto-natecaj_razstavisce7-200x283.jpg 200w, https:\/\/www.centerarhitekture.org\/ca\/wp-content\/uploads\/2022\/02\/2021_vurnikovi-dnevi_foto-natecaj_razstavisce7-212x300.jpg 212w, https:\/\/www.centerarhitekture.org\/ca\/wp-content\/uploads\/2022\/02\/2021_vurnikovi-dnevi_foto-natecaj_razstavisce7-400x566.jpg 400w, https:\/\/www.centerarhitekture.org\/ca\/wp-content\/uploads\/2022\/02\/2021_vurnikovi-dnevi_foto-natecaj_razstavisce7-500x707.jpg 500w, https:\/\/www.centerarhitekture.org\/ca\/wp-content\/uploads\/2022\/02\/2021_vurnikovi-dnevi_foto-natecaj_razstavisce7-600x849.jpg 600w, https:\/\/www.centerarhitekture.org\/ca\/wp-content\/uploads\/2022\/02\/2021_vurnikovi-dnevi_foto-natecaj_razstavisce7-700x990.jpg 700w, https:\/\/www.centerarhitekture.org\/ca\/wp-content\/uploads\/2022\/02\/2021_vurnikovi-dnevi_foto-natecaj_razstavisce7-724x1024.jpg 724w, https:\/\/www.centerarhitekture.org\/ca\/wp-content\/uploads\/2022\/02\/2021_vurnikovi-dnevi_foto-natecaj_razstavisce7-768x1086.jpg 768w, https:\/\/www.centerarhitekture.org\/ca\/wp-content\/uploads\/2022\/02\/2021_vurnikovi-dnevi_foto-natecaj_razstavisce7-800x1132.jpg 800w, https:\/\/www.centerarhitekture.org\/ca\/wp-content\/uploads\/2022\/02\/2021_vurnikovi-dnevi_foto-natecaj_razstavisce7.jpg 842w\" sizes=\"(max-width: 842px) 100vw, 842px\" \/><\/a><\/div><\/div><div class=\"vc_item\"><div class=\"vc_inner\"><a class=\"\" href=\"https:\/\/www.centerarhitekture.org\/ca\/wp-content\/uploads\/2022\/02\/2021_vurnikovi-dnevi_foto-natecaj_razstavisce8-724x1024.jpg\" data-lightbox=\"lightbox[rel-4375-303336389]\"><img decoding=\"async\" width=\"842\" height=\"1191\" src=\"https:\/\/www.centerarhitekture.org\/ca\/wp-content\/uploads\/2022\/02\/2021_vurnikovi-dnevi_foto-natecaj_razstavisce8.jpg\" class=\"attachment-full\" alt=\"\" title=\"2021_vurnikovi dnevi_foto natecaj_razstavisce8\" srcset=\"https:\/\/www.centerarhitekture.org\/ca\/wp-content\/uploads\/2022\/02\/2021_vurnikovi-dnevi_foto-natecaj_razstavisce8-8x12.jpg 8w, https:\/\/www.centerarhitekture.org\/ca\/wp-content\/uploads\/2022\/02\/2021_vurnikovi-dnevi_foto-natecaj_razstavisce8-200x283.jpg 200w, https:\/\/www.centerarhitekture.org\/ca\/wp-content\/uploads\/2022\/02\/2021_vurnikovi-dnevi_foto-natecaj_razstavisce8-212x300.jpg 212w, https:\/\/www.centerarhitekture.org\/ca\/wp-content\/uploads\/2022\/02\/2021_vurnikovi-dnevi_foto-natecaj_razstavisce8-400x566.jpg 400w, https:\/\/www.centerarhitekture.org\/ca\/wp-content\/uploads\/2022\/02\/2021_vurnikovi-dnevi_foto-natecaj_razstavisce8-500x707.jpg 500w, https:\/\/www.centerarhitekture.org\/ca\/wp-content\/uploads\/2022\/02\/2021_vurnikovi-dnevi_foto-natecaj_razstavisce8-600x849.jpg 600w, https:\/\/www.centerarhitekture.org\/ca\/wp-content\/uploads\/2022\/02\/2021_vurnikovi-dnevi_foto-natecaj_razstavisce8-700x990.jpg 700w, https:\/\/www.centerarhitekture.org\/ca\/wp-content\/uploads\/2022\/02\/2021_vurnikovi-dnevi_foto-natecaj_razstavisce8-724x1024.jpg 724w, https:\/\/www.centerarhitekture.org\/ca\/wp-content\/uploads\/2022\/02\/2021_vurnikovi-dnevi_foto-natecaj_razstavisce8-768x1086.jpg 768w, https:\/\/www.centerarhitekture.org\/ca\/wp-content\/uploads\/2022\/02\/2021_vurnikovi-dnevi_foto-natecaj_razstavisce8-800x1132.jpg 800w, https:\/\/www.centerarhitekture.org\/ca\/wp-content\/uploads\/2022\/02\/2021_vurnikovi-dnevi_foto-natecaj_razstavisce8.jpg 842w\" sizes=\"(max-width: 842px) 100vw, 842px\" \/><\/a><\/div><\/div><div class=\"vc_item\"><div class=\"vc_inner\"><a class=\"\" href=\"https:\/\/www.centerarhitekture.org\/ca\/wp-content\/uploads\/2022\/02\/2021_vurnikovi-dnevi_foto-natecaj_razstavisce9-724x1024.jpg\" data-lightbox=\"lightbox[rel-4375-303336389]\"><img decoding=\"async\" width=\"842\" height=\"1191\" src=\"https:\/\/www.centerarhitekture.org\/ca\/wp-content\/uploads\/2022\/02\/2021_vurnikovi-dnevi_foto-natecaj_razstavisce9.jpg\" class=\"attachment-full\" alt=\"\" title=\"2021_vurnikovi dnevi_foto natecaj_razstavisce9\" srcset=\"https:\/\/www.centerarhitekture.org\/ca\/wp-content\/uploads\/2022\/02\/2021_vurnikovi-dnevi_foto-natecaj_razstavisce9-8x12.jpg 8w, https:\/\/www.centerarhitekture.org\/ca\/wp-content\/uploads\/2022\/02\/2021_vurnikovi-dnevi_foto-natecaj_razstavisce9-200x283.jpg 200w, https:\/\/www.centerarhitekture.org\/ca\/wp-content\/uploads\/2022\/02\/2021_vurnikovi-dnevi_foto-natecaj_razstavisce9-212x300.jpg 212w, https:\/\/www.centerarhitekture.org\/ca\/wp-content\/uploads\/2022\/02\/2021_vurnikovi-dnevi_foto-natecaj_razstavisce9-400x566.jpg 400w, https:\/\/www.centerarhitekture.org\/ca\/wp-content\/uploads\/2022\/02\/2021_vurnikovi-dnevi_foto-natecaj_razstavisce9-500x707.jpg 500w, https:\/\/www.centerarhitekture.org\/ca\/wp-content\/uploads\/2022\/02\/2021_vurnikovi-dnevi_foto-natecaj_razstavisce9-600x849.jpg 600w, https:\/\/www.centerarhitekture.org\/ca\/wp-content\/uploads\/2022\/02\/2021_vurnikovi-dnevi_foto-natecaj_razstavisce9-700x990.jpg 700w, https:\/\/www.centerarhitekture.org\/ca\/wp-content\/uploads\/2022\/02\/2021_vurnikovi-dnevi_foto-natecaj_razstavisce9-724x1024.jpg 724w, https:\/\/www.centerarhitekture.org\/ca\/wp-content\/uploads\/2022\/02\/2021_vurnikovi-dnevi_foto-natecaj_razstavisce9-768x1086.jpg 768w, https:\/\/www.centerarhitekture.org\/ca\/wp-content\/uploads\/2022\/02\/2021_vurnikovi-dnevi_foto-natecaj_razstavisce9-800x1132.jpg 800w, https:\/\/www.centerarhitekture.org\/ca\/wp-content\/uploads\/2022\/02\/2021_vurnikovi-dnevi_foto-natecaj_razstavisce9.jpg 842w\" sizes=\"(max-width: 842px) 100vw, 842px\" \/><\/a><\/div><\/div><\/div><\/div><\/div><a class=\"vc_left vc_carousel-control\" href=\"#vc_images-carousel-1-1777137980\" data-slide=\"prev\"><span class=\"icon-prev\"><\/span><\/a><a class=\"vc_right vc_carousel-control\" href=\"#vc_images-carousel-1-1777137980\" data-slide=\"next\"><span class=\"icon-next\"><\/span><\/a><\/div><\/div><\/div><div class=\"vc_empty_space\"   style=\"height: 32px\"><span class=\"vc_empty_space_inner\"><\/span><\/div><\/div><\/div><\/div><div class=\"wpb_column vc_column_container vc_col-sm-2\"><div class=\"vc_column-inner\"><div class=\"wpb_wrapper\"><\/div><\/div><\/div><\/div>\n<\/div>","protected":false},"excerpt":{"rendered":"VURNIKOV FOTOGRAFSKI NATE\u010cAJ 2021 SPLETNA RAZSTAVA Center arhitekture Slovenije, Krajevna skupnost Radovljica in Fotografsko dru\u0161tvo Radovljica so vabili k sodelovanju na nate\u010daju za fotografijo detajlov, povezanih z \u017eivljenjem in delom arhitekta Ivana Vurnika in njegove \u017eene, slikarke in oblikovalke, Helene Kottler Vurnik. Na nate\u010daju so lahko sodelovali tako ljubiteljski kot poklicni fotografi, razen \u010dlani \u017eirije,  [...]","protected":false},"author":2,"featured_media":0,"parent":0,"menu_order":0,"comment_status":"closed","ping_status":"closed","template":"","meta":{"iawp_total_views":6,"footnotes":""},"class_list":["post-4375","page","type-page","status-publish","hentry"],"_links":{"self":[{"href":"https:\/\/www.centerarhitekture.org\/en\/wp-json\/wp\/v2\/pages\/4375","targetHints":{"allow":["GET"]}}],"collection":[{"href":"https:\/\/www.centerarhitekture.org\/en\/wp-json\/wp\/v2\/pages"}],"about":[{"href":"https:\/\/www.centerarhitekture.org\/en\/wp-json\/wp\/v2\/types\/page"}],"author":[{"embeddable":true,"href":"https:\/\/www.centerarhitekture.org\/en\/wp-json\/wp\/v2\/users\/2"}],"replies":[{"embeddable":true,"href":"https:\/\/www.centerarhitekture.org\/en\/wp-json\/wp\/v2\/comments?post=4375"}],"version-history":[{"count":4,"href":"https:\/\/www.centerarhitekture.org\/en\/wp-json\/wp\/v2\/pages\/4375\/revisions"}],"predecessor-version":[{"id":4393,"href":"https:\/\/www.centerarhitekture.org\/en\/wp-json\/wp\/v2\/pages\/4375\/revisions\/4393"}],"wp:attachment":[{"href":"https:\/\/www.centerarhitekture.org\/en\/wp-json\/wp\/v2\/media?parent=4375"}],"curies":[{"name":"wp","href":"https:\/\/api.w.org\/{rel}","templated":true}]}}