{"id":4285,"date":"2022-01-11T11:34:47","date_gmt":"2022-01-11T10:34:47","guid":{"rendered":"https:\/\/www.centerarhitekture.org\/?page_id=4285"},"modified":"2022-02-21T15:57:51","modified_gmt":"2022-02-21T14:57:51","slug":"vurnikov-fotografski-natecaj-2021","status":"publish","type":"page","link":"https:\/\/www.centerarhitekture.org\/en\/vurnikov-fotografski-natecaj-2021\/","title":{"rendered":"Vurnikov fotografski nate\u010daj 2021"},"content":{"rendered":"<div class=\"wpb-content-wrapper\"><div class=\"vc_row wpb_row vc_row-fluid\"><div class=\"wpb_column vc_column_container vc_col-sm-12\"><div class=\"vc_column-inner\"><div class=\"wpb_wrapper\"><div class=\"vc_empty_space\"   style=\"height: 32px\"><span class=\"vc_empty_space_inner\"><\/span><\/div><\/div><\/div><\/div><\/div><div class=\"vc_row wpb_row vc_row-fluid\"><div class=\"wpb_column vc_column_container vc_col-sm-12\"><div class=\"vc_column-inner\"><div class=\"wpb_wrapper\"><h2 style=\"color: #981618;text-align: left\" class=\"vc_custom_heading vc_do_custom_heading\" >VURNIKOV FOTOGRAFSKI NATE\u010cAJ 2021<\/h2><h3 style=\"color: #981618;text-align: left\" class=\"vc_custom_heading vc_do_custom_heading\" >NARAVA V DELIH ZAKONCEV VURNIK<\/h3><\/div><\/div><\/div><\/div><div class=\"vc_row wpb_row vc_row-fluid\"><div class=\"wpb_column vc_column_container vc_col-sm-8\"><div class=\"vc_column-inner\"><div class=\"wpb_wrapper\"><div class=\"vc_empty_space\"   style=\"height: 16px\"><span class=\"vc_empty_space_inner\"><\/span><\/div><h3 style=\"text-align: left\" class=\"vc_custom_heading vc_do_custom_heading\" >VSEM, KI IMATE RADI DOBRO FOTOGRAFIJO!<\/h3><div class=\"vc_empty_space\"   style=\"height: 20px\"><span class=\"vc_empty_space_inner\"><\/span><\/div>\n\t<div class=\"wpb_text_column wpb_content_element\" >\n\t\t<div class=\"wpb_wrapper\">\n\t\t\t<p><strong>Center arhitekture Slovenije<\/strong>, <strong>Krajevna skupnost Radovljica<\/strong> and <strong>Fotografsko dru\u0161tvo Radovljica<\/strong> so tudi v letu 2021 vabili k sodelovanju na tematskem nate\u010daju za fotografije, povezane z \u017eivljenjem in delom arhitekta Ivana Vurnika in njegove \u017eene, slikarke in oblikovalke, Helene Kottler Vurnik.<\/p>\n<p>Na nate\u010daju so lahko sodelovali tako ljubiteljski kot poklicni fotografi vseh starosti, razen \u010dlani \u017eirije, \u010dlani organizacijskega odbora nate\u010daja in njihovi dru\u017einski \u010dlani. Na nate\u010daju je lahko vsakdo sodeloval z najve\u010d tremi (3) fotografijami.<\/p>\n\n\t\t<\/div>\n\t<\/div>\n\n\t<div class=\"wpb_text_column wpb_content_element\" >\n\t\t<div class=\"wpb_wrapper\">\n\t\t\t<p>Razglasitev zmagovalcev Vurnikovega fotografskega nate\u010daja 2021 je bila v torek, 1. junija 2021, ob 18.30.<br \/>\nRazstava je bila na ogled od 1. do 30. junija 2021.<\/p>\n\n\t\t<\/div>\n\t<\/div>\n<\/div><\/div><\/div><div class=\"wpb_column vc_column_container vc_col-sm-4\"><div class=\"vc_column-inner\"><div class=\"wpb_wrapper\"><div class=\"vc_empty_space\"   style=\"height: 16px\"><span class=\"vc_empty_space_inner\"><\/span><\/div><h3 style=\"color: #981618;text-align: left\" class=\"vc_custom_heading vc_do_custom_heading\" >RAZGLASITEV ZMAGOVALCEV IN SPLETNA RAZSTAVA PRISPELIH FOTOGRAFIJ<\/h3>\n\t<div class=\"wpb_text_column wpb_content_element\" >\n\t\t<div class=\"wpb_wrapper\">\n\t\t\t<p><strong>IZPOSTAVLJENI PREDLOGI V KATEGORIJI ODRASLI: <\/strong><br \/>\n_Damjan Markovec<br \/>\n_Ana Skobe<br \/>\n_Janez Resman<\/p>\n<p><strong>NAGRAJENKA V KATEGORIJI SREDNJE\u0160OLCI: <\/strong><br \/>\n_Pika Polona Horvat<\/p>\n\n\t\t<\/div>\n\t<\/div>\n<\/div><\/div><\/div><\/div><div class=\"vc_row wpb_row vc_row-fluid\"><div class=\"wpb_column vc_column_container vc_col-sm-12\"><div class=\"vc_column-inner\"><div class=\"wpb_wrapper\"><div class=\"vc_empty_space\"   style=\"height: 16px\"><span class=\"vc_empty_space_inner\"><\/span><\/div><div class=\"vc_separator wpb_content_element vc_separator_align_center vc_sep_width_100 vc_sep_pos_align_center vc_separator_no_text vc_sep_color_grey wpb_content_element  wpb_content_element\" ><span class=\"vc_sep_holder vc_sep_holder_l\"><span class=\"vc_sep_line\"><\/span><\/span><span class=\"vc_sep_holder vc_sep_holder_r\"><span class=\"vc_sep_line\"><\/span><\/span>\n<\/div><div class=\"vc_empty_space\"   style=\"height: 16px\"><span class=\"vc_empty_space_inner\"><\/span><\/div><\/div><\/div><\/div><\/div><div class=\"vc_row wpb_row vc_row-fluid\"><div class=\"wpb_column vc_column_container vc_col-sm-8\"><div class=\"vc_column-inner\"><div class=\"wpb_wrapper\">\n\t<div class=\"wpb_text_column wpb_content_element\" >\n\t\t<div class=\"wpb_wrapper\">\n\t\t\t<p><strong>NAGRADE:<\/strong><br \/>\n_v kategoriji osnovno\u0161olci in srednje\u0161olci sta prvonagrajena po lastnem izboru iz kolekcije Darilo slovenske arhitekture: Ivan Vurnik in Helena Kottler Vurnik, izbrala<strong> darila v vrednosti 50 eur<\/strong><\/p>\n<p>_prvonagrajeni v kategoriji odrasli je prejel <strong>darilni bon<\/strong> za dve osebi za <strong>Vurnikovo pot 2020<\/strong><\/p>\n<p><strong>\u017dIRIJA:<\/strong><br \/>\n_Miran Kambi\u010d, arhitekt in fotograf<br \/>\n_Jasim Suljanovi\u0107, Fotografsko dru\u0161tvo Radovljica<br \/>\n_Ajda Bra\u010di\u010d, Center arhitekture Slovenije<\/p>\n<p>Fotografije je \u017eirija ocenjevala v vsaki kategoriji posebej. Pri ocenjevanju je upo\u0161tevala tematsko ustreznost, izvirnost, sporo\u010dilnost, kakovost, vizualno in estetsko vrednost. Odlo\u010ditve \u017eirije so dokon\u010dne.<\/p>\n\n\t\t<\/div>\n\t<\/div>\n<\/div><\/div><\/div><div class=\"wpb_column vc_column_container vc_col-sm-4\"><div class=\"vc_column-inner\"><div class=\"wpb_wrapper\"><div class=\"vc_btn3-container vc_btn3-left vc_do_btn\" ><a class=\"vc_general vc_btn3 vc_btn3-size-sm vc_btn3-shape-square vc_btn3-style-modern vc_btn3-color-grey\" href=\"https:\/\/www.centerarhitekture.org\/ca\/wp-content\/uploads\/2022\/02\/2021_vurnikovi-dnevi_foto-natecaj_porocilo-komisije.pdf\" title=\"\">KON\u010cNO PORO\u010cILO OCENJEVALNE KOMISIJE<\/a><\/div><div class=\"vc_empty_space\"   style=\"height: 16px\"><span class=\"vc_empty_space_inner\"><\/span><\/div><div class=\"vc_btn3-container vc_btn3-left vc_do_btn\" ><a class=\"vc_general vc_btn3 vc_btn3-size-sm vc_btn3-shape-square vc_btn3-style-modern vc_btn3-color-grey\" href=\"https:\/\/www.centerarhitekture.org\/en\/vurnikov-fotografski-natecaj-spletna-razstava-2021\/\" title=\"\">SPLETNA RAZSTAVA<\/a><\/div><\/div><\/div><\/div><\/div><div class=\"vc_row wpb_row vc_row-fluid\"><div class=\"wpb_column vc_column_container vc_col-sm-12\"><div class=\"vc_column-inner\"><div class=\"wpb_wrapper\"><div class=\"vc_empty_space\"   style=\"height: 60px\"><span class=\"vc_empty_space_inner\"><\/span><\/div><\/div><\/div><\/div><\/div>\n<\/div>","protected":false},"excerpt":{"rendered":"VURNIKOV FOTOGRAFSKI NATE\u010cAJ 2021NARAVA V DELIH ZAKONCEV VURNIKVSEM, KI IMATE RADI DOBRO FOTOGRAFIJO! Center arhitekture Slovenije, Krajevna skupnost Radovljica in Fotografsko dru\u0161tvo Radovljica so tudi v letu 2021 vabili k sodelovanju na tematskem nate\u010daju za fotografije, povezane z \u017eivljenjem in delom arhitekta Ivana Vurnika in njegove \u017eene, slikarke in oblikovalke, Helene Kottler Vurnik. Na nate\u010daju  [...]","protected":false},"author":2,"featured_media":0,"parent":0,"menu_order":0,"comment_status":"closed","ping_status":"closed","template":"","meta":{"iawp_total_views":10,"footnotes":""},"class_list":["post-4285","page","type-page","status-publish","hentry"],"_links":{"self":[{"href":"https:\/\/www.centerarhitekture.org\/en\/wp-json\/wp\/v2\/pages\/4285","targetHints":{"allow":["GET"]}}],"collection":[{"href":"https:\/\/www.centerarhitekture.org\/en\/wp-json\/wp\/v2\/pages"}],"about":[{"href":"https:\/\/www.centerarhitekture.org\/en\/wp-json\/wp\/v2\/types\/page"}],"author":[{"embeddable":true,"href":"https:\/\/www.centerarhitekture.org\/en\/wp-json\/wp\/v2\/users\/2"}],"replies":[{"embeddable":true,"href":"https:\/\/www.centerarhitekture.org\/en\/wp-json\/wp\/v2\/comments?post=4285"}],"version-history":[{"count":10,"href":"https:\/\/www.centerarhitekture.org\/en\/wp-json\/wp\/v2\/pages\/4285\/revisions"}],"predecessor-version":[{"id":4896,"href":"https:\/\/www.centerarhitekture.org\/en\/wp-json\/wp\/v2\/pages\/4285\/revisions\/4896"}],"wp:attachment":[{"href":"https:\/\/www.centerarhitekture.org\/en\/wp-json\/wp\/v2\/media?parent=4285"}],"curies":[{"name":"wp","href":"https:\/\/api.w.org\/{rel}","templated":true}]}}