{"id":4078,"date":"2021-03-16T10:36:56","date_gmt":"2021-03-16T09:36:56","guid":{"rendered":"https:\/\/www.centerarhitekture.org\/?page_id=4078"},"modified":"2021-03-16T10:36:56","modified_gmt":"2021-03-16T09:36:56","slug":"vurnikov-fotografski-natecaj-2020","status":"publish","type":"page","link":"https:\/\/www.centerarhitekture.org\/en\/vurnikov-fotografski-natecaj-2020\/","title":{"rendered":"Vurnikov fotografski nate\u010daj 2020"},"content":{"rendered":"<div class=\"wpb-content-wrapper\"><div class=\"vc_row wpb_row vc_row-fluid\"><div class=\"wpb_column vc_column_container vc_col-sm-8\"><div class=\"vc_column-inner\"><div class=\"wpb_wrapper\"><div class=\"vc_empty_space\"   style=\"height: 32px\"><span class=\"vc_empty_space_inner\"><\/span><\/div><h2 style=\"color: #981618;text-align: left\" class=\"vc_custom_heading vc_do_custom_heading\" >VURNIKOV FOTOGRAFSKI NATE\u010cAJ 2020<\/h2>\n\t<div class=\"wpb_text_column wpb_content_element\" >\n\t\t<div class=\"wpb_wrapper\">\n\t\t\t<p><strong>VSEM, KI IMATE RADI DOBRO FOTOGRAFIJO!<\/strong><\/p>\n<p>Center arhitekture Slovenije, Krajevna skupnost Radovljica in Fotografsko dru\u0161tvo Radovljica so vabili k sodelovanju na nate\u010daju za fotografijo detajlov, povezanih z \u017eivljenjem in delom arhitekta Ivana Vurnika in njegove \u017eene, slikarke in oblikovalke, Helene Kottler Vurnik.<\/p>\n<p>Na nate\u010daju so lahko sodelovali tako ljubiteljski kot poklicni fotografi, razen \u010dlani \u017eirije, \u010dlani organizacijskega odbora nate\u010daja in njihovi dru\u017einski \u010dlani. Na nate\u010daju je lahko vsakdo sodeloval<strong>\u00a0z najve\u010d tremi (3) fotografijami<\/strong>.<\/p>\n\n\t\t<\/div>\n\t<\/div>\n<div class=\"vc_empty_space\"   style=\"height: 52px\"><span class=\"vc_empty_space_inner\"><\/span><\/div><div class=\"vc_separator wpb_content_element vc_separator_align_center vc_sep_width_100 vc_sep_pos_align_center vc_separator_no_text vc_sep_color_grey wpb_content_element  wpb_content_element\" ><span class=\"vc_sep_holder vc_sep_holder_l\"><span class=\"vc_sep_line\"><\/span><\/span><span class=\"vc_sep_holder vc_sep_holder_r\"><span class=\"vc_sep_line\"><\/span><\/span>\n<\/div><div class=\"vc_empty_space\"   style=\"height: 16px\"><span class=\"vc_empty_space_inner\"><\/span><\/div>\n\t<div class=\"wpb_text_column wpb_content_element\" >\n\t\t<div class=\"wpb_wrapper\">\n\t\t\t<p>Razglasitev zmagovalcev Vurnikovega fotografskega nate\u010daja je v letu 2020 potekala <strong>spletno<\/strong> in skladno s priporo\u010dili NIJZ. Razglasitev je bila <strong>v sredo, 3. junija 2020, ob 19. uri<\/strong>, z ogledom videoposnetka na\u00a0<a href=\"https:\/\/www.facebook.com\/centerarhitekture\/\">Facebook strani Center arhitekture Slovenije<\/a>. Videoposnetek je na voljo tudi na tej spletni strani.<\/p>\n<div class=\"wpb_text_column wpb_content_element\">\n<div class=\"wpb_wrapper\">\n<p><strong>Razstava<\/strong> prispelih fotografij je bila <strong>v galeriji <a href=\"https:\/\/www.fd-radovljica.si\/\"><span style=\"text-decoration: underline;\">Fotografskega dru\u0161tva Radovljica<\/span><\/a>, v pasa\u017ei v vhodni avli Radovlji\u0161ke gra\u0161\u010dine <\/strong>na ogled\u00a0<strong>od 1. do 30. junija 2020<\/strong>, dostopna pa je tudi na tej spletni strani in na strani <strong><a href=\"https:\/\/www.fd-radovljica.si\/\"><span style=\"text-decoration: underline;\">Fotografskega dru\u0161tva Radovljica<\/span><\/a><\/strong>.<\/p>\n<\/div>\n<\/div>\n\n\t\t<\/div>\n\t<\/div>\n<div class=\"vc_empty_space\"   style=\"height: 6px\"><span class=\"vc_empty_space_inner\"><\/span><\/div><div class=\"vc_separator wpb_content_element vc_separator_align_center vc_sep_width_100 vc_sep_pos_align_center vc_separator_no_text vc_sep_color_grey wpb_content_element  wpb_content_element\" ><span class=\"vc_sep_holder vc_sep_holder_l\"><span class=\"vc_sep_line\"><\/span><\/span><span class=\"vc_sep_holder vc_sep_holder_r\"><span class=\"vc_sep_line\"><\/span><\/span>\n<\/div><div class=\"vc_empty_space\"   style=\"height: 16px\"><span class=\"vc_empty_space_inner\"><\/span><\/div>\n\t<div class=\"wpb_video_widget wpb_content_element vc_clearfix   vc_video-aspect-ratio-169 vc_video-el-width-100 vc_video-align-left\" >\n\t\t<div class=\"wpb_wrapper\">\n\t\t\t\n\t\t\t<div class=\"wpb_video_wrapper\"><div class=\"video-shortcode\"><iframe title=\"VURNIKOV FOTOGRAFSKI NATE\u010cAJ\" width=\"500\" height=\"281\" src=\"https:\/\/www.youtube.com\/embed\/W9Jf2vk4LxY?feature=oembed\" frameborder=\"0\" allow=\"accelerometer; autoplay; clipboard-write; encrypted-media; gyroscope; picture-in-picture; web-share\" allowfullscreen><\/iframe><\/div><\/div>\n\t\t<\/div>\n\t<\/div>\n<div class=\"vc_empty_space\"   style=\"height: 16px\"><span class=\"vc_empty_space_inner\"><\/span><\/div><div class=\"vc_empty_space\"   style=\"height: 32px\"><span class=\"vc_empty_space_inner\"><\/span><\/div><\/div><\/div><\/div><div class=\"wpb_column vc_column_container vc_col-sm-4\"><div class=\"vc_column-inner\"><div class=\"wpb_wrapper\"><div class=\"vc_empty_space\"   style=\"height: 32px\"><span class=\"vc_empty_space_inner\"><\/span><\/div><h3 style=\"color: #981618;text-align: left\" class=\"vc_custom_heading vc_do_custom_heading\" >RAZGLASITEV ZMAGOVALCEV IN SPLETNA RAZSTAVA PRISPELIH FOTOGRAFIJ<\/h3><div class=\"vc_empty_space\"   style=\"height: 24px\"><span class=\"vc_empty_space_inner\"><\/span><\/div>\n\t<div class=\"wpb_text_column wpb_content_element\" >\n\t\t<div class=\"wpb_wrapper\">\n\t\t\t<p><strong>NAGRAJENKA V KATEGORIJI OSNOVNO\u0160OLCI:\u00a0 <\/strong><br \/>\n_Sofia Srdi\u0107<\/p>\n<p><strong>NAGRAJENKA V KATEGORIJI SREDNJE\u0160OLCI: <\/strong><br \/>\n_Pika Polona Horvat<\/p>\n<p><strong>NAGRAJENEC V KATEGORIJI ODRASLI: <\/strong><br \/>\n_Janez Resman<\/p>\n\n\t\t<\/div>\n\t<\/div>\n<div class=\"vc_empty_space\"   style=\"height: 16px\"><span class=\"vc_empty_space_inner\"><\/span><\/div><div class=\"vc_separator wpb_content_element vc_separator_align_center vc_sep_width_100 vc_sep_pos_align_center vc_separator_no_text vc_sep_color_grey wpb_content_element  wpb_content_element\" ><span class=\"vc_sep_holder vc_sep_holder_l\"><span class=\"vc_sep_line\"><\/span><\/span><span class=\"vc_sep_holder vc_sep_holder_r\"><span class=\"vc_sep_line\"><\/span><\/span>\n<\/div><div class=\"vc_empty_space\"   style=\"height: 16px\"><span class=\"vc_empty_space_inner\"><\/span><\/div><div class=\"vc_btn3-container vc_btn3-left vc_do_btn\" ><a class=\"vc_general vc_btn3 vc_btn3-size-sm vc_btn3-shape-square vc_btn3-style-modern vc_btn3-color-grey\" href=\"http:\/\/www.centerarhitekture.org\/en\/koncno-porocilo-ocenjevalne-komisije-fotografski-natecaj\/\" title=\"\">KON\u010cNO PORO\u010cILO OCENJEVALNE KOMISIJE<\/a><\/div><div class=\"vc_empty_space\"   style=\"height: 16px\"><span class=\"vc_empty_space_inner\"><\/span><\/div><div class=\"vc_btn3-container vc_btn3-left vc_do_btn\" ><a class=\"vc_general vc_btn3 vc_btn3-size-sm vc_btn3-shape-square vc_btn3-style-modern vc_btn3-color-grey\" href=\"http:\/\/www.centerarhitekture.org\/en\/vurnikov-fotografski-natecaj-spletna-razstava\/\" title=\"\">SPLETNA RAZSTAVA<\/a><\/div><div class=\"vc_empty_space\"   style=\"height: 16px\"><span class=\"vc_empty_space_inner\"><\/span><\/div><div class=\"vc_separator wpb_content_element vc_separator_align_center vc_sep_width_100 vc_sep_pos_align_center vc_separator_no_text vc_sep_color_grey wpb_content_element  wpb_content_element\" ><span class=\"vc_sep_holder vc_sep_holder_l\"><span class=\"vc_sep_line\"><\/span><\/span><span class=\"vc_sep_holder vc_sep_holder_r\"><span class=\"vc_sep_line\"><\/span><\/span>\n<\/div><div class=\"vc_empty_space\"   style=\"height: 16px\"><span class=\"vc_empty_space_inner\"><\/span><\/div>\n\t<div class=\"wpb_text_column wpb_content_element\" >\n\t\t<div class=\"wpb_wrapper\">\n\t\t\t<p><strong>NAGRADE:<\/strong><br \/>\n_v kategoriji osnovno\u0161olci in srednje\u0161olci sta prvonagrajena po lastnem izboru iz kolekcije Darilo slovenske arhitekture: Ivan Vurnik in Helena Kottler Vurnik, izbrala<strong> darila v vrednosti 50 eur<\/strong><\/p>\n<p>_prvonagrajeni v kategoriji odrasli je prejel <strong>darilni bon<\/strong> za dve osebi za <strong>Vurnikovo pot 2020<\/strong><\/p>\n<p><strong>\u017dIRIJA:<\/strong><br \/>\n_Miran Kambi\u010d, arhitekt in fotograf<br \/>\n_Jasim Suljanovi\u0107, Fotografsko dru\u0161tvo Radovljica<br \/>\n_Vesna Kamin Kajfe\u017e, Center arhitekture Slovenije<\/p>\n<p>Fotografije je \u017eirija ocenjevala v vsaki kategoriji posebej. Pri ocenjevanju je upo\u0161tevala tematsko ustreznost, izvirnost, sporo\u010dilnost, kakovost, vizualno in estetsko vrednost. Odlo\u010ditve \u017eirije so dokon\u010dne.<\/p>\n\n\t\t<\/div>\n\t<\/div>\n<\/div><\/div><\/div><\/div>\n<\/div>","protected":false},"excerpt":{"rendered":"VURNIKOV FOTOGRAFSKI NATE\u010cAJ 2020 VSEM, KI IMATE RADI DOBRO FOTOGRAFIJO! Center arhitekture Slovenije, Krajevna skupnost Radovljica in Fotografsko dru\u0161tvo Radovljica so vabili k sodelovanju na nate\u010daju za fotografijo detajlov, povezanih z \u017eivljenjem in delom arhitekta Ivana Vurnika in njegove \u017eene, slikarke in oblikovalke, Helene Kottler Vurnik. Na nate\u010daju so lahko sodelovali tako ljubiteljski kot poklicni  [...]","protected":false},"author":2,"featured_media":0,"parent":0,"menu_order":0,"comment_status":"closed","ping_status":"closed","template":"","meta":{"iawp_total_views":5,"footnotes":""},"class_list":["post-4078","page","type-page","status-publish","hentry"],"_links":{"self":[{"href":"https:\/\/www.centerarhitekture.org\/en\/wp-json\/wp\/v2\/pages\/4078","targetHints":{"allow":["GET"]}}],"collection":[{"href":"https:\/\/www.centerarhitekture.org\/en\/wp-json\/wp\/v2\/pages"}],"about":[{"href":"https:\/\/www.centerarhitekture.org\/en\/wp-json\/wp\/v2\/types\/page"}],"author":[{"embeddable":true,"href":"https:\/\/www.centerarhitekture.org\/en\/wp-json\/wp\/v2\/users\/2"}],"replies":[{"embeddable":true,"href":"https:\/\/www.centerarhitekture.org\/en\/wp-json\/wp\/v2\/comments?post=4078"}],"version-history":[{"count":16,"href":"https:\/\/www.centerarhitekture.org\/en\/wp-json\/wp\/v2\/pages\/4078\/revisions"}],"predecessor-version":[{"id":4094,"href":"https:\/\/www.centerarhitekture.org\/en\/wp-json\/wp\/v2\/pages\/4078\/revisions\/4094"}],"wp:attachment":[{"href":"https:\/\/www.centerarhitekture.org\/en\/wp-json\/wp\/v2\/media?parent=4078"}],"curies":[{"name":"wp","href":"https:\/\/api.w.org\/{rel}","templated":true}]}}