{"id":4138,"date":"2021-05-24T15:19:32","date_gmt":"2021-05-24T13:19:32","guid":{"rendered":"https:\/\/www.centerarhitekture.org\/?page_id=4138"},"modified":"2022-11-14T14:33:04","modified_gmt":"2022-11-14T13:33:04","slug":"vurnikova-nagrada-2021","status":"publish","type":"page","link":"http:\/\/www.centerarhitekture.org\/en\/vurnikova-nagrada-2021\/","title":{"rendered":"Vurnikova \u0161tudentska nagrada 2021"},"content":{"rendered":"<div class=\"wpb-content-wrapper\"><div class=\"vc_row wpb_row vc_row-fluid\"><div class=\"wpb_column vc_column_container vc_col-sm-12\"><div class=\"vc_column-inner\"><div class=\"wpb_wrapper\"><div class=\"vc_empty_space\"   style=\"height: 32px\"><span class=\"vc_empty_space_inner\"><\/span><\/div><h2 style=\"color: #981618;text-align: left\" class=\"vc_custom_heading vc_do_custom_heading\" >VURNIKOVA \u0160TUDENTSKA NAGRADA ZA LETO 2021<\/h2><\/div><\/div><\/div><\/div><div class=\"vc_row wpb_row vc_row-fluid\"><div class=\"wpb_column vc_column_container vc_col-sm-6\"><div class=\"vc_column-inner\"><div class=\"wpb_wrapper\">\n\t<div class=\"wpb_text_column wpb_content_element\" >\n\t\t<div class=\"wpb_wrapper\">\n\t\t\t<p>Prijava je morala vsebovati osebno mapo z izbranimi projekti ter esej o arhitekturi in\/ali urbanizmu. Prva nagrada je vredna 1500 evrov (neto) in je namenjena \u0161tudijskemu potovanju, dobitnik oziroma dobitnica pa bo na naslednjih Vurnikovih dnevih v za\u010detku prihodnjega junija moral(a) pripraviti tudi predavanje o izku\u0161nji in vplivu na razmi\u0161ljanje in delo na strokovnem podro\u010dju. Dobitnika dveh \u010dastnih priznanj, ki bosta nagrajena s 300 evri (neto), pa nista obvezana, da denar porabita namensko.<\/p>\n\n\t\t<\/div>\n\t<\/div>\n\n\t<div class=\"wpb_text_column wpb_content_element\" >\n\t\t<div class=\"wpb_wrapper\">\n\t\t\t<p>Letos smo prejeli sedem nominacij, ki jih je pregledala strokovna \u017eirija, ki so jo sestavljali:<\/p>\n\n\t\t<\/div>\n\t<\/div>\n<\/div><\/div><\/div><div class=\"wpb_column vc_column_container vc_col-sm-6\"><div class=\"vc_column-inner\"><div class=\"wpb_wrapper\"><div class=\"vc_row wpb_row vc_inner vc_row-fluid\"><div class=\"wpb_column vc_column_container vc_col-sm-9\"><div class=\"vc_column-inner\"><div class=\"wpb_wrapper\">\n\t<div class=\"wpb_text_column wpb_content_element vc_custom_1635155243758\" >\n\t\t<div class=\"wpb_wrapper\">\n\t\t\t<p><strong>Prejemniki Vurnikovih \u0161tudentskih odli\u010dij za leto 2021 so:<\/strong><br \/>\n_<span style=\"color: #981618;\"><b>Filipa Valen\u010di\u0107<\/b><\/span>, Vurnikova \u0161tudentska nagrada za leto 2021<br \/>\n_<span style=\"color: #981618;\"><b>Mirko Popovi\u0107<\/b><\/span>, Vurnikovo \u0161tudentsko priznanje za leto 2021<br \/>\n_<span style=\"color: #981618;\"><b>Marko Prima\u017ei\u010d<\/b><\/span>, Vurnikovo \u0161tudentsko priznanje za leto 2021<\/p>\n\n\t\t<\/div>\n\t<\/div>\n<\/div><\/div><\/div><div class=\"wpb_column vc_column_container vc_col-sm-3\"><div class=\"vc_column-inner\"><div class=\"wpb_wrapper\">\n\t<div  class=\"wpb_single_image wpb_content_element vc_align_left wpb_content_element\">\n\t\t\n\t\t<figure class=\"wpb_wrapper vc_figure\">\n\t\t\t<div class=\"vc_single_image-wrapper   vc_box_border_grey\"><img decoding=\"async\" width=\"2086\" height=\"2086\" src=\"https:\/\/www.centerarhitekture.org\/ca\/wp-content\/uploads\/2019\/07\/vurnikova-nagrada_logo.png\" class=\"vc_single_image-img attachment-full\" alt=\"\" title=\"vurnikova nagrada_logo\" srcset=\"https:\/\/www.centerarhitekture.org\/ca\/wp-content\/uploads\/2019\/07\/vurnikova-nagrada_logo-66x66.png 66w, https:\/\/www.centerarhitekture.org\/ca\/wp-content\/uploads\/2019\/07\/vurnikova-nagrada_logo-100x100.png 100w, https:\/\/www.centerarhitekture.org\/ca\/wp-content\/uploads\/2019\/07\/vurnikova-nagrada_logo-150x150.png 150w, https:\/\/www.centerarhitekture.org\/ca\/wp-content\/uploads\/2019\/07\/vurnikova-nagrada_logo-200x200.png 200w, https:\/\/www.centerarhitekture.org\/ca\/wp-content\/uploads\/2019\/07\/vurnikova-nagrada_logo-300x300.png 300w, https:\/\/www.centerarhitekture.org\/ca\/wp-content\/uploads\/2019\/07\/vurnikova-nagrada_logo-400x400.png 400w, https:\/\/www.centerarhitekture.org\/ca\/wp-content\/uploads\/2019\/07\/vurnikova-nagrada_logo-500x500.png 500w, https:\/\/www.centerarhitekture.org\/ca\/wp-content\/uploads\/2019\/07\/vurnikova-nagrada_logo-600x600.png 600w, https:\/\/www.centerarhitekture.org\/ca\/wp-content\/uploads\/2019\/07\/vurnikova-nagrada_logo-700x700.png 700w, https:\/\/www.centerarhitekture.org\/ca\/wp-content\/uploads\/2019\/07\/vurnikova-nagrada_logo-768x768.png 768w, https:\/\/www.centerarhitekture.org\/ca\/wp-content\/uploads\/2019\/07\/vurnikova-nagrada_logo-800x800.png 800w, https:\/\/www.centerarhitekture.org\/ca\/wp-content\/uploads\/2019\/07\/vurnikova-nagrada_logo-1024x1024.png 1024w, https:\/\/www.centerarhitekture.org\/ca\/wp-content\/uploads\/2019\/07\/vurnikova-nagrada_logo-1200x1200.png 1200w, https:\/\/www.centerarhitekture.org\/ca\/wp-content\/uploads\/2019\/07\/vurnikova-nagrada_logo.png 2086w\" sizes=\"(max-width: 2086px) 100vw, 2086px\" \/><\/div>\n\t\t<\/figure>\n\t<\/div>\n<\/div><\/div><\/div><\/div><\/div><\/div><\/div><\/div><div class=\"vc_row wpb_row vc_row-fluid\"><div class=\"wpb_column vc_column_container vc_col-sm-6\"><div class=\"vc_column-inner\"><div class=\"wpb_wrapper\"><div class=\"vc_row wpb_row vc_inner vc_row-fluid\"><div class=\"wpb_column vc_column_container vc_col-sm-3\"><div class=\"vc_column-inner\"><div class=\"wpb_wrapper\">\n\t<div  class=\"wpb_single_image wpb_content_element vc_align_left wpb_content_element\">\n\t\t\n\t\t<figure class=\"wpb_wrapper vc_figure\">\n\t\t\t<div class=\"vc_single_image-wrapper   vc_box_border_grey\"><img decoding=\"async\" width=\"1000\" height=\"1000\" src=\"https:\/\/www.centerarhitekture.org\/ca\/wp-content\/uploads\/2022\/01\/TomazKristof.jpg\" class=\"vc_single_image-img attachment-full\" alt=\"\" title=\"Toma\u017eKri\u0161tof\" srcset=\"https:\/\/www.centerarhitekture.org\/ca\/wp-content\/uploads\/2022\/01\/TomazKristof-12x12.jpg 12w, https:\/\/www.centerarhitekture.org\/ca\/wp-content\/uploads\/2022\/01\/TomazKristof-66x66.jpg 66w, https:\/\/www.centerarhitekture.org\/ca\/wp-content\/uploads\/2022\/01\/TomazKristof-100x100.jpg 100w, https:\/\/www.centerarhitekture.org\/ca\/wp-content\/uploads\/2022\/01\/TomazKristof-150x150.jpg 150w, https:\/\/www.centerarhitekture.org\/ca\/wp-content\/uploads\/2022\/01\/TomazKristof-200x200.jpg 200w, https:\/\/www.centerarhitekture.org\/ca\/wp-content\/uploads\/2022\/01\/TomazKristof-300x300.jpg 300w, https:\/\/www.centerarhitekture.org\/ca\/wp-content\/uploads\/2022\/01\/TomazKristof-400x400.jpg 400w, https:\/\/www.centerarhitekture.org\/ca\/wp-content\/uploads\/2022\/01\/TomazKristof-500x500.jpg 500w, https:\/\/www.centerarhitekture.org\/ca\/wp-content\/uploads\/2022\/01\/TomazKristof-600x600.jpg 600w, https:\/\/www.centerarhitekture.org\/ca\/wp-content\/uploads\/2022\/01\/TomazKristof-700x700.jpg 700w, https:\/\/www.centerarhitekture.org\/ca\/wp-content\/uploads\/2022\/01\/TomazKristof-768x768.jpg 768w, https:\/\/www.centerarhitekture.org\/ca\/wp-content\/uploads\/2022\/01\/TomazKristof-800x800.jpg 800w, https:\/\/www.centerarhitekture.org\/ca\/wp-content\/uploads\/2022\/01\/TomazKristof.jpg 1000w\" sizes=\"(max-width: 1000px) 100vw, 1000px\" \/><\/div>\n\t\t<\/figure>\n\t<\/div>\n\n\t<div class=\"wpb_text_column wpb_content_element\" >\n\t\t<div class=\"wpb_wrapper\">\n\t\t\t<p>architect<br \/>\n<strong>Toma\u017e Kri\u0161tof<\/strong><\/p>\n<p><em>Studio Kri\u0161tof, president of Chamber of Architecture and Spatial Planning of Slovenia<\/em><br \/>\nSlovenia<\/p>\n<p style=\"text-align: left;\"><span style=\"text-decoration: underline;\"><a href=\"http:\/\/www.studiokristof.com\">www.studiokristof.com<\/a><\/span><\/p>\n\n\t\t<\/div>\n\t<\/div>\n<\/div><\/div><\/div><div class=\"wpb_column vc_column_container vc_col-sm-3\"><div class=\"vc_column-inner\"><div class=\"wpb_wrapper\">\n\t<div  class=\"wpb_single_image wpb_content_element vc_align_left wpb_content_element\">\n\t\t\n\t\t<figure class=\"wpb_wrapper vc_figure\">\n\t\t\t<div class=\"vc_single_image-wrapper   vc_box_border_grey\"><img decoding=\"async\" width=\"961\" height=\"961\" src=\"https:\/\/www.centerarhitekture.org\/ca\/wp-content\/uploads\/2022\/01\/MajaIvanic2021-1.jpg\" class=\"vc_single_image-img attachment-full\" alt=\"\" title=\"MajaIvanic2021\" srcset=\"https:\/\/www.centerarhitekture.org\/ca\/wp-content\/uploads\/2022\/01\/MajaIvanic2021-1-12x12.jpg 12w, https:\/\/www.centerarhitekture.org\/ca\/wp-content\/uploads\/2022\/01\/MajaIvanic2021-1-66x66.jpg 66w, https:\/\/www.centerarhitekture.org\/ca\/wp-content\/uploads\/2022\/01\/MajaIvanic2021-1-100x100.jpg 100w, https:\/\/www.centerarhitekture.org\/ca\/wp-content\/uploads\/2022\/01\/MajaIvanic2021-1-150x150.jpg 150w, https:\/\/www.centerarhitekture.org\/ca\/wp-content\/uploads\/2022\/01\/MajaIvanic2021-1-200x200.jpg 200w, https:\/\/www.centerarhitekture.org\/ca\/wp-content\/uploads\/2022\/01\/MajaIvanic2021-1-300x300.jpg 300w, https:\/\/www.centerarhitekture.org\/ca\/wp-content\/uploads\/2022\/01\/MajaIvanic2021-1-400x400.jpg 400w, https:\/\/www.centerarhitekture.org\/ca\/wp-content\/uploads\/2022\/01\/MajaIvanic2021-1-500x500.jpg 500w, https:\/\/www.centerarhitekture.org\/ca\/wp-content\/uploads\/2022\/01\/MajaIvanic2021-1-600x600.jpg 600w, https:\/\/www.centerarhitekture.org\/ca\/wp-content\/uploads\/2022\/01\/MajaIvanic2021-1-700x700.jpg 700w, https:\/\/www.centerarhitekture.org\/ca\/wp-content\/uploads\/2022\/01\/MajaIvanic2021-1-768x768.jpg 768w, https:\/\/www.centerarhitekture.org\/ca\/wp-content\/uploads\/2022\/01\/MajaIvanic2021-1-800x800.jpg 800w, https:\/\/www.centerarhitekture.org\/ca\/wp-content\/uploads\/2022\/01\/MajaIvanic2021-1.jpg 961w\" sizes=\"(max-width: 961px) 100vw, 961px\" \/><\/div>\n\t\t<\/figure>\n\t<\/div>\n\n\t<div class=\"wpb_text_column wpb_content_element\" >\n\t\t<div class=\"wpb_wrapper\">\n\t\t\t<p>architect<br \/>\n<strong>Maja Ivani\u010d<\/strong><\/p>\n<p><em>president of international conference Piran Days of Architecture<\/em><br \/>\nSlovenia<\/p>\n<p style=\"text-align: left;\"><span style=\"text-decoration: underline;\"><a href=\"http:\/\/www.dessa.si\">www.dessa.si<\/a><\/span>, <span style=\"text-decoration: underline;\"><a href=\"http:\/\/www.pida.si\">www.pida.si<\/a><\/span><\/p>\n\n\t\t<\/div>\n\t<\/div>\n<\/div><\/div><\/div><div class=\"wpb_column vc_column_container vc_col-sm-3\"><div class=\"vc_column-inner\"><div class=\"wpb_wrapper\">\n\t<div  class=\"wpb_single_image wpb_content_element vc_align_left wpb_content_element\">\n\t\t\n\t\t<figure class=\"wpb_wrapper vc_figure\">\n\t\t\t<div class=\"vc_single_image-wrapper   vc_box_border_grey\"><img decoding=\"async\" width=\"2560\" height=\"2560\" src=\"https:\/\/www.centerarhitekture.org\/ca\/wp-content\/uploads\/2022\/01\/MartinMutschlechener2021-scaled.jpg\" class=\"vc_single_image-img attachment-full\" alt=\"\" title=\"MartinMutschlechener2021\" srcset=\"https:\/\/www.centerarhitekture.org\/ca\/wp-content\/uploads\/2022\/01\/MartinMutschlechener2021-12x12.jpg 12w, https:\/\/www.centerarhitekture.org\/ca\/wp-content\/uploads\/2022\/01\/MartinMutschlechener2021-66x66.jpg 66w, https:\/\/www.centerarhitekture.org\/ca\/wp-content\/uploads\/2022\/01\/MartinMutschlechener2021-100x100.jpg 100w, https:\/\/www.centerarhitekture.org\/ca\/wp-content\/uploads\/2022\/01\/MartinMutschlechener2021-150x150.jpg 150w, https:\/\/www.centerarhitekture.org\/ca\/wp-content\/uploads\/2022\/01\/MartinMutschlechener2021-200x200.jpg 200w, https:\/\/www.centerarhitekture.org\/ca\/wp-content\/uploads\/2022\/01\/MartinMutschlechener2021-300x300.jpg 300w, https:\/\/www.centerarhitekture.org\/ca\/wp-content\/uploads\/2022\/01\/MartinMutschlechener2021-400x400.jpg 400w, https:\/\/www.centerarhitekture.org\/ca\/wp-content\/uploads\/2022\/01\/MartinMutschlechener2021-500x500.jpg 500w, https:\/\/www.centerarhitekture.org\/ca\/wp-content\/uploads\/2022\/01\/MartinMutschlechener2021-600x600.jpg 600w, https:\/\/www.centerarhitekture.org\/ca\/wp-content\/uploads\/2022\/01\/MartinMutschlechener2021-700x700.jpg 700w, https:\/\/www.centerarhitekture.org\/ca\/wp-content\/uploads\/2022\/01\/MartinMutschlechener2021-768x768.jpg 768w, https:\/\/www.centerarhitekture.org\/ca\/wp-content\/uploads\/2022\/01\/MartinMutschlechener2021-800x800.jpg 800w, https:\/\/www.centerarhitekture.org\/ca\/wp-content\/uploads\/2022\/01\/MartinMutschlechener2021-1024x1024.jpg 1024w, https:\/\/www.centerarhitekture.org\/ca\/wp-content\/uploads\/2022\/01\/MartinMutschlechener2021-1200x1200.jpg 1200w, https:\/\/www.centerarhitekture.org\/ca\/wp-content\/uploads\/2022\/01\/MartinMutschlechener2021-1536x1536.jpg 1536w, https:\/\/www.centerarhitekture.org\/ca\/wp-content\/uploads\/2022\/01\/MartinMutschlechener2021-scaled.jpg 2560w\" sizes=\"(max-width: 2560px) 100vw, 2560px\" \/><\/div>\n\t\t<\/figure>\n\t<\/div>\n\n\t<div class=\"wpb_text_column wpb_content_element\" >\n\t\t<div class=\"wpb_wrapper\">\n\t\t\t<p>architect<br \/>\n<strong>Martin Mutschlechner<\/strong><\/p>\n<p><em>Stadt:Labor \u2013 Architekten<\/em><br \/>\nAustria<\/p>\n<p>&nbsp;<\/p>\n<p><span style=\"text-decoration: underline;\"><a href=\"http:\/\/www.stadtlabor-architekten.com\">www.stadtlabor-architekten.com\u00a0<\/a><\/span><\/p>\n\n\t\t<\/div>\n\t<\/div>\n<\/div><\/div><\/div><div class=\"wpb_column vc_column_container vc_col-sm-3\"><div class=\"vc_column-inner\"><div class=\"wpb_wrapper\">\n\t<div  class=\"wpb_single_image wpb_content_element vc_align_left wpb_content_element\">\n\t\t\n\t\t<figure class=\"wpb_wrapper vc_figure\">\n\t\t\t<div class=\"vc_single_image-wrapper   vc_box_border_grey\"><img decoding=\"async\" width=\"900\" height=\"900\" src=\"https:\/\/www.centerarhitekture.org\/ca\/wp-content\/uploads\/2021\/05\/Zas-Brezar-Landezine.jpg\" class=\"vc_single_image-img attachment-full\" alt=\"\" title=\"Zas-Brezar-Landezine\" srcset=\"https:\/\/www.centerarhitekture.org\/ca\/wp-content\/uploads\/2021\/05\/Zas-Brezar-Landezine-12x12.jpg 12w, https:\/\/www.centerarhitekture.org\/ca\/wp-content\/uploads\/2021\/05\/Zas-Brezar-Landezine-66x66.jpg 66w, https:\/\/www.centerarhitekture.org\/ca\/wp-content\/uploads\/2021\/05\/Zas-Brezar-Landezine-100x100.jpg 100w, https:\/\/www.centerarhitekture.org\/ca\/wp-content\/uploads\/2021\/05\/Zas-Brezar-Landezine-150x150.jpg 150w, https:\/\/www.centerarhitekture.org\/ca\/wp-content\/uploads\/2021\/05\/Zas-Brezar-Landezine-200x200.jpg 200w, https:\/\/www.centerarhitekture.org\/ca\/wp-content\/uploads\/2021\/05\/Zas-Brezar-Landezine-300x300.jpg 300w, https:\/\/www.centerarhitekture.org\/ca\/wp-content\/uploads\/2021\/05\/Zas-Brezar-Landezine-400x400.jpg 400w, https:\/\/www.centerarhitekture.org\/ca\/wp-content\/uploads\/2021\/05\/Zas-Brezar-Landezine-500x500.jpg 500w, https:\/\/www.centerarhitekture.org\/ca\/wp-content\/uploads\/2021\/05\/Zas-Brezar-Landezine-600x600.jpg 600w, https:\/\/www.centerarhitekture.org\/ca\/wp-content\/uploads\/2021\/05\/Zas-Brezar-Landezine-700x700.jpg 700w, https:\/\/www.centerarhitekture.org\/ca\/wp-content\/uploads\/2021\/05\/Zas-Brezar-Landezine-768x768.jpg 768w, https:\/\/www.centerarhitekture.org\/ca\/wp-content\/uploads\/2021\/05\/Zas-Brezar-Landezine-800x800.jpg 800w, https:\/\/www.centerarhitekture.org\/ca\/wp-content\/uploads\/2021\/05\/Zas-Brezar-Landezine.jpg 900w\" sizes=\"(max-width: 900px) 100vw, 900px\" \/><\/div>\n\t\t<\/figure>\n\t<\/div>\n\n\t<div class=\"wpb_text_column wpb_content_element\" >\n\t\t<div class=\"wpb_wrapper\">\n\t\t\t<p>krajinski arhitekt<br \/>\n<strong>Za\u0161 Brezar<\/strong><\/p>\n<p><em>ustanovitelj mednarodne krajinskoarhitekturne platforme Landezine<\/em><br \/>\n<em>Slovenia<\/em><\/p>\n<p><span style=\"text-decoration: underline;\"><a href=\"http:\/\/landezine.com\">www.landezine.com<\/a><\/span><\/p>\n\n\t\t<\/div>\n\t<\/div>\n<\/div><\/div><\/div><\/div><div class=\"vc_empty_space\"   style=\"height: 20px\"><span class=\"vc_empty_space_inner\"><\/span><\/div>\n\t<div class=\"wpb_text_column wpb_content_element\" >\n\t\t<div class=\"wpb_wrapper\">\n\t\t\t<p>Strokovna \u017eirija je nagrajence izbrala glede na kriterije kakovosti, edinstvenosti, inovativnosti izbranih predstavljenih projektov ter eseju in njegovem doprinosu k razmisleku o arhitekturi in urbanizmu.<\/p>\n\n\t\t<\/div>\n\t<\/div>\n\n\t<div class=\"wpb_text_column wpb_content_element\" >\n\t\t<div class=\"wpb_wrapper\">\n\t\t\t<div class=\"wpb_text_column wpb_content_element\">\n<div class=\"wpb_wrapper\">\n<p>Podeljena je bila ena nagrada ter dve priznanji za celotni prijavljeni \u0161tudijski opus \u0161tudentom arhitekture 4. in 5. letnika enovitega magistrskega \u0161tudijskega programa <strong>Architecture<\/strong> (University of Ljubljana, Faculty of Architecture), 1st and 2nd year students of the Second Cycle study programme in <strong>Urbanism<\/strong>\u00a0(University of Ljubljana, Faculty of Architecture), 1st and 2nd year students of the Master\u2019s Study Programme in Architecture (University of Maribor, Faculty of Civil Engineering, Transportation Engineering and Architecture), and 1st and 2nd year Master\u2019s Study Programme in\u00a0<strong>Landscape Architecture<\/strong>\u00a0(UL BF).<\/p>\n<\/div>\n<\/div>\n\n\t\t<\/div>\n\t<\/div>\n\n\t<div class=\"wpb_text_column wpb_content_element\" >\n\t\t<div class=\"wpb_wrapper\">\n\t\t\t<div class=\"wpb_text_column wpb_content_element\">\n<div class=\"wpb_wrapper\">\n<div class=\"wpb_text_column wpb_content_element\">\n<div class=\"wpb_wrapper\">Ob podelitvi Vurnikove \u0161tudentske nagrade in dveh priznanj, ki vedno poteka na Vurnikov rojstni dan, 1. junija, je v 1. nadstropju Radovlji\u0161ke gra\u0161\u010dine do 30. junija 2021 na ogled tudi razstava vseh prijavljenih del.<\/div>\n<\/div>\n<\/div>\n<\/div>\n\n\t\t<\/div>\n\t<\/div>\n<div class=\"vc_empty_space\"   style=\"height: 20px\"><span class=\"vc_empty_space_inner\"><\/span><\/div><\/div><\/div><\/div><div class=\"wpb_column vc_column_container vc_col-sm-6\"><div class=\"vc_column-inner\"><div class=\"wpb_wrapper\">\n\t<div  class=\"wpb_single_image wpb_content_element vc_align_left wpb_content_element\">\n\t\t\n\t\t<figure class=\"wpb_wrapper vc_figure\">\n\t\t\t<div class=\"vc_single_image-wrapper   vc_box_border_grey\"><img decoding=\"async\" width=\"1000\" height=\"668\" src=\"https:\/\/www.centerarhitekture.org\/ca\/wp-content\/uploads\/2022\/01\/dsc_8227_51222271811_o.jpg\" class=\"vc_single_image-img attachment-full\" alt=\"\" title=\"dsc_8227_51222271811_o\" srcset=\"https:\/\/www.centerarhitekture.org\/ca\/wp-content\/uploads\/2022\/01\/dsc_8227_51222271811_o-18x12.jpg 18w, https:\/\/www.centerarhitekture.org\/ca\/wp-content\/uploads\/2022\/01\/dsc_8227_51222271811_o-200x134.jpg 200w, https:\/\/www.centerarhitekture.org\/ca\/wp-content\/uploads\/2022\/01\/dsc_8227_51222271811_o-300x200.jpg 300w, https:\/\/www.centerarhitekture.org\/ca\/wp-content\/uploads\/2022\/01\/dsc_8227_51222271811_o-391x260.jpg 391w, https:\/\/www.centerarhitekture.org\/ca\/wp-content\/uploads\/2022\/01\/dsc_8227_51222271811_o-400x267.jpg 400w, https:\/\/www.centerarhitekture.org\/ca\/wp-content\/uploads\/2022\/01\/dsc_8227_51222271811_o-500x334.jpg 500w, https:\/\/www.centerarhitekture.org\/ca\/wp-content\/uploads\/2022\/01\/dsc_8227_51222271811_o-600x401.jpg 600w, https:\/\/www.centerarhitekture.org\/ca\/wp-content\/uploads\/2022\/01\/dsc_8227_51222271811_o-700x468.jpg 700w, https:\/\/www.centerarhitekture.org\/ca\/wp-content\/uploads\/2022\/01\/dsc_8227_51222271811_o-768x513.jpg 768w, https:\/\/www.centerarhitekture.org\/ca\/wp-content\/uploads\/2022\/01\/dsc_8227_51222271811_o-800x534.jpg 800w, https:\/\/www.centerarhitekture.org\/ca\/wp-content\/uploads\/2022\/01\/dsc_8227_51222271811_o.jpg 1000w\" sizes=\"(max-width: 1000px) 100vw, 1000px\" \/><\/div>\n\t\t<\/figure>\n\t<\/div>\n<\/div><\/div><\/div><\/div><div class=\"vc_row wpb_row vc_row-fluid\"><div class=\"wpb_column vc_column_container vc_col-sm-6\"><div class=\"vc_column-inner\"><div class=\"wpb_wrapper\"><div class=\"vc_btn3-container vc_btn3-inline vc_do_btn\" ><a class=\"vc_general vc_btn3 vc_btn3-size-sm vc_btn3-shape-square vc_btn3-style-flat vc_btn3-color-mulled-wine\" href=\"https:\/\/www.centerarhitekture.org\/en\/podelitev-cetrte-vurnikove-studentske-nagrade\/\" title=\"\">GALERIJA: Podelitev Vurnikove \u0161tudentske nagrade za leto 2021<\/a><\/div><div class=\"vc_btn3-container vc_btn3-inline vc_do_btn\" ><button class=\"vc_general vc_btn3 vc_btn3-size-sm vc_btn3-shape-square vc_btn3-style-flat vc_btn3-color-mulled-wine\">SPLETNA RAZSTAVA Vurnikove \u0161tudentske nagrade za leto 2021<\/button><\/div><div class=\"vc_btn3-container vc_btn3-inline vc_do_btn\" ><a class=\"vc_general vc_btn3 vc_btn3-size-sm vc_btn3-shape-square vc_btn3-style-flat vc_btn3-color-mulled-wine\" href=\"https:\/\/www.centerarhitekture.org\/en\/vurnikova-nagrada-2021\/avtorski-esej\/\" title=\"\">ESEJ PREJEMNICE VURNIKOVE \u0160TUDENTSKE NAGRADE ZA LETO 2021<\/a><\/div><div class=\"vc_btn3-container vc_btn3-inline vc_do_btn\" ><a class=\"vc_general vc_btn3 vc_btn3-size-sm vc_btn3-shape-square vc_btn3-style-flat vc_btn3-color-mulled-wine\" href=\"https:\/\/www.centerarhitekture.org\/en\/vurnikova-nagrada-2021\/avtorski-eseji\/\" title=\"\">ESEJA NAGRAJENIH PREDLOGOV ZA VURNIKOVO \u0160TUDENTSKO NAGRADO 2021<\/a><\/div><\/div><\/div><\/div><div class=\"wpb_column vc_column_container vc_col-sm-6\"><div class=\"vc_column-inner\"><div class=\"wpb_wrapper\"><div class=\"vc_btn3-container vc_btn3-inline vc_do_btn\" ><a class=\"vc_general vc_btn3 vc_btn3-size-sm vc_btn3-shape-square vc_btn3-style-flat vc_btn3-color-mulled-wine\" href=\"https:\/\/www.centerarhitekture.org\/ca\/wp-content\/uploads\/2021\/10\/2021_vurnikova-nagrada_katalog_web.pdf\" title=\"\">KATALOG VURNIKOVA \u0160TUDENTSKA NAGRADA ZA LETO 2021<\/a><\/div><div class=\"vc_btn3-container vc_btn3-inline vc_do_btn\" ><a class=\"vc_general vc_btn3 vc_btn3-size-sm vc_btn3-shape-square vc_btn3-style-flat vc_btn3-color-mulled-wine\" href=\"https:\/\/www.centerarhitekture.org\/ca\/wp-content\/uploads\/2021\/10\/2021_vurnikova-nagrada_porocilo-zirije.pdf\" title=\"\">KON\u010cNO PORO\u010cILO OCENJEVALNE KOMISIJE<\/a><\/div><\/div><\/div><\/div><\/div><div class=\"vc_row wpb_row vc_row-fluid\"><div class=\"wpb_column vc_column_container vc_col-sm-6\"><div class=\"vc_column-inner\"><div class=\"wpb_wrapper\"><h4 style=\"color: #981618;text-align: left\" class=\"vc_custom_heading vc_do_custom_heading\" >PREDAVANJE: Lanskoletna prejemnica Vurnikove \u0161tudentske nagrade (Nika Curk, prejemnica V\u0160N 2020)<\/h4><\/div><\/div><\/div><div class=\"wpb_column vc_column_container vc_col-sm-6\"><div class=\"vc_column-inner\"><div class=\"wpb_wrapper\"><\/div><\/div><\/div><\/div><div class=\"vc_row wpb_row vc_row-fluid\"><div class=\"wpb_column vc_column_container vc_col-sm-6\"><div class=\"vc_column-inner\"><div class=\"wpb_wrapper\">\n\t<div class=\"wpb_video_widget wpb_content_element vc_clearfix   vc_video-aspect-ratio-169 vc_video-el-width-100 vc_video-align-left\" >\n\t\t<div class=\"wpb_wrapper\">\n\t\t\t\n\t\t\t<div class=\"wpb_video_wrapper\"><div class=\"video-shortcode\"><iframe title=\"PREDAVANJE PREJEMNICE VURNIKOVE \u0160TUDENTSKE NAGRADE 2020 - NIKA CURK\" width=\"500\" height=\"281\" src=\"https:\/\/www.youtube.com\/embed\/NST8X69RTNo?feature=oembed\" frameborder=\"0\" allow=\"accelerometer; autoplay; clipboard-write; encrypted-media; gyroscope; picture-in-picture; web-share\" allowfullscreen><\/iframe><\/div><\/div>\n\t\t<\/div>\n\t<\/div>\n<\/div><\/div><\/div><div class=\"wpb_column vc_column_container vc_col-sm-6\"><div class=\"vc_column-inner\"><div class=\"wpb_wrapper\"><\/div><\/div><\/div><\/div><div class=\"vc_row wpb_row vc_row-fluid\"><div class=\"wpb_column vc_column_container vc_col-sm-12\"><div class=\"vc_column-inner\"><div class=\"wpb_wrapper\"><div class=\"vc_empty_space\"   style=\"height: 32px\"><span class=\"vc_empty_space_inner\"><\/span><\/div><\/div><\/div><\/div><\/div>\n<\/div>","protected":false},"excerpt":{"rendered":"VURNIKOVA \u0160TUDENTSKA NAGRADA ZA LETO 2021 Prijava je morala vsebovati osebno mapo z izbranimi projekti ter esej o arhitekturi in\/ali urbanizmu. Prva nagrada je vredna 1500 evrov (neto) in je namenjena \u0161tudijskemu potovanju, dobitnik oziroma dobitnica pa bo na naslednjih Vurnikovih dnevih v za\u010detku prihodnjega junija moral(a) pripraviti tudi predavanje o izku\u0161nji in vplivu na  [...]","protected":false},"author":2,"featured_media":0,"parent":0,"menu_order":0,"comment_status":"closed","ping_status":"closed","template":"","meta":{"iawp_total_views":139,"footnotes":""},"class_list":["post-4138","page","type-page","status-publish","hentry"],"_links":{"self":[{"href":"http:\/\/www.centerarhitekture.org\/en\/wp-json\/wp\/v2\/pages\/4138","targetHints":{"allow":["GET"]}}],"collection":[{"href":"http:\/\/www.centerarhitekture.org\/en\/wp-json\/wp\/v2\/pages"}],"about":[{"href":"http:\/\/www.centerarhitekture.org\/en\/wp-json\/wp\/v2\/types\/page"}],"author":[{"embeddable":true,"href":"http:\/\/www.centerarhitekture.org\/en\/wp-json\/wp\/v2\/users\/2"}],"replies":[{"embeddable":true,"href":"http:\/\/www.centerarhitekture.org\/en\/wp-json\/wp\/v2\/comments?post=4138"}],"version-history":[{"count":19,"href":"http:\/\/www.centerarhitekture.org\/en\/wp-json\/wp\/v2\/pages\/4138\/revisions"}],"predecessor-version":[{"id":4706,"href":"http:\/\/www.centerarhitekture.org\/en\/wp-json\/wp\/v2\/pages\/4138\/revisions\/4706"}],"wp:attachment":[{"href":"http:\/\/www.centerarhitekture.org\/en\/wp-json\/wp\/v2\/media?parent=4138"}],"curies":[{"name":"wp","href":"https:\/\/api.w.org\/{rel}","templated":true}]}}