{"id":3522,"date":"2020-06-03T19:00:46","date_gmt":"2020-06-03T17:00:46","guid":{"rendered":"http:\/\/www.centerarhitekture.org\/?page_id=3522"},"modified":"2020-05-26T20:47:12","modified_gmt":"2020-05-26T18:47:12","slug":"koncno-porocilo-ocenjevalne-komisije-fotografski-natecaj","status":"publish","type":"page","link":"http:\/\/www.centerarhitekture.org\/en\/koncno-porocilo-ocenjevalne-komisije-fotografski-natecaj\/","title":{"rendered":"KON\u010cNO PORO\u010cILO OCENJEVALNE KOMISIJE &#8211; fotografski nate\u010daj"},"content":{"rendered":"<div class=\"wpb-content-wrapper\"><div class=\"vc_row wpb_row vc_row-fluid\"><div class=\"wpb_column vc_column_container vc_col-sm-12\"><div class=\"vc_column-inner\"><div class=\"wpb_wrapper\"><div class=\"vc_empty_space\"   style=\"height: 32px\"><span class=\"vc_empty_space_inner\"><\/span><\/div><h2 style=\"color: #981618;text-align: left\" class=\"vc_custom_heading vc_do_custom_heading\" >ZAKLJU\u010cNO PORO\u010cILO OCENJEVALNE KOMISIJE<br \/>\nVURNIKOV FOTOGRAFSKI NATE\u010cAJ<\/h2><div class=\"vc_empty_space\"   style=\"height: 10px\"><span class=\"vc_empty_space_inner\"><\/span><\/div>\n\t<div class=\"wpb_text_column wpb_content_element\" >\n\t\t<div class=\"wpb_wrapper\">\n\t\t\t<p>Center arhitekture Slovenije in Krajevna skupnost Radovljica sta k sodelovanju na nate\u010daju\u00a0za fotografijo, povezano z \u017eivljenjem in delom arhitekta Ivana Vurnika in njegove \u017eene,\u00a0slikarke in oblikovalke, Helene Kottler Vurnik, povabila vse, ki imajo radi dobro fotografijo. Na nate\u010daju so lahko sodelovali tako ljubiteljski kot poklicni fotografi, razen \u010dlani \u017eirije, \u010dlani\u00a0organizacijskega odbora nate\u010daja in njihovi dru\u017einski \u010dlani.<\/p>\n\n\t\t<\/div>\n\t<\/div>\n<div class=\"vc_empty_space\"   style=\"height: 10px\"><span class=\"vc_empty_space_inner\"><\/span><\/div><div class=\"vc_separator wpb_content_element vc_separator_align_center vc_sep_width_100 vc_sep_pos_align_center vc_separator_no_text vc_sep_color_grey wpb_content_element  wpb_content_element\" ><span class=\"vc_sep_holder vc_sep_holder_l\"><span class=\"vc_sep_line\"><\/span><\/span><span class=\"vc_sep_holder vc_sep_holder_r\"><span class=\"vc_sep_line\"><\/span><\/span>\n<\/div><div class=\"vc_empty_space\"   style=\"height: 10px\"><span class=\"vc_empty_space_inner\"><\/span><\/div>\n\t<div class=\"wpb_text_column wpb_content_element\" >\n\t\t<div class=\"wpb_wrapper\">\n\t\t\t<p><strong>KDO STA BILA IVAN VURNIK IN HELENA KOTTLER VURNIK?<\/strong><\/p>\n<p><strong>IVAN VURNIK (1884\u20131971), arhitekt in urbanist<\/strong><br \/>\nArhitekt Ivan Vurnik velja za pionirja moderne arhitekture in za utemeljitelja urbanizma na Slovenskem (poleg Jo\u017eeta Ple\u010dnika in Maksa Fabianija). Zaslu\u017een je za ustanovitev arhitekturnega oddelka na Tehni\u0161ki fakulteti v Ljubljani, ki je bil temelj Fakulteti za arhitekturo. Vurnik je v za\u010detku svojega arhitekturnega dela razvijal t. i. narodni slog, pozneje pa se je usmeril k funkcionalizmu.<\/p>\n<p><strong>HELENA KOTTLER VURNIK (1882\u20131962), slikarka in oblikovalka<\/strong><br \/>\nHelena Kottler Vurnik je bila slikarka, risarka in ilustratorka, ki je ustvarjala v obdobju umetnostnega sloga secesije. Veljala je za mojstrico vseh slikarskih in grafi\u010dnih tehnik ter uporabne umetnosti. Slikala je v olju, ustvarjala je v tehniki emajla in mozaika, grafike, ukvarjala se je s knji\u017eno opremo oziroma ilustracijo, izdelovala je vinjete za \u010dasopise ter predloge za vezenje liturgi\u010dnih obla\u010dil.<\/p>\n\n\t\t<\/div>\n\t<\/div>\n<div class=\"vc_empty_space\"   style=\"height: 10px\"><span class=\"vc_empty_space_inner\"><\/span><\/div><div class=\"vc_separator wpb_content_element vc_separator_align_center vc_sep_width_100 vc_sep_pos_align_center vc_separator_no_text vc_sep_color_grey wpb_content_element  wpb_content_element\" ><span class=\"vc_sep_holder vc_sep_holder_l\"><span class=\"vc_sep_line\"><\/span><\/span><span class=\"vc_sep_holder vc_sep_holder_r\"><span class=\"vc_sep_line\"><\/span><\/span>\n<\/div><div class=\"vc_empty_space\"   style=\"height: 10px\"><span class=\"vc_empty_space_inner\"><\/span><\/div>\n\t<div class=\"wpb_text_column wpb_content_element\" >\n\t\t<div class=\"wpb_wrapper\">\n\t\t\t<p><strong>NAGRAJENKA V KATEGORIJI OSNOVNO\u0160OLCI:\u00a0 SOFIA SRDI\u0106<\/strong><\/p>\n<p><strong>NAGRAJENKA V KATEGORIJI SREDNJE\u0160OLCI: PIKA POLONA HORVAT<\/strong><\/p>\n<p><strong>NAGRAJENEC V KATEGORIJI ODRASLI: JANEZ RESMAN<\/strong><\/p>\n\n\t\t<\/div>\n\t<\/div>\n<div class=\"vc_empty_space\"   style=\"height: 10px\"><span class=\"vc_empty_space_inner\"><\/span><\/div><div class=\"vc_separator wpb_content_element vc_separator_align_center vc_sep_width_100 vc_sep_pos_align_center vc_separator_no_text vc_sep_color_grey wpb_content_element  wpb_content_element\" ><span class=\"vc_sep_holder vc_sep_holder_l\"><span class=\"vc_sep_line\"><\/span><\/span><span class=\"vc_sep_holder vc_sep_holder_r\"><span class=\"vc_sep_line\"><\/span><\/span>\n<\/div><div class=\"vc_empty_space\"   style=\"height: 10px\"><span class=\"vc_empty_space_inner\"><\/span><\/div>\n\t<div class=\"wpb_text_column wpb_content_element\" >\n\t\t<div class=\"wpb_wrapper\">\n\t\t\t<p><strong>\u017dIRIJA:<\/strong><br \/>\n_Miran Kambi\u010d, arhitekt in fotograf<br \/>\n_Jasim Suljanovi\u0107, Fotografsko dru\u0161tvo Radovljica<br \/>\n_dr. Vesna Kamin Kajfe\u017e, Center arhitekture Slovenije<\/p>\n<p>Fotografije je \u017eirija ocenjevala v vsaki kategoriji posebej. Pri ocenjevanju je upo\u0161tevala tematsko ustreznost, izvirnost, sporo\u010dilnost, kakovost, vizualno in estetsko vrednost. Fotografije so morale na avtorjev osebni na\u010din vsebovati motive, povezane z \u017eivljenjem in delom arhitekta Vurnika in\/ali njegove \u017eene, slikarke in oblikovalke, Helene Kottler Vurnik.<\/p>\n<p><strong>Izbrana dela bodo v avli Radovlji\u0161ke gra\u0161\u010dine razstavljena od 1. do 30. junija 2020<\/strong>.<\/p>\n<p>Na nate\u010daj sta prispeli dve prIjavi v kategoriji osnovno\u0161olci, dve v kategoriji srednje\u0161olci in devet prijav v kategoriji odrasli.<\/p>\n<p>Prijavljeni v kategoriji Osnovno\u0161olci: Sofija Srdi\u0107, Ula Dekleva<br \/>\nPrijavljeni v kategoriji Srednje\u0161olci: Pika Polona Horvat, Rene Er\u017een<br \/>\nPrijavljeni v kategoriji Odrasli: Markovc Vida, Markovec Damjan, Resman Janez, Per\u0161e Mojca, Podrekar Du\u0161an, Polak Ro\u017eac Ian, \u0160u\u0161ter\u0161i\u010d Du\u0161an, Skobe Ana, Hauptman Veronika<\/p>\n\n\t\t<\/div>\n\t<\/div>\n<div class=\"vc_empty_space\"   style=\"height: 32px\"><span class=\"vc_empty_space_inner\"><\/span><\/div><div class=\"vc_separator wpb_content_element vc_separator_align_center vc_sep_width_100 vc_sep_pos_align_center vc_separator_no_text vc_sep_color_grey wpb_content_element  wpb_content_element\" ><span class=\"vc_sep_holder vc_sep_holder_l\"><span class=\"vc_sep_line\"><\/span><\/span><span class=\"vc_sep_holder vc_sep_holder_r\"><span class=\"vc_sep_line\"><\/span><\/span>\n<\/div><div class=\"vc_empty_space\"   style=\"height: 32px\"><span class=\"vc_empty_space_inner\"><\/span><\/div><h3 style=\"text-align: left\" class=\"vc_custom_heading vc_do_custom_heading\" >UTEMELJITEV PRVONAGRAJENIH<\/h3><div class=\"vc_row wpb_row vc_inner vc_row-fluid\"><div class=\"wpb_column vc_column_container vc_col-sm-4\"><div class=\"vc_column-inner\"><div class=\"wpb_wrapper\">\n\t<div class=\"wpb_text_column wpb_content_element\" >\n\t\t<div class=\"wpb_wrapper\">\n\t\t\t<p><strong>Kategorija Osnovno\u0161olci<\/strong><\/p>\n<p>U\u010denka Sofija Srdi\u0107 je pripravila tri fotografije dveh Vurnikovih del v Ljubljani (Zadru\u017ene gospodarske banke in Sokolskega doma Tabor) iz zanimivih zornih kotov. Obe stavbi predstavljata t.i. narodni slog, za katerega si je Ivan Vurnik prizadeval za njegovo uveljavitev.<\/p>\n<p>Obe fotografiji nazorno predstavita posamezne detajle, ki so zna\u010dilni za obe arhitekturi in tako zajameta bistvo Vurnikovega ustvarjanja v Ljubljani. Izbor detajlov na obeh fotografijah je reprezentativen in dinami\u010den, sploh detajl na fasadi Zadru\u017ene gospodarske banke.<\/p>\n\n\t\t<\/div>\n\t<\/div>\n<\/div><\/div><\/div><div class=\"wpb_column vc_column_container vc_col-sm-4\"><div class=\"vc_column-inner\"><div class=\"wpb_wrapper\">\n\t<div class=\"wpb_text_column wpb_content_element\" >\n\t\t<div class=\"wpb_wrapper\">\n\t\t\t<p><strong>Kategorija Srednje\u0161olci<\/strong><\/p>\n<p>Pika Polona Horvat je poiskala motive svojih fotografij v detajlih zunanj\u0161\u010dine Zadru\u017ene gospodarske banke v Ljubljani, v fasadi brezjanske cerkve in v cerkvi sv. Petra v Radovljici, kjer je ujela secesijski oltar, katerega je zasnoval arhitekt Ivan Vurnik, slike evangelistov pa je naslikala njegova \u017eena slikarka in oblikovalka Helena Kottler Vurnik. Pri izbranih fotografijah avtorico odlikuje smisel za detajle in kompozicijo.<\/p>\n\n\t\t<\/div>\n\t<\/div>\n<\/div><\/div><\/div><div class=\"wpb_column vc_column_container vc_col-sm-4\"><div class=\"vc_column-inner\"><div class=\"wpb_wrapper\">\n\t<div class=\"wpb_text_column wpb_content_element\" >\n\t\t<div class=\"wpb_wrapper\">\n\t\t\t<p><strong>Kategorija Odrasli<\/strong><\/p>\n<p>Janez Resman je poslal na fotografski nate\u010daj dva motiva (detajla) iz \u0160kofovske kapele v Trstu, ki jo je arhitekt Ivan Vurnik zasnoval leta 1913 za \u0161kofa dr. Andreja Karlina in predstavlja celovito umetni\u0161ko delo, ki zdru\u017euje kiparstvo, slikarstvo in arhitekturo. Gre za enega najlep\u0161ih primerov secesijske sakralne umetnosti v Evropi in za eno arhitektovih najbolj\u0161ih del. Obenem je kapela tudi prvo arhitektovo delo, ki je nastalo v sodelovanju s Heleno Kottler Vurnik. Simetri\u010dno oltarno kompozicijo, ki obvladuje prostor, je avtor fotografije ujel v svoj objektiv in poudaril figure, vpete v bogato geometri\u010dno okrasje. Tretja fotografija prikazuje ma\u0161ni pla\u0161\u010d, ki ga nosi \u017eupnik iz radovlji\u0161ke cerkve sv. Petra in predstavlja skupno delo zakoncev Vurnik.<\/p>\n\n\t\t<\/div>\n\t<\/div>\n<\/div><\/div><\/div><\/div><div class=\"vc_empty_space\"   style=\"height: 32px\"><span class=\"vc_empty_space_inner\"><\/span><\/div><div class=\"vc_empty_space\"   style=\"height: 32px\"><span class=\"vc_empty_space_inner\"><\/span><\/div><\/div><\/div><\/div><\/div>\n<\/div>","protected":false},"excerpt":{"rendered":"ZAKLJU\u010cNO PORO\u010cILO OCENJEVALNE KOMISIJE VURNIKOV FOTOGRAFSKI NATE\u010cAJ Center arhitekture Slovenije in Krajevna skupnost Radovljica sta k sodelovanju na nate\u010daju\u00a0za fotografijo, povezano z \u017eivljenjem in delom arhitekta Ivana Vurnika in njegove \u017eene,\u00a0slikarke in oblikovalke, Helene Kottler Vurnik, povabila vse, ki imajo radi dobro fotografijo. Na nate\u010daju so lahko sodelovali tako ljubiteljski kot poklicni fotografi, razen \u010dlani  [...]","protected":false},"author":2,"featured_media":0,"parent":0,"menu_order":0,"comment_status":"closed","ping_status":"closed","template":"","meta":{"iawp_total_views":2,"footnotes":""},"class_list":["post-3522","page","type-page","status-publish","hentry"],"_links":{"self":[{"href":"http:\/\/www.centerarhitekture.org\/en\/wp-json\/wp\/v2\/pages\/3522","targetHints":{"allow":["GET"]}}],"collection":[{"href":"http:\/\/www.centerarhitekture.org\/en\/wp-json\/wp\/v2\/pages"}],"about":[{"href":"http:\/\/www.centerarhitekture.org\/en\/wp-json\/wp\/v2\/types\/page"}],"author":[{"embeddable":true,"href":"http:\/\/www.centerarhitekture.org\/en\/wp-json\/wp\/v2\/users\/2"}],"replies":[{"embeddable":true,"href":"http:\/\/www.centerarhitekture.org\/en\/wp-json\/wp\/v2\/comments?post=3522"}],"version-history":[{"count":5,"href":"http:\/\/www.centerarhitekture.org\/en\/wp-json\/wp\/v2\/pages\/3522\/revisions"}],"predecessor-version":[{"id":3529,"href":"http:\/\/www.centerarhitekture.org\/en\/wp-json\/wp\/v2\/pages\/3522\/revisions\/3529"}],"wp:attachment":[{"href":"http:\/\/www.centerarhitekture.org\/en\/wp-json\/wp\/v2\/media?parent=3522"}],"curies":[{"name":"wp","href":"https:\/\/api.w.org\/{rel}","templated":true}]}}