{"id":3484,"date":"2020-06-03T19:00:22","date_gmt":"2020-06-03T17:00:22","guid":{"rendered":"http:\/\/www.centerarhitekture.org\/?page_id=3484"},"modified":"2022-02-21T15:59:30","modified_gmt":"2022-02-21T14:59:30","slug":"vurnikov-fotografski-natecaj-spletna-razstava","status":"publish","type":"page","link":"http:\/\/www.centerarhitekture.org\/en\/vurnikov-fotografski-natecaj-spletna-razstava\/","title":{"rendered":"Vurnikov fotografski nate\u010daj 2020 &#8211; spletna razstava"},"content":{"rendered":"<div class=\"wpb-content-wrapper\"><div class=\"vc_row wpb_row vc_row-fluid\"><div class=\"wpb_column vc_column_container vc_col-sm-10\"><div class=\"vc_column-inner\"><div class=\"wpb_wrapper\"><div class=\"vc_empty_space\"   style=\"height: 32px\"><span class=\"vc_empty_space_inner\"><\/span><\/div><h2 style=\"color: #981618;text-align: left\" class=\"vc_custom_heading vc_do_custom_heading\" >VURNIKOV FOTOGRAFSKI NATE\u010cAJ 2020<br \/>\nSPLETNA RAZSTAVA<\/h2><div class=\"vc_empty_space\"   style=\"height: 20px\"><span class=\"vc_empty_space_inner\"><\/span><\/div>\n\t<div class=\"wpb_text_column wpb_content_element\" >\n\t\t<div class=\"wpb_wrapper\">\n\t\t\t<div class=\"wpb_text_column wpb_content_element \">\n<div class=\"wpb_wrapper\">\n<p>Center arhitekture Slovenije, Krajevna skupnost Radovljica in Fotografsko dru\u0161tvo Radovljica so vabili k sodelovanju na nate\u010daju za fotografijo detajlov, povezanih z \u017eivljenjem in delom arhitekta Ivana Vurnika in njegove \u017eene, slikarke in oblikovalke, Helene Kottler Vurnik. Na nate\u010daju so lahko sodelovali tako ljubiteljski kot poklicni fotografi, razen \u010dlani \u017eirije, \u010dlani organizacijskega odbora nate\u010daja in njihovi dru\u017einski \u010dlani. Na nate\u010daju je lahko vsakdo sodeloval<strong>\u00a0z najve\u010d tremi (3) fotografijami<\/strong>.<\/p>\n<\/div>\n<\/div>\n\n\t\t<\/div>\n\t<\/div>\n\n\t<div class=\"wpb_text_column wpb_content_element\" >\n\t\t<div class=\"wpb_wrapper\">\n\t\t\t<p data-fontsize=\"15.21\" data-lineheight=\"19.9251px\">Podelitev nagrad<strong> Vurnikovega fotografskega nate\u010daja je<\/strong>\u00a0<strong>letos potekala spletno<\/strong>\u00a0in skladno s priporo\u010dili NIJZ. Podelitev je bila\u00a0<strong>v sredo, 3. junija 2020, ob 19. uri<\/strong>, z ogledom videoposnetka na\u00a0<span class=\"text_exposed_show\"><a href=\"https:\/\/www.facebook.com\/centerarhitekture\/\">Facebook strani Center arhitekture Slovenije<\/a>.\u00a0<\/span><\/p>\n<div class=\"wpb_text_column wpb_content_element \">\n<div class=\"wpb_wrapper\">\n<p><span class=\"text_exposed_show\">Razstava prispelih predlogov bo v Radovljici\u00a0<strong>avli Radovlji\u0161ke gra\u0161\u010dine<\/strong>\u00a0<strong>na ogled od 1. do 30. junija 2020<\/strong>, ogledate pa si jo lahko tudi na tej spletni strani.<\/span><\/p>\n<\/div>\n<\/div>\n\n\t\t<\/div>\n\t<\/div>\n<div class=\"vc_empty_space\"   style=\"height: 32px\"><span class=\"vc_empty_space_inner\"><\/span><\/div><div class=\"wpb_images_carousel wpb_content_element vc_clearfix wpb_content_element\"><div class=\"wpb_wrapper\"><div id=\"vc_images-carousel-1-1777137934\" data-ride=\"vc_carousel\" data-wrap=\"false\" style=\"width: 717px;\" data-interval=\"5000\" data-auto-height=\"yes\" data-mode=\"horizontal\" data-partial=\"false\" data-per-view=\"1\" data-hide-on-end=\"false\" class=\"vc_slide vc_images_carousel\"><ol class=\"vc_carousel-indicators\"><li data-target=\"#vc_images-carousel-1-1777137934\" data-slide-to=\"0\"><\/li><li data-target=\"#vc_images-carousel-1-1777137934\" data-slide-to=\"1\"><\/li><li data-target=\"#vc_images-carousel-1-1777137934\" data-slide-to=\"2\"><\/li><li data-target=\"#vc_images-carousel-1-1777137934\" data-slide-to=\"3\"><\/li><li data-target=\"#vc_images-carousel-1-1777137934\" data-slide-to=\"4\"><\/li><li data-target=\"#vc_images-carousel-1-1777137934\" data-slide-to=\"5\"><\/li><li data-target=\"#vc_images-carousel-1-1777137934\" data-slide-to=\"6\"><\/li><li data-target=\"#vc_images-carousel-1-1777137934\" data-slide-to=\"7\"><\/li><li data-target=\"#vc_images-carousel-1-1777137934\" data-slide-to=\"8\"><\/li><\/ol><div class=\"vc_carousel-inner\"><div class=\"vc_carousel-slideline\"><div class=\"vc_carousel-slideline-inner\"><div class=\"vc_item\"><div class=\"vc_inner\"><a class=\"\" href=\"https:\/\/www.centerarhitekture.org\/ca\/wp-content\/uploads\/2020\/05\/2020_vurnikovi-dnevi_foto-natecaj_plakat_splet-1-731x1024.jpg\" data-lightbox=\"lightbox[rel-3484-1560610298]\"><img decoding=\"async\" class=\"\" src=\"https:\/\/www.centerarhitekture.org\/ca\/wp-content\/uploads\/2020\/05\/2020_vurnikovi-dnevi_foto-natecaj_plakat_splet-1-717x1024.jpg\" width=\"717\" height=\"1024\" alt=\"2020_vurnikovi-dnevi_foto-natecaj_plakat_splet\" title=\"2020_vurnikovi-dnevi_foto-natecaj_plakat_splet\" \/><\/a><\/div><\/div><div class=\"vc_item\"><div class=\"vc_inner\"><a class=\"\" href=\"https:\/\/www.centerarhitekture.org\/ca\/wp-content\/uploads\/2020\/05\/2020_vurnikov-foto-natecaj_spletna-razstava_panoji_1-717x1024.jpg\" data-lightbox=\"lightbox[rel-3484-1560610298]\"><img decoding=\"async\" class=\"\" src=\"https:\/\/www.centerarhitekture.org\/ca\/wp-content\/uploads\/2020\/05\/2020_vurnikov-foto-natecaj_spletna-razstava_panoji_1-717x1024.jpg\" width=\"717\" height=\"1024\" alt=\"2020_vurnikov-foto-natecaj_spletna-razstava_panoji_1\" title=\"2020_vurnikov-foto-natecaj_spletna-razstava_panoji_1\" \/><\/a><\/div><\/div><div class=\"vc_item\"><div class=\"vc_inner\"><a class=\"\" href=\"https:\/\/www.centerarhitekture.org\/ca\/wp-content\/uploads\/2020\/05\/2020_vurnikov-foto-natecaj_spletna-razstava_panoji_2-717x1024.jpg\" data-lightbox=\"lightbox[rel-3484-1560610298]\"><img decoding=\"async\" class=\"\" src=\"https:\/\/www.centerarhitekture.org\/ca\/wp-content\/uploads\/2020\/05\/2020_vurnikov-foto-natecaj_spletna-razstava_panoji_2-717x1024.jpg\" width=\"717\" height=\"1024\" alt=\"2020_vurnikov-foto-natecaj_spletna-razstava_panoji_2\" title=\"2020_vurnikov-foto-natecaj_spletna-razstava_panoji_2\" \/><\/a><\/div><\/div><div class=\"vc_item\"><div class=\"vc_inner\"><a class=\"\" href=\"https:\/\/www.centerarhitekture.org\/ca\/wp-content\/uploads\/2020\/05\/2020_vurnikov-foto-natecaj_spletna-razstava_panoji_3-717x1024.jpg\" data-lightbox=\"lightbox[rel-3484-1560610298]\"><img decoding=\"async\" class=\"\" src=\"https:\/\/www.centerarhitekture.org\/ca\/wp-content\/uploads\/2020\/05\/2020_vurnikov-foto-natecaj_spletna-razstava_panoji_3-717x1024.jpg\" width=\"717\" height=\"1024\" alt=\"2020_vurnikov-foto-natecaj_spletna-razstava_panoji_3\" title=\"2020_vurnikov-foto-natecaj_spletna-razstava_panoji_3\" \/><\/a><\/div><\/div><div class=\"vc_item\"><div class=\"vc_inner\"><a class=\"\" href=\"https:\/\/www.centerarhitekture.org\/ca\/wp-content\/uploads\/2020\/05\/2020_vurnikov-foto-natecaj_spletna-razstava_panoji_4-717x1024.jpg\" data-lightbox=\"lightbox[rel-3484-1560610298]\"><img decoding=\"async\" class=\"\" src=\"https:\/\/www.centerarhitekture.org\/ca\/wp-content\/uploads\/2020\/05\/2020_vurnikov-foto-natecaj_spletna-razstava_panoji_4-717x1024.jpg\" width=\"717\" height=\"1024\" alt=\"2020_vurnikov-foto-natecaj_spletna-razstava_panoji_4\" title=\"2020_vurnikov-foto-natecaj_spletna-razstava_panoji_4\" \/><\/a><\/div><\/div><div class=\"vc_item\"><div class=\"vc_inner\"><a class=\"\" href=\"https:\/\/www.centerarhitekture.org\/ca\/wp-content\/uploads\/2020\/05\/2020_vurnikov-foto-natecaj_spletna-razstava_panoji_5-717x1024.jpg\" data-lightbox=\"lightbox[rel-3484-1560610298]\"><img decoding=\"async\" class=\"\" src=\"https:\/\/www.centerarhitekture.org\/ca\/wp-content\/uploads\/2020\/05\/2020_vurnikov-foto-natecaj_spletna-razstava_panoji_5-717x1024.jpg\" width=\"717\" height=\"1024\" alt=\"2020_vurnikov-foto-natecaj_spletna-razstava_panoji_5\" title=\"2020_vurnikov-foto-natecaj_spletna-razstava_panoji_5\" \/><\/a><\/div><\/div><div class=\"vc_item\"><div class=\"vc_inner\"><a class=\"\" href=\"https:\/\/www.centerarhitekture.org\/ca\/wp-content\/uploads\/2020\/05\/2020_vurnikov-foto-natecaj_spletna-razstava_panoji_6-717x1024.jpg\" data-lightbox=\"lightbox[rel-3484-1560610298]\"><img decoding=\"async\" class=\"\" src=\"https:\/\/www.centerarhitekture.org\/ca\/wp-content\/uploads\/2020\/05\/2020_vurnikov-foto-natecaj_spletna-razstava_panoji_6-717x1024.jpg\" width=\"717\" height=\"1024\" alt=\"2020_vurnikov-foto-natecaj_spletna-razstava_panoji_6\" title=\"2020_vurnikov-foto-natecaj_spletna-razstava_panoji_6\" \/><\/a><\/div><\/div><div class=\"vc_item\"><div class=\"vc_inner\"><a class=\"\" href=\"https:\/\/www.centerarhitekture.org\/ca\/wp-content\/uploads\/2020\/05\/2020_vurnikov-foto-natecaj_spletna-razstava_panoji_7-717x1024.jpg\" data-lightbox=\"lightbox[rel-3484-1560610298]\"><img decoding=\"async\" class=\"\" src=\"https:\/\/www.centerarhitekture.org\/ca\/wp-content\/uploads\/2020\/05\/2020_vurnikov-foto-natecaj_spletna-razstava_panoji_7-717x1024.jpg\" width=\"717\" height=\"1024\" alt=\"2020_vurnikov-foto-natecaj_spletna-razstava_panoji_7\" title=\"2020_vurnikov-foto-natecaj_spletna-razstava_panoji_7\" \/><\/a><\/div><\/div><div class=\"vc_item\"><div class=\"vc_inner\"><a class=\"\" href=\"https:\/\/www.centerarhitekture.org\/ca\/wp-content\/uploads\/2020\/05\/2020_vurnikov-foto-natecaj_spletna-razstava_panoji_8-717x1024.jpg\" data-lightbox=\"lightbox[rel-3484-1560610298]\"><img decoding=\"async\" class=\"\" src=\"https:\/\/www.centerarhitekture.org\/ca\/wp-content\/uploads\/2020\/05\/2020_vurnikov-foto-natecaj_spletna-razstava_panoji_8-717x1024.jpg\" width=\"717\" height=\"1024\" alt=\"2020_vurnikov-foto-natecaj_spletna-razstava_panoji_8\" title=\"2020_vurnikov-foto-natecaj_spletna-razstava_panoji_8\" \/><\/a><\/div><\/div><\/div><\/div><\/div><a class=\"vc_left vc_carousel-control\" href=\"#vc_images-carousel-1-1777137934\" data-slide=\"prev\"><span class=\"icon-prev\"><\/span><\/a><a class=\"vc_right vc_carousel-control\" href=\"#vc_images-carousel-1-1777137934\" data-slide=\"next\"><span class=\"icon-next\"><\/span><\/a><\/div><\/div><\/div><div class=\"vc_empty_space\"   style=\"height: 32px\"><span class=\"vc_empty_space_inner\"><\/span><\/div><\/div><\/div><\/div><div class=\"wpb_column vc_column_container vc_col-sm-2\"><div class=\"vc_column-inner\"><div class=\"wpb_wrapper\"><\/div><\/div><\/div><\/div>\n<\/div>","protected":false},"excerpt":{"rendered":"VURNIKOV FOTOGRAFSKI NATE\u010cAJ 2020 SPLETNA RAZSTAVA Center arhitekture Slovenije, Krajevna skupnost Radovljica in Fotografsko dru\u0161tvo Radovljica so vabili k sodelovanju na nate\u010daju za fotografijo detajlov, povezanih z \u017eivljenjem in delom arhitekta Ivana Vurnika in njegove \u017eene, slikarke in oblikovalke, Helene Kottler Vurnik. Na nate\u010daju so lahko sodelovali tako ljubiteljski kot poklicni fotografi, razen \u010dlani \u017eirije,  [...]","protected":false},"author":2,"featured_media":0,"parent":0,"menu_order":0,"comment_status":"closed","ping_status":"closed","template":"","meta":{"iawp_total_views":2,"footnotes":""},"class_list":["post-3484","page","type-page","status-publish","hentry"],"_links":{"self":[{"href":"http:\/\/www.centerarhitekture.org\/en\/wp-json\/wp\/v2\/pages\/3484","targetHints":{"allow":["GET"]}}],"collection":[{"href":"http:\/\/www.centerarhitekture.org\/en\/wp-json\/wp\/v2\/pages"}],"about":[{"href":"http:\/\/www.centerarhitekture.org\/en\/wp-json\/wp\/v2\/types\/page"}],"author":[{"embeddable":true,"href":"http:\/\/www.centerarhitekture.org\/en\/wp-json\/wp\/v2\/users\/2"}],"replies":[{"embeddable":true,"href":"http:\/\/www.centerarhitekture.org\/en\/wp-json\/wp\/v2\/comments?post=3484"}],"version-history":[{"count":8,"href":"http:\/\/www.centerarhitekture.org\/en\/wp-json\/wp\/v2\/pages\/3484\/revisions"}],"predecessor-version":[{"id":4380,"href":"http:\/\/www.centerarhitekture.org\/en\/wp-json\/wp\/v2\/pages\/3484\/revisions\/4380"}],"wp:attachment":[{"href":"http:\/\/www.centerarhitekture.org\/en\/wp-json\/wp\/v2\/media?parent=3484"}],"curies":[{"name":"wp","href":"https:\/\/api.w.org\/{rel}","templated":true}]}}