{"id":3443,"date":"2020-06-01T19:15:26","date_gmt":"2020-06-01T17:15:26","guid":{"rendered":"http:\/\/www.centerarhitekture.org\/?page_id=3443"},"modified":"2020-05-26T10:47:48","modified_gmt":"2020-05-26T08:47:48","slug":"vurnikova-nagrada-2020-razstava","status":"publish","type":"page","link":"http:\/\/www.centerarhitekture.org\/en\/vurnikova-nagrada-2020-razstava\/","title":{"rendered":"Vurnikova \u0161tudentska nagrada 2020 &#8211; spletna razstava"},"content":{"rendered":"<div class=\"wpb-content-wrapper\"><div class=\"vc_row wpb_row vc_row-fluid\"><div class=\"wpb_column vc_column_container vc_col-sm-12\"><div class=\"vc_column-inner\"><div class=\"wpb_wrapper\"><div class=\"vc_row wpb_row vc_inner vc_row-fluid\"><div class=\"wpb_column vc_column_container vc_col-sm-10\"><div class=\"vc_column-inner\"><div class=\"wpb_wrapper\"><div class=\"vc_empty_space\"   style=\"height: 32px\"><span class=\"vc_empty_space_inner\"><\/span><\/div><h2 style=\"color: #981618;text-align: left\" class=\"vc_custom_heading vc_do_custom_heading\" >VURNIKOVA \u0160TUDENTSKA NAGRADA ZA LETO 2020<br \/>\nSPLETNA RAZSTAVA<\/h2><div class=\"vc_empty_space\"   style=\"height: 20px\"><span class=\"vc_empty_space_inner\"><\/span><\/div>\n\t<div class=\"wpb_text_column wpb_content_element\" >\n\t\t<div class=\"wpb_wrapper\">\n\t\t\t<div class=\"wpb_text_column wpb_content_element \">\n<div class=\"wpb_wrapper\"><strong>Vurnikova \u0161tudentska nagrada<\/strong>\u00a0je kot\u00a0<strong>priznanje za perspektivnega \u0161tudenta arhitekture<\/strong>\u00a0bila ustanovljena na pobudo Centra arhitekture Slovenije ob skoraj\u0161nji stoletnici ustanovitve oddelka za arhitekturo na Tehni\u010dni fakulteti v Ljubljani za katerega je bil zaslu\u017een arhitekt Ivan Vurnik (1884-1971), leta 2018. Nagrada, ki so jo tako idejno kot finan\u010dno podprli Krajevna skupnost Radovljica, Ob\u010dina Radovljica, Fakulteta za arhitekturo Univerze v Ljubljani in Fakulteta za gradbeni\u0161tvo, prometno in\u017eenirstvo in arhitekturo Univerze v Mariboru, je<strong>\u00a0\u010dastna in finan\u010dna<\/strong>.<\/div>\n<\/div>\n\n\t\t<\/div>\n\t<\/div>\n\n\t<div class=\"wpb_text_column wpb_content_element\" >\n\t\t<div class=\"wpb_wrapper\">\n\t\t\t<div class=\"wpb_text_column wpb_content_element \">\n<div>\n<p data-fontsize=\"15.21\" data-lineheight=\"19.9251px\">Slavnostna podelitev nagrad<strong> je<\/strong>\u00a0<strong>letos potekala spletno<\/strong> in skladno s priporo\u010dili NIJZ. Podelitev je bila <strong>v ponedeljek, 1. junija 2020, ob 19.15<\/strong>, z ogledom videoposnetka na\u00a0<span class=\"text_exposed_show\"><a href=\"https:\/\/www.facebook.com\/centerarhitekture\/\">Facebook strani Center arhitekture Slovenije<\/a>.\u00a0<\/span><\/p>\n<div class=\"wpb_text_column wpb_content_element \">\n<div class=\"wpb_wrapper\">\n<p><span class=\"text_exposed_show\">Razstava prispelih predlogov bo v Radovljici <strong>v zgornjem nadstropju Radovlji\u0161ke gra\u0161\u010dine<\/strong> <strong>na ogled od 1. do 30. junija 2020<\/strong>, ogledate pa si jo lahko tudi na tej spletni strani.<\/span><\/p>\n<\/div>\n<\/div>\n<\/div>\n<\/div>\n\n\t\t<\/div>\n\t<\/div>\n<div class=\"vc_empty_space\"   style=\"height: 32px\"><span class=\"vc_empty_space_inner\"><\/span><\/div><div class=\"wpb_images_carousel wpb_content_element vc_clearfix wpb_content_element\"><div class=\"wpb_wrapper\"><div id=\"vc_images-carousel-1-1776493195\" data-ride=\"vc_carousel\" data-wrap=\"false\" style=\"width: 896px;\" data-interval=\"0\" data-auto-height=\"yes\" data-mode=\"horizontal\" data-partial=\"false\" data-per-view=\"1\" data-hide-on-end=\"true\" class=\"vc_slide vc_images_carousel\"><ol class=\"vc_carousel-indicators\"><li data-target=\"#vc_images-carousel-1-1776493195\" data-slide-to=\"0\"><\/li><li data-target=\"#vc_images-carousel-1-1776493195\" data-slide-to=\"1\"><\/li><li data-target=\"#vc_images-carousel-1-1776493195\" data-slide-to=\"2\"><\/li><li data-target=\"#vc_images-carousel-1-1776493195\" data-slide-to=\"3\"><\/li><li data-target=\"#vc_images-carousel-1-1776493195\" data-slide-to=\"4\"><\/li><li data-target=\"#vc_images-carousel-1-1776493195\" data-slide-to=\"5\"><\/li><li data-target=\"#vc_images-carousel-1-1776493195\" data-slide-to=\"6\"><\/li><li data-target=\"#vc_images-carousel-1-1776493195\" data-slide-to=\"7\"><\/li><li data-target=\"#vc_images-carousel-1-1776493195\" data-slide-to=\"8\"><\/li><li data-target=\"#vc_images-carousel-1-1776493195\" data-slide-to=\"9\"><\/li><li data-target=\"#vc_images-carousel-1-1776493195\" data-slide-to=\"10\"><\/li><\/ol><div class=\"vc_carousel-inner\"><div class=\"vc_carousel-slideline\"><div class=\"vc_carousel-slideline-inner\"><div class=\"vc_item\"><div class=\"vc_inner\"><a class=\"\" href=\"https:\/\/www.centerarhitekture.org\/ca\/wp-content\/uploads\/2020\/05\/2020_vurnikova-studentska-nagrada_plakati_Page_01-717x1024.jpg\" data-lightbox=\"lightbox[rel-3443-840825904]\"><img decoding=\"async\" class=\"\" src=\"https:\/\/www.centerarhitekture.org\/ca\/wp-content\/uploads\/2020\/05\/2020_vurnikova-studentska-nagrada_plakati_Page_01-scaled-896x1280.jpg\" width=\"896\" height=\"1280\" alt=\"2020_vurnikova studentska nagrada_plakati_Page_01\" title=\"2020_vurnikova studentska nagrada_plakati_Page_01\" \/><\/a><\/div><\/div><div class=\"vc_item\"><div class=\"vc_inner\"><a class=\"\" href=\"https:\/\/www.centerarhitekture.org\/ca\/wp-content\/uploads\/2020\/05\/2020_vurnikova-studentska-nagrada_plakati_Page_02-717x1024.jpg\" data-lightbox=\"lightbox[rel-3443-840825904]\"><img decoding=\"async\" class=\"\" src=\"https:\/\/www.centerarhitekture.org\/ca\/wp-content\/uploads\/2020\/05\/2020_vurnikova-studentska-nagrada_plakati_Page_02-scaled-896x1280.jpg\" width=\"896\" height=\"1280\" alt=\"2020_vurnikova studentska nagrada_plakati_Page_02\" title=\"2020_vurnikova studentska nagrada_plakati_Page_02\" \/><\/a><\/div><\/div><div class=\"vc_item\"><div class=\"vc_inner\"><a class=\"\" href=\"https:\/\/www.centerarhitekture.org\/ca\/wp-content\/uploads\/2020\/05\/2020_vurnikova-studentska-nagrada_plakati_Page_03-717x1024.jpg\" data-lightbox=\"lightbox[rel-3443-840825904]\"><img decoding=\"async\" class=\"\" src=\"https:\/\/www.centerarhitekture.org\/ca\/wp-content\/uploads\/2020\/05\/2020_vurnikova-studentska-nagrada_plakati_Page_03-scaled-896x1280.jpg\" width=\"896\" height=\"1280\" alt=\"2020_vurnikova studentska nagrada_plakati_Page_03\" title=\"2020_vurnikova studentska nagrada_plakati_Page_03\" \/><\/a><\/div><\/div><div class=\"vc_item\"><div class=\"vc_inner\"><a class=\"\" href=\"https:\/\/www.centerarhitekture.org\/ca\/wp-content\/uploads\/2020\/05\/2020_vurnikova-studentska-nagrada_plakati_Page_04-717x1024.jpg\" data-lightbox=\"lightbox[rel-3443-840825904]\"><img decoding=\"async\" class=\"\" src=\"https:\/\/www.centerarhitekture.org\/ca\/wp-content\/uploads\/2020\/05\/2020_vurnikova-studentska-nagrada_plakati_Page_04-scaled-896x1280.jpg\" width=\"896\" height=\"1280\" alt=\"2020_vurnikova studentska nagrada_plakati_Page_04\" title=\"2020_vurnikova studentska nagrada_plakati_Page_04\" \/><\/a><\/div><\/div><div class=\"vc_item\"><div class=\"vc_inner\"><a class=\"\" href=\"https:\/\/www.centerarhitekture.org\/ca\/wp-content\/uploads\/2020\/05\/2020_vurnikova-studentska-nagrada_plakati_Page_05-717x1024.jpg\" data-lightbox=\"lightbox[rel-3443-840825904]\"><img decoding=\"async\" class=\"\" src=\"https:\/\/www.centerarhitekture.org\/ca\/wp-content\/uploads\/2020\/05\/2020_vurnikova-studentska-nagrada_plakati_Page_05-scaled-896x1280.jpg\" width=\"896\" height=\"1280\" alt=\"2020_vurnikova studentska nagrada_plakati_Page_05\" title=\"2020_vurnikova studentska nagrada_plakati_Page_05\" \/><\/a><\/div><\/div><div class=\"vc_item\"><div class=\"vc_inner\"><a class=\"\" href=\"https:\/\/www.centerarhitekture.org\/ca\/wp-content\/uploads\/2020\/05\/2020_vurnikova-studentska-nagrada_plakati_Page_06-717x1024.jpg\" data-lightbox=\"lightbox[rel-3443-840825904]\"><img decoding=\"async\" class=\"\" src=\"https:\/\/www.centerarhitekture.org\/ca\/wp-content\/uploads\/2020\/05\/2020_vurnikova-studentska-nagrada_plakati_Page_06-scaled-896x1280.jpg\" width=\"896\" height=\"1280\" alt=\"2020_vurnikova studentska nagrada_plakati_Page_06\" title=\"2020_vurnikova studentska nagrada_plakati_Page_06\" \/><\/a><\/div><\/div><div class=\"vc_item\"><div class=\"vc_inner\"><a class=\"\" href=\"https:\/\/www.centerarhitekture.org\/ca\/wp-content\/uploads\/2020\/05\/2020_vurnikova-studentska-nagrada_plakati_Page_07-717x1024.jpg\" data-lightbox=\"lightbox[rel-3443-840825904]\"><img decoding=\"async\" class=\"\" src=\"https:\/\/www.centerarhitekture.org\/ca\/wp-content\/uploads\/2020\/05\/2020_vurnikova-studentska-nagrada_plakati_Page_07-scaled-896x1280.jpg\" width=\"896\" height=\"1280\" alt=\"2020_vurnikova studentska nagrada_plakati_Page_07\" title=\"2020_vurnikova studentska nagrada_plakati_Page_07\" \/><\/a><\/div><\/div><div class=\"vc_item\"><div class=\"vc_inner\"><a class=\"\" href=\"https:\/\/www.centerarhitekture.org\/ca\/wp-content\/uploads\/2020\/05\/2020_vurnikova-studentska-nagrada_plakati_Page_08-717x1024.jpg\" data-lightbox=\"lightbox[rel-3443-840825904]\"><img decoding=\"async\" class=\"\" src=\"https:\/\/www.centerarhitekture.org\/ca\/wp-content\/uploads\/2020\/05\/2020_vurnikova-studentska-nagrada_plakati_Page_08-scaled-896x1280.jpg\" width=\"896\" height=\"1280\" alt=\"2020_vurnikova studentska nagrada_plakati_Page_08\" title=\"2020_vurnikova studentska nagrada_plakati_Page_08\" \/><\/a><\/div><\/div><div class=\"vc_item\"><div class=\"vc_inner\"><a class=\"\" href=\"https:\/\/www.centerarhitekture.org\/ca\/wp-content\/uploads\/2020\/05\/2020_vurnikova-studentska-nagrada_plakati_Page_09-717x1024.jpg\" data-lightbox=\"lightbox[rel-3443-840825904]\"><img decoding=\"async\" class=\"\" src=\"https:\/\/www.centerarhitekture.org\/ca\/wp-content\/uploads\/2020\/05\/2020_vurnikova-studentska-nagrada_plakati_Page_09-scaled-896x1280.jpg\" width=\"896\" height=\"1280\" alt=\"2020_vurnikova studentska nagrada_plakati_Page_09\" title=\"2020_vurnikova studentska nagrada_plakati_Page_09\" \/><\/a><\/div><\/div><div class=\"vc_item\"><div class=\"vc_inner\"><a class=\"\" href=\"https:\/\/www.centerarhitekture.org\/ca\/wp-content\/uploads\/2020\/05\/2020_vurnikova-studentska-nagrada_plakati_Page_10-717x1024.jpg\" data-lightbox=\"lightbox[rel-3443-840825904]\"><img decoding=\"async\" class=\"\" src=\"https:\/\/www.centerarhitekture.org\/ca\/wp-content\/uploads\/2020\/05\/2020_vurnikova-studentska-nagrada_plakati_Page_10-scaled-896x1280.jpg\" width=\"896\" height=\"1280\" alt=\"2020_vurnikova studentska nagrada_plakati_Page_10\" title=\"2020_vurnikova studentska nagrada_plakati_Page_10\" \/><\/a><\/div><\/div><div class=\"vc_item\"><div class=\"vc_inner\"><a class=\"\" href=\"https:\/\/www.centerarhitekture.org\/ca\/wp-content\/uploads\/2020\/05\/2020_vurnikova-studentska-nagrada_plakati_Page_11-717x1024.jpg\" data-lightbox=\"lightbox[rel-3443-840825904]\"><img decoding=\"async\" class=\"\" src=\"https:\/\/www.centerarhitekture.org\/ca\/wp-content\/uploads\/2020\/05\/2020_vurnikova-studentska-nagrada_plakati_Page_11-scaled-896x1280.jpg\" width=\"896\" height=\"1280\" alt=\"2020_vurnikova studentska nagrada_plakati_Page_11\" title=\"2020_vurnikova studentska nagrada_plakati_Page_11\" \/><\/a><\/div><\/div><\/div><\/div><\/div><a class=\"vc_left vc_carousel-control\" href=\"#vc_images-carousel-1-1776493195\" data-slide=\"prev\"><span class=\"icon-prev\"><\/span><\/a><a class=\"vc_right vc_carousel-control\" href=\"#vc_images-carousel-1-1776493195\" data-slide=\"next\"><span class=\"icon-next\"><\/span><\/a><\/div><\/div><\/div><\/div><\/div><\/div><div class=\"wpb_column vc_column_container vc_col-sm-2\"><div class=\"vc_column-inner\"><div class=\"wpb_wrapper\"><div class=\"vc_empty_space\"   style=\"height: 110px\"><span class=\"vc_empty_space_inner\"><\/span><\/div>\n\t<div  class=\"wpb_single_image wpb_content_element vc_align_left wpb_content_element\">\n\t\t\n\t\t<figure class=\"wpb_wrapper vc_figure\">\n\t\t\t<div class=\"vc_single_image-wrapper   vc_box_border_grey\"><img decoding=\"async\" width=\"2086\" height=\"2086\" src=\"https:\/\/www.centerarhitekture.org\/ca\/wp-content\/uploads\/2019\/07\/vurnikova-nagrada_logo.png\" class=\"vc_single_image-img attachment-full\" alt=\"\" title=\"vurnikova nagrada_logo\" srcset=\"https:\/\/www.centerarhitekture.org\/ca\/wp-content\/uploads\/2019\/07\/vurnikova-nagrada_logo-66x66.png 66w, https:\/\/www.centerarhitekture.org\/ca\/wp-content\/uploads\/2019\/07\/vurnikova-nagrada_logo-100x100.png 100w, https:\/\/www.centerarhitekture.org\/ca\/wp-content\/uploads\/2019\/07\/vurnikova-nagrada_logo-150x150.png 150w, https:\/\/www.centerarhitekture.org\/ca\/wp-content\/uploads\/2019\/07\/vurnikova-nagrada_logo-200x200.png 200w, https:\/\/www.centerarhitekture.org\/ca\/wp-content\/uploads\/2019\/07\/vurnikova-nagrada_logo-300x300.png 300w, https:\/\/www.centerarhitekture.org\/ca\/wp-content\/uploads\/2019\/07\/vurnikova-nagrada_logo-400x400.png 400w, https:\/\/www.centerarhitekture.org\/ca\/wp-content\/uploads\/2019\/07\/vurnikova-nagrada_logo-500x500.png 500w, https:\/\/www.centerarhitekture.org\/ca\/wp-content\/uploads\/2019\/07\/vurnikova-nagrada_logo-600x600.png 600w, https:\/\/www.centerarhitekture.org\/ca\/wp-content\/uploads\/2019\/07\/vurnikova-nagrada_logo-700x700.png 700w, https:\/\/www.centerarhitekture.org\/ca\/wp-content\/uploads\/2019\/07\/vurnikova-nagrada_logo-768x768.png 768w, https:\/\/www.centerarhitekture.org\/ca\/wp-content\/uploads\/2019\/07\/vurnikova-nagrada_logo-800x800.png 800w, https:\/\/www.centerarhitekture.org\/ca\/wp-content\/uploads\/2019\/07\/vurnikova-nagrada_logo-1024x1024.png 1024w, https:\/\/www.centerarhitekture.org\/ca\/wp-content\/uploads\/2019\/07\/vurnikova-nagrada_logo-1200x1200.png 1200w, https:\/\/www.centerarhitekture.org\/ca\/wp-content\/uploads\/2019\/07\/vurnikova-nagrada_logo.png 2086w\" sizes=\"(max-width: 2086px) 100vw, 2086px\" \/><\/div>\n\t\t<\/figure>\n\t<\/div>\n<\/div><\/div><\/div><\/div><div class=\"vc_empty_space\"   style=\"height: 32px\"><span class=\"vc_empty_space_inner\"><\/span><\/div><div class=\"vc_empty_space\"   style=\"height: 32px\"><span class=\"vc_empty_space_inner\"><\/span><\/div><\/div><\/div><\/div><\/div>\n<\/div>","protected":false},"excerpt":{"rendered":"VURNIKOVA \u0160TUDENTSKA NAGRADA ZA LETO 2020 SPLETNA RAZSTAVA Vurnikova \u0161tudentska nagrada\u00a0je kot\u00a0priznanje za perspektivnega \u0161tudenta arhitekture\u00a0bila ustanovljena na pobudo Centra arhitekture Slovenije ob skoraj\u0161nji stoletnici ustanovitve oddelka za arhitekturo na Tehni\u010dni fakulteti v Ljubljani za katerega je bil zaslu\u017een arhitekt Ivan Vurnik (1884-1971), leta 2018. Nagrada, ki so jo tako idejno kot finan\u010dno podprli Krajevna  [...]","protected":false},"author":2,"featured_media":0,"parent":0,"menu_order":0,"comment_status":"closed","ping_status":"closed","template":"","meta":{"iawp_total_views":10,"footnotes":""},"class_list":["post-3443","page","type-page","status-publish","hentry"],"_links":{"self":[{"href":"http:\/\/www.centerarhitekture.org\/en\/wp-json\/wp\/v2\/pages\/3443","targetHints":{"allow":["GET"]}}],"collection":[{"href":"http:\/\/www.centerarhitekture.org\/en\/wp-json\/wp\/v2\/pages"}],"about":[{"href":"http:\/\/www.centerarhitekture.org\/en\/wp-json\/wp\/v2\/types\/page"}],"author":[{"embeddable":true,"href":"http:\/\/www.centerarhitekture.org\/en\/wp-json\/wp\/v2\/users\/2"}],"replies":[{"embeddable":true,"href":"http:\/\/www.centerarhitekture.org\/en\/wp-json\/wp\/v2\/comments?post=3443"}],"version-history":[{"count":5,"href":"http:\/\/www.centerarhitekture.org\/en\/wp-json\/wp\/v2\/pages\/3443\/revisions"}],"predecessor-version":[{"id":3462,"href":"http:\/\/www.centerarhitekture.org\/en\/wp-json\/wp\/v2\/pages\/3443\/revisions\/3462"}],"wp:attachment":[{"href":"http:\/\/www.centerarhitekture.org\/en\/wp-json\/wp\/v2\/media?parent=3443"}],"curies":[{"name":"wp","href":"https:\/\/api.w.org\/{rel}","templated":true}]}}