{"id":3430,"date":"2020-06-01T19:15:28","date_gmt":"2020-06-01T17:15:28","guid":{"rendered":"http:\/\/www.centerarhitekture.org\/?page_id=3430"},"modified":"2022-11-14T14:14:08","modified_gmt":"2022-11-14T13:14:08","slug":"vurnikova-nagrada-2020","status":"publish","type":"page","link":"http:\/\/www.centerarhitekture.org\/en\/vurnikova-nagrada-2020\/","title":{"rendered":"Vurnikova \u0161tudentska nagrada 2020"},"content":{"rendered":"<div class=\"wpb-content-wrapper\"><div class=\"vc_row wpb_row vc_row-fluid\"><div class=\"wpb_column vc_column_container vc_col-sm-12\"><div class=\"vc_column-inner\"><div class=\"wpb_wrapper\"><div class=\"vc_empty_space\"   style=\"height: 32px\"><span class=\"vc_empty_space_inner\"><\/span><\/div><h2 style=\"color: #981618;text-align: left\" class=\"vc_custom_heading vc_do_custom_heading\" >VURNIKOVA \u0160TUDENTSKA NAGRADA ZA LETO 2020<\/h2><\/div><\/div><\/div><\/div><div class=\"vc_row wpb_row vc_row-fluid\"><div class=\"wpb_column vc_column_container vc_col-sm-6\"><div class=\"vc_column-inner\"><div class=\"wpb_wrapper\">\n\t<div class=\"wpb_text_column wpb_content_element\" >\n\t\t<div class=\"wpb_wrapper\">\n\t\t\t<p>Prijava je morala vsebovati osebno mapo z izbranimi projekti ter esej o arhitekturi in\/ali urbanizmu. Prva nagrada je vredna 1500 evrov (neto) in je namenjena \u0161tudijskemu potovanju, dobitnik oziroma dobitnica pa bo na naslednjih Vurnikovih dnevih v za\u010detku prihodnjega junija moral(a) pripraviti tudi predavanje o izku\u0161nji in vplivu na razmi\u0161ljanje in delo na strokovnem podro\u010dju. Dobitnika dveh \u010dastnih priznanj, ki bosta nagrajena s 300 evri (neto), pa nista obvezana, da denar porabita namensko.<\/p>\n\n\t\t<\/div>\n\t<\/div>\n\n\t<div class=\"wpb_text_column wpb_content_element\" >\n\t\t<div class=\"wpb_wrapper\">\n\t\t\t<p>Letos smo prejeli 10 del prijavljenih \u0161tudentov, ki jih je pregledala strokovna \u017eirija. \u017dirijo so sestavljali:<br \/>\n<strong><span style=\"color: #981618;\">_Andrej Strehovec<\/span><\/strong>, arhitekt in kritik\/recenzent, Upravni odbor Dru\u0161tva arhitektov Novega Sada, Slovenija<br \/>\n<strong><span style=\"color: #981618;\">_Rok Plohl<\/span><\/strong>, arhitekt, Slovenija<br \/>\n<strong><span style=\"color: #981618;\">_izr. prof. Mia Roth \u010cerina<\/span><\/strong>, roth&amp;\u010derina arhitects, Croatia<\/p>\n\n\t\t<\/div>\n\t<\/div>\n\n\t<div class=\"wpb_text_column wpb_content_element\" >\n\t\t<div class=\"wpb_wrapper\">\n\t\t\t<div class=\"wpb_text_column wpb_content_element\">\n<div class=\"wpb_wrapper\">\n<p>Strokovna \u017eirija je nagrajence izbrala glede na kriterije kakovosti, edinstvenosti, inovativnosti izbranih predstavljenih projektov ter eseju in njegovem doprinosu k razmisleku o arhitekturi in urbanizmu.<\/p>\n<\/div>\n<\/div>\n\n\t\t<\/div>\n\t<\/div>\n\n\t<div class=\"wpb_text_column wpb_content_element\" >\n\t\t<div class=\"wpb_wrapper\">\n\t\t\t<div class=\"wpb_text_column wpb_content_element\">\n<div class=\"wpb_wrapper\">\n<p>Podeljena je bila ena nagrada ter dve priznanji za celotni prijavljeni \u0161tudijski opus \u0161tudentom arhitekture 4. in 5. letnika enovitega magistrskega \u0161tudija ali 1. in 2. letnika enostopenjskega magistrskega \u0161tudija smer arhitektura in urbanizem obeh fakultet Univerze v Ljubljani ter Univerze v Mariboru.<\/p>\n<\/div>\n<\/div>\n\n\t\t<\/div>\n\t<\/div>\n\n\t<div class=\"wpb_text_column wpb_content_element\" >\n\t\t<div class=\"wpb_wrapper\">\n\t\t\t<div class=\"wpb_text_column wpb_content_element\">\n<div class=\"wpb_wrapper\">Ob podelitvi Vurnikove \u0161tudentske nagrade in dveh priznanj, ki vedno poteka na Vurnikov rojstni dan, 1. junija, je v 1. nadstropju Radovlji\u0161ke gra\u0161\u010dine do 30. junija 2020 na ogled tudi razstava vseh prijavljenih del.<\/div>\n<\/div>\n\n\t\t<\/div>\n\t<\/div>\n<div class=\"vc_empty_space\"   style=\"height: 20px\"><span class=\"vc_empty_space_inner\"><\/span><\/div><\/div><\/div><\/div><div class=\"wpb_column vc_column_container vc_col-sm-6\"><div class=\"vc_column-inner\"><div class=\"wpb_wrapper\"><div class=\"vc_row wpb_row vc_inner vc_row-fluid\"><div class=\"wpb_column vc_column_container vc_col-sm-9\"><div class=\"vc_column-inner\"><div class=\"wpb_wrapper\">\n\t<div class=\"wpb_text_column wpb_content_element vc_custom_1590476044579\" >\n\t\t<div class=\"wpb_wrapper\">\n\t\t\t<p><strong>Prejemniki Vurnikovih \u0161tudentskih odli\u010dij za leto 2020 so:<\/strong><br \/>\n_<span style=\"color: #981618;\"><b>Nika Curk<\/b><\/span>, Vurnikova \u0161tudentska nagrada za leto 2020<br \/>\n_<span style=\"color: #981618;\"><b>Sebastjan Cvelbar<\/b><\/span>, Vurnikovo \u0161tudentsko priznanje za leto 2020<br \/>\n_<span style=\"color: #981618;\"><b>Eva Pavli\u010d<\/b><\/span>, Vurnikovo \u0161tudentsko priznanje za leto 2020<\/p>\n\n\t\t<\/div>\n\t<\/div>\n<\/div><\/div><\/div><div class=\"wpb_column vc_column_container vc_col-sm-3\"><div class=\"vc_column-inner\"><div class=\"wpb_wrapper\">\n\t<div  class=\"wpb_single_image wpb_content_element vc_align_left wpb_content_element\">\n\t\t\n\t\t<figure class=\"wpb_wrapper vc_figure\">\n\t\t\t<div class=\"vc_single_image-wrapper   vc_box_border_grey\"><img decoding=\"async\" width=\"2086\" height=\"2086\" src=\"https:\/\/www.centerarhitekture.org\/ca\/wp-content\/uploads\/2019\/07\/vurnikova-nagrada_logo.png\" class=\"vc_single_image-img attachment-full\" alt=\"\" title=\"vurnikova nagrada_logo\" srcset=\"https:\/\/www.centerarhitekture.org\/ca\/wp-content\/uploads\/2019\/07\/vurnikova-nagrada_logo-66x66.png 66w, https:\/\/www.centerarhitekture.org\/ca\/wp-content\/uploads\/2019\/07\/vurnikova-nagrada_logo-100x100.png 100w, https:\/\/www.centerarhitekture.org\/ca\/wp-content\/uploads\/2019\/07\/vurnikova-nagrada_logo-150x150.png 150w, https:\/\/www.centerarhitekture.org\/ca\/wp-content\/uploads\/2019\/07\/vurnikova-nagrada_logo-200x200.png 200w, https:\/\/www.centerarhitekture.org\/ca\/wp-content\/uploads\/2019\/07\/vurnikova-nagrada_logo-300x300.png 300w, https:\/\/www.centerarhitekture.org\/ca\/wp-content\/uploads\/2019\/07\/vurnikova-nagrada_logo-400x400.png 400w, https:\/\/www.centerarhitekture.org\/ca\/wp-content\/uploads\/2019\/07\/vurnikova-nagrada_logo-500x500.png 500w, https:\/\/www.centerarhitekture.org\/ca\/wp-content\/uploads\/2019\/07\/vurnikova-nagrada_logo-600x600.png 600w, https:\/\/www.centerarhitekture.org\/ca\/wp-content\/uploads\/2019\/07\/vurnikova-nagrada_logo-700x700.png 700w, https:\/\/www.centerarhitekture.org\/ca\/wp-content\/uploads\/2019\/07\/vurnikova-nagrada_logo-768x768.png 768w, https:\/\/www.centerarhitekture.org\/ca\/wp-content\/uploads\/2019\/07\/vurnikova-nagrada_logo-800x800.png 800w, https:\/\/www.centerarhitekture.org\/ca\/wp-content\/uploads\/2019\/07\/vurnikova-nagrada_logo-1024x1024.png 1024w, https:\/\/www.centerarhitekture.org\/ca\/wp-content\/uploads\/2019\/07\/vurnikova-nagrada_logo-1200x1200.png 1200w, https:\/\/www.centerarhitekture.org\/ca\/wp-content\/uploads\/2019\/07\/vurnikova-nagrada_logo.png 2086w\" sizes=\"(max-width: 2086px) 100vw, 2086px\" \/><\/div>\n\t\t<\/figure>\n\t<\/div>\n<\/div><\/div><\/div><\/div>\n\t<div  class=\"wpb_single_image wpb_content_element vc_align_left wpb_content_element\">\n\t\t\n\t\t<figure class=\"wpb_wrapper vc_figure\">\n\t\t\t<div class=\"vc_single_image-wrapper   vc_box_border_grey\"><img decoding=\"async\" width=\"1000\" height=\"668\" src=\"https:\/\/www.centerarhitekture.org\/ca\/wp-content\/uploads\/2022\/01\/DSC_1816_xs.jpg\" class=\"vc_single_image-img attachment-full\" alt=\"\" title=\"DSC_1816_xs\" srcset=\"https:\/\/www.centerarhitekture.org\/ca\/wp-content\/uploads\/2022\/01\/DSC_1816_xs-18x12.jpg 18w, https:\/\/www.centerarhitekture.org\/ca\/wp-content\/uploads\/2022\/01\/DSC_1816_xs-200x134.jpg 200w, https:\/\/www.centerarhitekture.org\/ca\/wp-content\/uploads\/2022\/01\/DSC_1816_xs-300x200.jpg 300w, https:\/\/www.centerarhitekture.org\/ca\/wp-content\/uploads\/2022\/01\/DSC_1816_xs-391x260.jpg 391w, https:\/\/www.centerarhitekture.org\/ca\/wp-content\/uploads\/2022\/01\/DSC_1816_xs-400x267.jpg 400w, https:\/\/www.centerarhitekture.org\/ca\/wp-content\/uploads\/2022\/01\/DSC_1816_xs-500x334.jpg 500w, https:\/\/www.centerarhitekture.org\/ca\/wp-content\/uploads\/2022\/01\/DSC_1816_xs-600x401.jpg 600w, https:\/\/www.centerarhitekture.org\/ca\/wp-content\/uploads\/2022\/01\/DSC_1816_xs-700x468.jpg 700w, https:\/\/www.centerarhitekture.org\/ca\/wp-content\/uploads\/2022\/01\/DSC_1816_xs-768x513.jpg 768w, https:\/\/www.centerarhitekture.org\/ca\/wp-content\/uploads\/2022\/01\/DSC_1816_xs-800x534.jpg 800w, https:\/\/www.centerarhitekture.org\/ca\/wp-content\/uploads\/2022\/01\/DSC_1816_xs.jpg 1000w\" sizes=\"(max-width: 1000px) 100vw, 1000px\" \/><\/div>\n\t\t<\/figure>\n\t<\/div>\n<\/div><\/div><\/div><\/div><div class=\"vc_row wpb_row vc_row-fluid\"><div class=\"wpb_column vc_column_container vc_col-sm-6\"><div class=\"vc_column-inner\"><div class=\"wpb_wrapper\"><div class=\"vc_btn3-container vc_btn3-inline vc_do_btn\" ><a class=\"vc_general vc_btn3 vc_btn3-size-sm vc_btn3-shape-square vc_btn3-style-flat vc_btn3-color-mulled-wine\" href=\"https:\/\/www.centerarhitekture.org\/en\/podelitev-tretje-vurnikove-studentske-nagrade\/\" title=\"\">GALERIJA: Podelitev Vurnikove \u0161tudentske nagrade za leto 2020<\/a><\/div><div class=\"vc_btn3-container vc_btn3-inline vc_do_btn\" ><a class=\"vc_general vc_btn3 vc_btn3-size-sm vc_btn3-shape-square vc_btn3-style-flat vc_btn3-color-mulled-wine\" href=\"http:\/\/www.centerarhitekture.org\/en\/vurnikova-nagrada-2020-razstava\/\" title=\"\">SPLETNA RAZSTAVA Vurnikove \u0161tudentske nagrade za leto 2020<\/a><\/div><div class=\"vc_btn3-container vc_btn3-inline vc_do_btn\" ><a class=\"vc_general vc_btn3 vc_btn3-size-sm vc_btn3-shape-square vc_btn3-style-flat vc_btn3-color-mulled-wine\" href=\"https:\/\/www.centerarhitekture.org\/en\/vurnikova-nagrada-2020\/avtorski-esej\/\" title=\"\">ESEJ PREJEMNICE VURNIKOVE \u0160TUDENTSKE NAGRADE ZA LETO 2020<\/a><\/div><div class=\"vc_btn3-container vc_btn3-inline vc_do_btn\" ><a class=\"vc_general vc_btn3 vc_btn3-size-sm vc_btn3-shape-square vc_btn3-style-flat vc_btn3-color-mulled-wine\" href=\"https:\/\/www.centerarhitekture.org\/en\/vurnikova-nagrada-2020\/avtorski-eseji\/\" title=\"\">ESEJA NAGRAJENIH PREDLOGOV ZA VURNIKOVO \u0160TUDENTSKO NAGRADO 2020<\/a><\/div><\/div><\/div><\/div><div class=\"wpb_column vc_column_container vc_col-sm-6\"><div class=\"vc_column-inner\"><div class=\"wpb_wrapper\"><div class=\"vc_btn3-container vc_btn3-inline vc_do_btn\" ><a class=\"vc_general vc_btn3 vc_btn3-size-sm vc_btn3-shape-square vc_btn3-style-flat vc_btn3-color-mulled-wine\" href=\"http:\/\/www.centerarhitekture.org\/ca\/wp-content\/uploads\/2020\/06\/2020_vurnikova-nagrada_katalog_web.pdf\" title=\"\">KATALOG VURNIKOVA \u0160TUDENTSKA NAGRADA ZA LETO 2020<\/a><\/div><div class=\"vc_btn3-container vc_btn3-inline vc_do_btn\" ><a class=\"vc_general vc_btn3 vc_btn3-size-sm vc_btn3-shape-square vc_btn3-style-flat vc_btn3-color-mulled-wine\" href=\"http:\/\/www.centerarhitekture.org\/ca\/wp-content\/uploads\/2020\/05\/2020_vurnikova-nagrada_porocilo-zirije.pdf\" title=\"\">KON\u010cNO PORO\u010cILO OCENJEVALNE KOMISIJE<\/a><\/div><\/div><\/div><\/div><\/div><div class=\"vc_row wpb_row vc_row-fluid\"><div class=\"wpb_column vc_column_container vc_col-sm-6\"><div class=\"vc_column-inner\"><div class=\"wpb_wrapper\"><h4 style=\"font-size: 14px;text-align: left\" class=\"vc_custom_heading vc_do_custom_heading\" >Videoposnetek slavnostne podelitve Vurnikove \u0161tudentske nagrade za leto 2020<\/h4>\n\t<div class=\"wpb_video_widget wpb_content_element vc_clearfix   vc_video-aspect-ratio-169 vc_video-el-width-100 vc_video-align-left\" >\n\t\t<div class=\"wpb_wrapper\">\n\t\t\t\n\t\t\t<div class=\"wpb_video_wrapper\"><div class=\"video-shortcode\"><iframe title=\"SPLETNA PRIREDITEV OB SLAVNOSTNI PODELITVI VURNIKOVE \u0160TUDENTSKE NAGRADE 2020\" width=\"500\" height=\"281\" src=\"https:\/\/www.youtube.com\/embed\/i111EH5qnyU?feature=oembed\" frameborder=\"0\" allow=\"accelerometer; autoplay; clipboard-write; encrypted-media; gyroscope; picture-in-picture; web-share\" allowfullscreen><\/iframe><\/div><\/div>\n\t\t<\/div>\n\t<\/div>\n<div class=\"vc_empty_space\"   style=\"height: 10px\"><span class=\"vc_empty_space_inner\"><\/span><\/div>\n\t<div  class=\"wpb_single_image wpb_content_element vc_align_left wpb_content_element\">\n\t\t\n\t\t<figure class=\"wpb_wrapper vc_figure\">\n\t\t\t<a href=\"https:\/\/www.soos.si\/\" target=\"_self\" class=\"vc_single_image-wrapper   vc_box_border_grey\"><img decoding=\"async\" class=\"vc_single_image-img\" src=\"https:\/\/www.centerarhitekture.org\/ca\/wp-content\/uploads\/2020\/05\/SOOS_Logo18-2-57x32.png\" width=\"57\" height=\"32\" alt=\"Snemanje, monta\u017ea in obdelava videoposnetkov: SooS  |  Filmska produkcija\" title=\"SOOS_Logo18 (2)\" \/><\/a><figcaption class=\"vc_figure-caption\">Snemanje, monta\u017ea in obdelava videoposnetkov: SooS  |  Filmska produkcija<\/figcaption>\n\t\t<\/figure>\n\t<\/div>\n<\/div><\/div><\/div><div class=\"wpb_column vc_column_container vc_col-sm-6\"><div class=\"vc_column-inner\"><div class=\"wpb_wrapper\"><h4 style=\"font-size: 14px;text-align: left\" class=\"vc_custom_heading vc_do_custom_heading\" >Predavanje lanskoletne prejemnice Vurnikove \u0161tudentske nagrade (Ana Erjavec)<\/h4>\n\t<div class=\"wpb_video_widget wpb_content_element vc_clearfix   vc_video-aspect-ratio-169 vc_video-el-width-100 vc_video-align-left\" >\n\t\t<div class=\"wpb_wrapper\">\n\t\t\t\n\t\t\t<div class=\"wpb_video_wrapper\"><div class=\"video-shortcode\"><iframe title=\"PREDAVANJE PREJEMNICE VURNIKOVE \u0160TUDENTSKE NAGRADE 2019 - ANA ERJAVEC\" width=\"500\" height=\"281\" src=\"https:\/\/www.youtube.com\/embed\/qMlzm8o5mlE?feature=oembed\" frameborder=\"0\" allow=\"accelerometer; autoplay; clipboard-write; encrypted-media; gyroscope; picture-in-picture; web-share\" allowfullscreen><\/iframe><\/div><\/div>\n\t\t<\/div>\n\t<\/div>\n<\/div><\/div><\/div><\/div><div class=\"vc_row wpb_row vc_row-fluid\"><div class=\"wpb_column vc_column_container vc_col-sm-6\"><div class=\"vc_column-inner\"><div class=\"wpb_wrapper\"><div class=\"vc_empty_space\"   style=\"height: 32px\"><span class=\"vc_empty_space_inner\"><\/span><\/div><\/div><\/div><\/div><div class=\"wpb_column vc_column_container vc_col-sm-6\"><div class=\"vc_column-inner\"><div class=\"wpb_wrapper\"><\/div><\/div><\/div><\/div>\n<\/div>","protected":false},"excerpt":{"rendered":"VURNIKOVA \u0160TUDENTSKA NAGRADA ZA LETO 2020 Prijava je morala vsebovati osebno mapo z izbranimi projekti ter esej o arhitekturi in\/ali urbanizmu. Prva nagrada je vredna 1500 evrov (neto) in je namenjena \u0161tudijskemu potovanju, dobitnik oziroma dobitnica pa bo na naslednjih Vurnikovih dnevih v za\u010detku prihodnjega junija moral(a) pripraviti tudi predavanje o izku\u0161nji in vplivu na  [...]","protected":false},"author":2,"featured_media":0,"parent":0,"menu_order":0,"comment_status":"closed","ping_status":"closed","template":"","meta":{"iawp_total_views":120,"footnotes":""},"class_list":["post-3430","page","type-page","status-publish","hentry"],"_links":{"self":[{"href":"http:\/\/www.centerarhitekture.org\/en\/wp-json\/wp\/v2\/pages\/3430","targetHints":{"allow":["GET"]}}],"collection":[{"href":"http:\/\/www.centerarhitekture.org\/en\/wp-json\/wp\/v2\/pages"}],"about":[{"href":"http:\/\/www.centerarhitekture.org\/en\/wp-json\/wp\/v2\/types\/page"}],"author":[{"embeddable":true,"href":"http:\/\/www.centerarhitekture.org\/en\/wp-json\/wp\/v2\/users\/2"}],"replies":[{"embeddable":true,"href":"http:\/\/www.centerarhitekture.org\/en\/wp-json\/wp\/v2\/comments?post=3430"}],"version-history":[{"count":25,"href":"http:\/\/www.centerarhitekture.org\/en\/wp-json\/wp\/v2\/pages\/3430\/revisions"}],"predecessor-version":[{"id":4700,"href":"http:\/\/www.centerarhitekture.org\/en\/wp-json\/wp\/v2\/pages\/3430\/revisions\/4700"}],"wp:attachment":[{"href":"http:\/\/www.centerarhitekture.org\/en\/wp-json\/wp\/v2\/media?parent=3430"}],"curies":[{"name":"wp","href":"https:\/\/api.w.org\/{rel}","templated":true}]}}