{"id":2659,"date":"2020-01-15T09:07:53","date_gmt":"2020-01-15T08:07:53","guid":{"rendered":"http:\/\/www.centerarhitekture.org\/?page_id=2659"},"modified":"2020-10-26T11:47:46","modified_gmt":"2020-10-26T10:47:46","slug":"odlomek-porocila-ocenjevalne-komisije-vurnikova-nagrada-2018","status":"publish","type":"page","link":"http:\/\/www.centerarhitekture.org\/en\/odlomek-porocila-ocenjevalne-komisije-vurnikova-nagrada-2018\/","title":{"rendered":"Odlomek porocila ocenjevalne komisije Vurnikova nagrada 2018"},"content":{"rendered":"<div class=\"wpb-content-wrapper\"><div class=\"vc_row wpb_row vc_row-fluid\"><div class=\"wpb_column vc_column_container vc_col-sm-12\"><div class=\"vc_column-inner\"><div class=\"wpb_wrapper\"><div class=\"vc_empty_space\"   style=\"height: 32px\"><span class=\"vc_empty_space_inner\"><\/span><\/div><h2 style=\"color: #981618;text-align: left\" class=\"vc_custom_heading vc_do_custom_heading\" >ODLOMEK PORO\u010cILA OCENJEVALNE KOMISIJE VURNIKOVE \u0160TUDENTSKE NAGRADE ZA LETO 2018<\/h2><div class=\"vc_empty_space\"   style=\"height: 20px\"><span class=\"vc_empty_space_inner\"><\/span><\/div>\n\t<div class=\"wpb_text_column wpb_content_element\" >\n\t\t<div class=\"wpb_wrapper\">\n\t\t\t<p><strong>_arhitektka Sandy Attia<\/strong>, MoDus Architects, Italija<br \/>\n<strong>_arhitekt Matev\u017e \u010celik<\/strong>, direktor Muzeja za arhitekturo in oblikovanje, Slovenija<br \/>\n<strong>_arhitekt Ale\u0161 Vrhovec<\/strong>, Gregorc Vrhovec arhitekti, Slovenija<\/p>\n\n\t\t<\/div>\n\t<\/div>\n<div class=\"vc_empty_space\"   style=\"height: 20px\"><span class=\"vc_empty_space_inner\"><\/span><\/div><div class=\"vc_separator wpb_content_element vc_separator_align_center vc_sep_width_100 vc_sep_pos_align_center vc_separator_no_text vc_sep_color_grey wpb_content_element  wpb_content_element\" ><span class=\"vc_sep_holder vc_sep_holder_l\"><span class=\"vc_sep_line\"><\/span><\/span><span class=\"vc_sep_holder vc_sep_holder_r\"><span class=\"vc_sep_line\"><\/span><\/span>\n<\/div><div class=\"vc_empty_space\"   style=\"height: 20px\"><span class=\"vc_empty_space_inner\"><\/span><\/div><\/div><\/div><\/div><\/div><div class=\"vc_row wpb_row vc_row-fluid\"><div class=\"wpb_column vc_column_container vc_col-sm-6\"><div class=\"vc_column-inner\"><div class=\"wpb_wrapper\">\n\t<div class=\"wpb_text_column wpb_content_element\" >\n\t\t<div class=\"wpb_wrapper\">\n\t\t\t<p><strong>VURNIKOVA \u0160TUDENTSKA NAGRADA: LEA STIPANI\u010c<\/strong><br \/>\nOsebna mapa Lee Stipani\u010d predstavlja zrelo senzibilnost in prepri\u010dljiv kompozicijski nadzor arhitekturnih projektov. Delo razkriva zmo\u017enost razvoja vsakega projekta tako v o\u017ejem kot v \u0161ir\u0161em obsegu, pri \u010demer je slovnica arhitekturnega projekta (tloris, prerez in model) odgovorna \u0161ir\u0161emu obsegu projekta, bodisi urbanega ali konceptualnega. Predstavitev vsakega projekta zdru\u017euje tehni\u010dno dodelanost in dobro razumevanje temeljev predstavitvenih tehnik arhitekture.<\/p>\n<p>Jasnost eseja z naslovom &#8220;O arhitekturi&#8221; je povezana s sposobnostjo sinteze avtorice. V eseju razpravlja o pomenu arhitekturne ideje in o nujnosti poudarjanja vrednosti arhitekturnih na\u010del. Iz svoje izku\u0161nje \u0161tudija v Franciji prepoznava \u010das, v katerem je potrebna humanisti\u010dna in fenomenolo\u0161ka usmeritev dojemanja arhitekture in prostora. Meni, da bi moralo biti poslanstvo arhitekta predvsem delovanje v skupno dobro. Poudarja misel, da ima arhitekt v rokah mo\u010d spreminjanja mest in posledi\u010dno spreminjanje dru\u017ebe, ekonomije in politike.<\/p>\n\n\t\t<\/div>\n\t<\/div>\n<\/div><\/div><\/div><div class=\"wpb_column vc_column_container vc_col-sm-6\"><div class=\"vc_column-inner\"><div class=\"wpb_wrapper\">\n\t<div class=\"wpb_text_column wpb_content_element\" >\n\t\t<div class=\"wpb_wrapper\">\n\t\t\t<p><strong>VURNIKOVO \u0160TUDENTSKO PRIZNANJE: TADEJ URH<\/strong><br \/>\nOsebna mapa Tadeja Urha zdru\u017euje tako kompleksne arhitekturne projekte kot tudi manj zahtevne prostorske intervencije. Njegov esej v veliki meri predstavlja jasno besedilo, ki zavzema mo\u010dna stali\u0161\u010da in pripoveduje o ideji, o kateri \u0161tudent razmi\u0161lja. Tadej Urh se v eseju spra\u0161uje o tem, kaj arhitektura je in kaj arhitektura ni, izpostavljena dejstva pa raz\u0161irja s teoreti\u010dnimi podkrepitvami. V \u010dasu svojega potovanja po \u0160rilanki se je pri\u010del spra\u0161evati o za\u010detkih arhitekture in o misli, kdaj smo ljudje pri\u010deli graditi arhitekturo zavestno. Arhitekturo dojema kot misel, ki se v dveh razli\u010dnih na\u010dinih pojavi v ustvarjalcu in v tudi tistem, ki arhitekturo opazuje in jo na svoj na\u010din do\u017eivlja.<\/p>\n<p>&nbsp;<\/p>\n<p><strong>VURNIKOVO \u0160TUDENTSKO PRIZNANJE: JANJA \u0160U\u0160NJAR<\/strong><br \/>\nProjekte, zbrane v osebni mapi Janje \u0160u\u0161njar, povezujejo njene poeti\u010dne ilustracije arhitekture in prostora, ki so njen svojevrsten avtorski pe\u010dat. Raznolikost projektov ka\u017ee na avtori\u010dino \u0161irino dojemanja arhitekture in urbanizma, saj so si izbrani projekti med seboj druga\u010dni v kompleksnosti, \u0161irini, lokaciji in v samem bistvu. V avtorskem eseju se spra\u0161uje o kraju, ki ga definira kot skupek dejavnikov, kot so geografska danost, zgodovinski dogodki, ekonomsko stanje in odnosi med prebivajo\u010dimi, skupaj pa ti dejavniki tvorijo specifi\u010dno identiteto kraja. Na koncu avtorica povzame, da so spomini tisti, ki nastajajo v prostorih in v krajih, gradniki na\u0161e imaginacije.<\/p>\n\n\t\t<\/div>\n\t<\/div>\n<\/div><\/div><\/div><\/div><div class=\"vc_row wpb_row vc_row-fluid\"><div class=\"wpb_column vc_column_container vc_col-sm-12\"><div class=\"vc_column-inner\"><div class=\"wpb_wrapper\"><div class=\"vc_empty_space\"   style=\"height: 20px\"><span class=\"vc_empty_space_inner\"><\/span><\/div><div class=\"vc_separator wpb_content_element vc_separator_align_center vc_sep_width_100 vc_sep_pos_align_center vc_separator_no_text vc_sep_color_grey wpb_content_element  wpb_content_element\" ><span class=\"vc_sep_holder vc_sep_holder_l\"><span class=\"vc_sep_line\"><\/span><\/span><span class=\"vc_sep_holder vc_sep_holder_r\"><span class=\"vc_sep_line\"><\/span><\/span>\n<\/div><div class=\"vc_empty_space\"   style=\"height: 20px\"><span class=\"vc_empty_space_inner\"><\/span><\/div><div class=\"vc_btn3-container vc_btn3-inline vc_do_btn\" ><a class=\"vc_general vc_btn3 vc_btn3-size-sm vc_btn3-shape-square vc_btn3-style-flat vc_btn3-color-mulled-wine\" href=\"http:\/\/www.centerarhitekture.org\/en\/vurnikova-nagrada-2018\/\" title=\"\">Ve\u010d o Vurnikovi \u0161tudentski nagradi za leto 2018<\/a><\/div><div class=\"vc_empty_space\"   style=\"height: 32px\"><span class=\"vc_empty_space_inner\"><\/span><\/div><\/div><\/div><\/div><\/div>\n<\/div>","protected":false},"excerpt":{"rendered":"ODLOMEK PORO\u010cILA OCENJEVALNE KOMISIJE VURNIKOVE \u0160TUDENTSKE NAGRADE ZA LETO 2018 _arhitektka Sandy Attia, MoDus Architects, Italija _arhitekt Matev\u017e \u010celik, direktor Muzeja za arhitekturo in oblikovanje, Slovenija _arhitekt Ale\u0161 Vrhovec, Gregorc Vrhovec arhitekti, Slovenija VURNIKOVA \u0160TUDENTSKA NAGRADA: LEA STIPANI\u010c Osebna mapa Lee Stipani\u010d predstavlja zrelo senzibilnost in prepri\u010dljiv kompozicijski nadzor arhitekturnih projektov. Delo razkriva zmo\u017enost razvoja  [...]","protected":false},"author":1,"featured_media":0,"parent":0,"menu_order":0,"comment_status":"closed","ping_status":"closed","template":"","meta":{"iawp_total_views":3,"footnotes":""},"class_list":["post-2659","page","type-page","status-publish","hentry"],"_links":{"self":[{"href":"http:\/\/www.centerarhitekture.org\/en\/wp-json\/wp\/v2\/pages\/2659","targetHints":{"allow":["GET"]}}],"collection":[{"href":"http:\/\/www.centerarhitekture.org\/en\/wp-json\/wp\/v2\/pages"}],"about":[{"href":"http:\/\/www.centerarhitekture.org\/en\/wp-json\/wp\/v2\/types\/page"}],"author":[{"embeddable":true,"href":"http:\/\/www.centerarhitekture.org\/en\/wp-json\/wp\/v2\/users\/1"}],"replies":[{"embeddable":true,"href":"http:\/\/www.centerarhitekture.org\/en\/wp-json\/wp\/v2\/comments?post=2659"}],"version-history":[{"count":10,"href":"http:\/\/www.centerarhitekture.org\/en\/wp-json\/wp\/v2\/pages\/2659\/revisions"}],"predecessor-version":[{"id":3687,"href":"http:\/\/www.centerarhitekture.org\/en\/wp-json\/wp\/v2\/pages\/2659\/revisions\/3687"}],"wp:attachment":[{"href":"http:\/\/www.centerarhitekture.org\/en\/wp-json\/wp\/v2\/media?parent=2659"}],"curies":[{"name":"wp","href":"https:\/\/api.w.org\/{rel}","templated":true}]}}