{"id":2646,"date":"2020-01-15T08:52:01","date_gmt":"2020-01-15T07:52:01","guid":{"rendered":"http:\/\/www.centerarhitekture.org\/?page_id=2646"},"modified":"2022-11-14T14:05:06","modified_gmt":"2022-11-14T13:05:06","slug":"vurnikova-nagrada-2018","status":"publish","type":"page","link":"http:\/\/www.centerarhitekture.org\/en\/vurnikova-nagrada-2018\/","title":{"rendered":"Vurnikova \u0161tudentska nagrada 2018"},"content":{"rendered":"<div class=\"wpb-content-wrapper\"><div class=\"vc_row wpb_row vc_row-fluid\"><div class=\"wpb_column vc_column_container vc_col-sm-12\"><div class=\"vc_column-inner\"><div class=\"wpb_wrapper\"><div class=\"vc_empty_space\"   style=\"height: 32px\"><span class=\"vc_empty_space_inner\"><\/span><\/div><h2 style=\"color: #981618;text-align: left\" class=\"vc_custom_heading vc_do_custom_heading\" >VURNIKOVA \u0160TUDENTSKA NAGRADA ZA LETO 2018<\/h2><\/div><\/div><\/div><\/div><div class=\"vc_row wpb_row vc_row-fluid\"><div class=\"wpb_column vc_column_container vc_col-sm-6\"><div class=\"vc_column-inner\"><div class=\"wpb_wrapper\"><div class=\"vc_row wpb_row vc_inner vc_row-fluid\"><div class=\"wpb_column vc_column_container vc_col-sm-12\"><div class=\"vc_column-inner\"><div class=\"wpb_wrapper\">\n\t<div class=\"wpb_text_column wpb_content_element\" >\n\t\t<div class=\"wpb_wrapper\">\n\t\t\t<p>Vurnikova \u0161tudentska nagrada je kot priznanje za perspektivnega \u0161tudenta arhitekture ustanovljena na pobudo Centra arhitekture Slovenije ob skoraj\u0161nji stoletnici ustanovitve Oddelka za arhitekturo na Tehni\u0161ki fakulteti v Ljubljani, za katerega je bil zaslu\u017een <strong>arhitekt Ivan Vurnik<\/strong> (1884\u20121971). Nagrada, ki so jo tako idejno kot tudi finan\u010dno podprli Ob\u010dina Radovljica, Krajevna skupnost Radovljica, <strong>Fakulteta za arhitekturo Univerze v Ljubljani <\/strong>and <strong>Fakulteta za gradbeni\u0161tvo, prometno in\u017eenirstvo in arhitekturo Univerze v Mariboru<\/strong>, je \u010dastna in finan\u010dna. Vsako leto bo podeljena ena nagrada ter dve priznanji za celotni \u0161tudijski opus \u0161tudentom arhitekture 4. in 5. letnika enovitega magistrskega \u0161tudija ali 1. in 2. letnika enostopenjskega magistrskega \u0161tudija smer arhitektura in urbanizem obeh fakultet Univerze v Ljubljani ter Univerze v Mariboru.<\/p>\n\n\t\t<\/div>\n\t<\/div>\n<\/div><\/div><\/div><\/div>\n\t<div class=\"wpb_text_column wpb_content_element\" >\n\t\t<div class=\"wpb_wrapper\">\n\t\t\t<p>Prijava je morala vsebovati osebno mapo z ne ve\u010d kot 15 projekti ter esej o arhitekturi in\/ali urbanizmu. Prva nagrada je vredna 1500 EUR (neto) in je namenjena \u0161tudijskemu potovanju, dobitnica Lea Stipani\u010d pa je na naslednjih Vurnikovih dnevih 2019 pripravila tudi predavanje o izku\u0161nji in vplivu na razmi\u0161ljanje in delo na strokovnem podro\u010dju. Dobitnika dveh \u010dastnih priznanj, ki sta bila nagrajena s 300 EUR (neto), pa nista obvezana, da denar porabita namensko.<\/p>\n\n\t\t<\/div>\n\t<\/div>\n\n\t<div class=\"wpb_text_column wpb_content_element\" >\n\t\t<div class=\"wpb_wrapper\">\n\t\t\t<p>Dela prijavljenih \u0161tudentov\/\u0161tudentk je pretehtala strokovna \u017eirija v sestavi:<br \/>\n_<strong><span style=\"color: #981618;\">arhitektka Sandy Attia<\/span><\/strong>, MoDus Architects, Italija<br \/>\n_<strong><span style=\"color: #981618;\">arhitekt Matev\u017e \u010celik<\/span><\/strong>, direktor Muzeja za arhitekturo in oblikovanje, Slovenija<br \/>\n_<strong><span style=\"color: #981618;\">arhitekt Ale\u0161 Vrhovec<\/span><\/strong>, Gregorc Vrhovec arhitekti, Slovenija<\/p>\n<p>Strokovna \u017eirija je nagrajence izbrala glede na kriterije kakovosti, edinstvenosti, inovativnosti izbranih predstavljenih projektov ter eseju in njegovem doprinosu k razmisleku o arhitekturi in urbanizmu.<\/p>\n<p>Ob podelitvi Vurnikove \u0161tudentske nagrade in dveh priznanj, ki vedno poteka na Vurnikov rojstni dan, 1. junija, je v Radovlji\u0161ki gra\u0161\u010dini bila na ogled tudi razstava vseh prijavljenih del.<\/p>\n\n\t\t<\/div>\n\t<\/div>\n<\/div><\/div><\/div><div class=\"wpb_column vc_column_container vc_col-sm-6\"><div class=\"vc_column-inner\"><div class=\"wpb_wrapper\"><div class=\"vc_row wpb_row vc_inner vc_row-fluid\"><div class=\"wpb_column vc_column_container vc_col-sm-9\"><div class=\"vc_column-inner\"><div class=\"wpb_wrapper\">\n\t<div class=\"wpb_text_column wpb_content_element vc_custom_1584455711517\" >\n\t\t<div class=\"wpb_wrapper\">\n\t\t\t<p><strong>Prejemniki Vurnikovih \u0161tudentskih odli\u010dij za leto 2018 so:<\/strong><br \/>\n_<strong><span style=\"color: #981618;\">Lea Stipani\u010d<\/span><\/strong>, Vurnikova \u0161tudentska nagrada za leto 2018<br \/>\n_<strong><span style=\"color: #981618;\">Janja \u0160u\u0161njar<\/span><\/strong>, Vurnikovo \u0161tudentsko priznanje za leto 2018<br \/>\n_<strong><span style=\"color: #981618;\">Tadej Urh<\/span><\/strong>, Vurnikovo \u0161tudentsko priznanje za leto 2018<\/p>\n\n\t\t<\/div>\n\t<\/div>\n<\/div><\/div><\/div><div class=\"wpb_column vc_column_container vc_col-sm-3\"><div class=\"vc_column-inner\"><div class=\"wpb_wrapper\">\n\t<div  class=\"wpb_single_image wpb_content_element vc_align_left wpb_content_element\">\n\t\t\n\t\t<figure class=\"wpb_wrapper vc_figure\">\n\t\t\t<div class=\"vc_single_image-wrapper   vc_box_border_grey\"><img decoding=\"async\" width=\"2086\" height=\"2086\" src=\"https:\/\/www.centerarhitekture.org\/ca\/wp-content\/uploads\/2019\/07\/vurnikova-nagrada_logo.png\" class=\"vc_single_image-img attachment-full\" alt=\"\" title=\"vurnikova nagrada_logo\" srcset=\"https:\/\/www.centerarhitekture.org\/ca\/wp-content\/uploads\/2019\/07\/vurnikova-nagrada_logo-66x66.png 66w, https:\/\/www.centerarhitekture.org\/ca\/wp-content\/uploads\/2019\/07\/vurnikova-nagrada_logo-100x100.png 100w, https:\/\/www.centerarhitekture.org\/ca\/wp-content\/uploads\/2019\/07\/vurnikova-nagrada_logo-150x150.png 150w, https:\/\/www.centerarhitekture.org\/ca\/wp-content\/uploads\/2019\/07\/vurnikova-nagrada_logo-200x200.png 200w, https:\/\/www.centerarhitekture.org\/ca\/wp-content\/uploads\/2019\/07\/vurnikova-nagrada_logo-300x300.png 300w, https:\/\/www.centerarhitekture.org\/ca\/wp-content\/uploads\/2019\/07\/vurnikova-nagrada_logo-400x400.png 400w, https:\/\/www.centerarhitekture.org\/ca\/wp-content\/uploads\/2019\/07\/vurnikova-nagrada_logo-500x500.png 500w, https:\/\/www.centerarhitekture.org\/ca\/wp-content\/uploads\/2019\/07\/vurnikova-nagrada_logo-600x600.png 600w, https:\/\/www.centerarhitekture.org\/ca\/wp-content\/uploads\/2019\/07\/vurnikova-nagrada_logo-700x700.png 700w, https:\/\/www.centerarhitekture.org\/ca\/wp-content\/uploads\/2019\/07\/vurnikova-nagrada_logo-768x768.png 768w, https:\/\/www.centerarhitekture.org\/ca\/wp-content\/uploads\/2019\/07\/vurnikova-nagrada_logo-800x800.png 800w, https:\/\/www.centerarhitekture.org\/ca\/wp-content\/uploads\/2019\/07\/vurnikova-nagrada_logo-1024x1024.png 1024w, https:\/\/www.centerarhitekture.org\/ca\/wp-content\/uploads\/2019\/07\/vurnikova-nagrada_logo-1200x1200.png 1200w, https:\/\/www.centerarhitekture.org\/ca\/wp-content\/uploads\/2019\/07\/vurnikova-nagrada_logo.png 2086w\" sizes=\"(max-width: 2086px) 100vw, 2086px\" \/><\/div>\n\t\t<\/figure>\n\t<\/div>\n<\/div><\/div><\/div><\/div>\n\t<div  class=\"wpb_single_image wpb_content_element vc_align_left wpb_content_element\">\n\t\t\n\t\t<figure class=\"wpb_wrapper vc_figure\">\n\t\t\t<a href=\"http:\/\/www.centerarhitekture.org\/en\/2466-2\/\" target=\"_self\" class=\"vc_single_image-wrapper   vc_box_border_grey\"><img decoding=\"async\" width=\"800\" height=\"529\" src=\"https:\/\/www.centerarhitekture.org\/ca\/wp-content\/uploads\/2019\/07\/DSC09708.jpg\" class=\"vc_single_image-img attachment-full\" alt=\"\" title=\"DSC09708\" srcset=\"https:\/\/www.centerarhitekture.org\/ca\/wp-content\/uploads\/2019\/07\/DSC09708-200x132.jpg 200w, https:\/\/www.centerarhitekture.org\/ca\/wp-content\/uploads\/2019\/07\/DSC09708-300x198.jpg 300w, https:\/\/www.centerarhitekture.org\/ca\/wp-content\/uploads\/2019\/07\/DSC09708-400x265.jpg 400w, https:\/\/www.centerarhitekture.org\/ca\/wp-content\/uploads\/2019\/07\/DSC09708-500x331.jpg 500w, https:\/\/www.centerarhitekture.org\/ca\/wp-content\/uploads\/2019\/07\/DSC09708-600x397.jpg 600w, https:\/\/www.centerarhitekture.org\/ca\/wp-content\/uploads\/2019\/07\/DSC09708-700x463.jpg 700w, https:\/\/www.centerarhitekture.org\/ca\/wp-content\/uploads\/2019\/07\/DSC09708-768x508.jpg 768w, https:\/\/www.centerarhitekture.org\/ca\/wp-content\/uploads\/2019\/07\/DSC09708.jpg 800w\" sizes=\"(max-width: 800px) 100vw, 800px\" \/><\/a>\n\t\t<\/figure>\n\t<\/div>\n<div class=\"vc_empty_space\"   style=\"height: 14px\"><span class=\"vc_empty_space_inner\"><\/span><\/div><\/div><\/div><\/div><\/div><div class=\"vc_row wpb_row vc_row-fluid\"><div class=\"wpb_column vc_column_container vc_col-sm-6\"><div class=\"vc_column-inner\"><div class=\"wpb_wrapper\"><div class=\"vc_empty_space\"   style=\"height: 14px\"><span class=\"vc_empty_space_inner\"><\/span><\/div><div class=\"vc_btn3-container vc_btn3-inline vc_do_btn\" ><a class=\"vc_general vc_btn3 vc_btn3-size-sm vc_btn3-shape-square vc_btn3-style-flat vc_btn3-color-mulled-wine\" href=\"http:\/\/www.centerarhitekture.org\/en\/2466-2\/\" title=\"\">GALERIJA: Podelitev prve Vurnikove \u0161tudentske nagrade za leto 2018<\/a><\/div><div class=\"vc_btn3-container vc_btn3-inline vc_do_btn\" ><button class=\"vc_general vc_btn3 vc_btn3-size-sm vc_btn3-shape-square vc_btn3-style-flat vc_btn3-color-mulled-wine\">SPLETNA RAZSTAVA: VURNIKOVA \u0160TUDENTSKA NAGRADA ZA LETO 2018<\/button><\/div><div class=\"vc_btn3-container vc_btn3-inline vc_do_btn\" ><a class=\"vc_general vc_btn3 vc_btn3-size-sm vc_btn3-shape-square vc_btn3-style-flat vc_btn3-color-mulled-wine\" href=\"https:\/\/www.centerarhitekture.org\/en\/vurnikova-nagrada-2018-avtorski-esej\/\" title=\"\">ESEJ PREJEMNICE VURNIKOVE \u0160TUDENTSKE NAGRADE ZA LETO 2018<\/a><\/div><div class=\"vc_btn3-container vc_btn3-inline vc_do_btn\" ><a class=\"vc_general vc_btn3 vc_btn3-size-sm vc_btn3-shape-square vc_btn3-style-flat vc_btn3-color-mulled-wine\" href=\"https:\/\/www.centerarhitekture.org\/en\/vurnikova-nagrada-2018-avtorska-eseja\/\" title=\"\">ESEJA NAGRAJENIH PREDLOGOV ZA VURNIKOVO \u0160TUDENTSKO NAGRADO 2018<\/a><\/div><\/div><\/div><\/div><div class=\"wpb_column vc_column_container vc_col-sm-6\"><div class=\"vc_column-inner\"><div class=\"wpb_wrapper\"><div class=\"vc_empty_space\"   style=\"height: 14px\"><span class=\"vc_empty_space_inner\"><\/span><\/div><div class=\"vc_btn3-container vc_btn3-inline vc_do_btn\" ><a class=\"vc_general vc_btn3 vc_btn3-size-sm vc_btn3-shape-square vc_btn3-style-flat vc_btn3-color-mulled-wine\" href=\"http:\/\/www.centerarhitekture.org\/ca\/wp-content\/uploads\/2019\/07\/4_vurnikova-studentska-nagrada_katalog.pdf\" title=\"\">KATALOG VURNIKOVA \u0160TUDENTSKA NAGRADA ZA LETO 2018<\/a><\/div><div class=\"vc_btn3-container vc_btn3-inline vc_do_btn\" ><a class=\"vc_general vc_btn3 vc_btn3-size-sm vc_btn3-shape-square vc_btn3-style-flat vc_btn3-color-mulled-wine\" href=\"http:\/\/www.centerarhitekture.org\/en\/odlomek-porocila-ocenjevalne-komisije-vurnikova-nagrada-2018\/\" title=\"\">ODLOMEK PORO\u010cILA OCENJEVALNE KOMISIJE<\/a><\/div><\/div><\/div><\/div><\/div><div class=\"vc_row wpb_row vc_row-fluid\"><div class=\"wpb_column vc_column_container vc_col-sm-12\"><div class=\"vc_column-inner\"><div class=\"wpb_wrapper\"><div class=\"vc_empty_space\"   style=\"height: 32px\"><span class=\"vc_empty_space_inner\"><\/span><\/div><\/div><\/div><\/div><\/div>\n<\/div>","protected":false},"excerpt":{"rendered":"VURNIKOVA \u0160TUDENTSKA NAGRADA ZA LETO 2018 Vurnikova \u0161tudentska nagrada je kot priznanje za perspektivnega \u0161tudenta arhitekture ustanovljena na pobudo Centra arhitekture Slovenije ob skoraj\u0161nji stoletnici ustanovitve Oddelka za arhitekturo na Tehni\u0161ki fakulteti v Ljubljani, za katerega je bil zaslu\u017een arhitekt Ivan Vurnik (1884\u20121971). Nagrada, ki so jo tako idejno kot tudi finan\u010dno podprli Ob\u010dina Radovljica,  [...]","protected":false},"author":1,"featured_media":0,"parent":0,"menu_order":0,"comment_status":"closed","ping_status":"closed","template":"","meta":{"iawp_total_views":89,"footnotes":""},"class_list":["post-2646","page","type-page","status-publish","hentry"],"_links":{"self":[{"href":"http:\/\/www.centerarhitekture.org\/en\/wp-json\/wp\/v2\/pages\/2646","targetHints":{"allow":["GET"]}}],"collection":[{"href":"http:\/\/www.centerarhitekture.org\/en\/wp-json\/wp\/v2\/pages"}],"about":[{"href":"http:\/\/www.centerarhitekture.org\/en\/wp-json\/wp\/v2\/types\/page"}],"author":[{"embeddable":true,"href":"http:\/\/www.centerarhitekture.org\/en\/wp-json\/wp\/v2\/users\/1"}],"replies":[{"embeddable":true,"href":"http:\/\/www.centerarhitekture.org\/en\/wp-json\/wp\/v2\/comments?post=2646"}],"version-history":[{"count":21,"href":"http:\/\/www.centerarhitekture.org\/en\/wp-json\/wp\/v2\/pages\/2646\/revisions"}],"predecessor-version":[{"id":4695,"href":"http:\/\/www.centerarhitekture.org\/en\/wp-json\/wp\/v2\/pages\/2646\/revisions\/4695"}],"wp:attachment":[{"href":"http:\/\/www.centerarhitekture.org\/en\/wp-json\/wp\/v2\/media?parent=2646"}],"curies":[{"name":"wp","href":"https:\/\/api.w.org\/{rel}","templated":true}]}}