{"id":2636,"date":"2020-01-15T08:28:55","date_gmt":"2020-01-15T07:28:55","guid":{"rendered":"http:\/\/www.centerarhitekture.org\/?page_id=2636"},"modified":"2022-11-14T14:08:18","modified_gmt":"2022-11-14T13:08:18","slug":"vurnikova-nagrada-2019","status":"publish","type":"page","link":"http:\/\/www.centerarhitekture.org\/en\/vurnikova-nagrada-2019\/","title":{"rendered":"Vurnikova \u0161tudentska nagrada 2019"},"content":{"rendered":"<div class=\"wpb-content-wrapper\"><div class=\"vc_row wpb_row vc_row-fluid\"><div class=\"wpb_column vc_column_container vc_col-sm-12\"><div class=\"vc_column-inner\"><div class=\"wpb_wrapper\"><div class=\"vc_empty_space\"   style=\"height: 32px\"><span class=\"vc_empty_space_inner\"><\/span><\/div><h2 style=\"color: #981618;text-align: left\" class=\"vc_custom_heading vc_do_custom_heading\" >VURNIKOVA \u0160TUDENTSKA NAGRADA ZA LETO 2019<\/h2><\/div><\/div><\/div><\/div><div class=\"vc_row wpb_row vc_row-fluid\"><div class=\"wpb_column vc_column_container vc_col-sm-6\"><div class=\"vc_column-inner\"><div class=\"wpb_wrapper\"><div class=\"vc_row wpb_row vc_inner vc_row-fluid\"><div class=\"wpb_column vc_column_container vc_col-sm-12\"><div class=\"vc_column-inner\"><div class=\"wpb_wrapper\">\n\t<div class=\"wpb_text_column wpb_content_element\" >\n\t\t<div class=\"wpb_wrapper\">\n\t\t\t<p>Prijava je morala vsebovati osebno mapo z izbranimi projekti ter esej o arhitekturi in\/ali urbanizmu. Prva nagrada je vredna 1500 evrov (neto) in je namenjena \u0161tudijskemu potovanju, dobitnik oziroma dobitnica pa bo na naslednjih Vurnikovih dnevih v za\u010detku prihodnjega junija moral(a) pripraviti tudi predavanje o izku\u0161nji in vplivu na razmi\u0161ljanje in delo na strokovnem podro\u010dju. Dobitnika dveh \u010dastnih priznanj, ki bosta nagrajena s 300 evri (neto), pa nista obvezana, da denar porabita namensko.<\/p>\n\n\t\t<\/div>\n\t<\/div>\n<\/div><\/div><\/div><\/div>\n\t<div class=\"wpb_text_column wpb_content_element\" >\n\t\t<div class=\"wpb_wrapper\">\n\t\t\t<p>Prejeli smo 16 del prijavljenih \u0161tudentk\/\u0161tudentov, ki jih je pretehtala strokovna \u017eirija, ki so jo sestavljali:<br \/>\n_<strong><span style=\"color: #981618;\">arhitektka Alenka Korenjak<\/span><\/strong><strong>, <\/strong>Kombinat arhitekti in soustanoviteljica Kulturnega dru\u0161tva prostoRo\u017e, Slovenija<br \/>\n<strong>_<span style=\"color: #981618;\">arhitekt Milan Tomac<\/span>, <\/strong>arhitekturni biro ENOTA, Slovenija<br \/>\n<strong>_<span style=\"color: #981618;\">arhitektka Sonja Hohengasser<\/span>, <\/strong>Hohengasser Wirnsberger Architekten, Avstrija<\/p>\n<p>Strokovna \u017eirija je nagrajence izbrala glede na kriterije kakovosti, edinstvenosti, inovativnosti izbranih predstavljenih projektov ter eseju in njegovem doprinosu k razmisleku o arhitekturi in urbanizmu.<\/p>\n\n\t\t<\/div>\n\t<\/div>\n\n\t<div class=\"wpb_text_column wpb_content_element\" >\n\t\t<div class=\"wpb_wrapper\">\n\t\t\t<p>Podeljena je bila ena nagrada ter dve priznanji za celotni prijavljeni \u0161tudijski opus \u0161tudentom arhitekture 4. in 5. letnika enovitega magistrskega \u0161tudija ali 1. in 2. letnika enostopenjskega magistrskega \u0161tudija smer arhitektura in urbanizem obeh fakultet Univerze v Ljubljani ter Univerze v Mariboru.<\/p>\n\n\t\t<\/div>\n\t<\/div>\n\n\t<div class=\"wpb_text_column wpb_content_element\" >\n\t\t<div class=\"wpb_wrapper\">\n\t\t\t<p>Ob podelitvi Vurnikove \u0161tudentske nagrade in dveh priznanj, ki vedno poteka na Vurnikov rojstni dan, 1. junija, je v Radovlji\u0161ki gra\u0161\u010dini bila na ogled tudi razstava vseh prijavljenih del.<\/p>\n\n\t\t<\/div>\n\t<\/div>\n<\/div><\/div><\/div><div class=\"wpb_column vc_column_container vc_col-sm-6\"><div class=\"vc_column-inner\"><div class=\"wpb_wrapper\"><div class=\"vc_row wpb_row vc_inner vc_row-fluid\"><div class=\"wpb_column vc_column_container vc_col-sm-9\"><div class=\"vc_column-inner\"><div class=\"wpb_wrapper\">\n\t<div class=\"wpb_text_column wpb_content_element vc_custom_1584456184627\" >\n\t\t<div class=\"wpb_wrapper\">\n\t\t\t<p><strong>Prejemniki Vurnikovih \u0161tudentskih odli\u010dij za leto 2019 so:<\/strong><br \/>\n_<strong><span style=\"color: #981618;\">Ana Erjavec<\/span><\/strong>, Vurnikova \u0161tudentska nagrada za leto 2019<br \/>\n_<strong><span style=\"color: #981618;\">Miha Ga\u0161perin<\/span><\/strong>, Vurnikovo \u0161tudentsko priznanje za leto 2019<br \/>\n_<strong><span style=\"color: #981618;\">Nu\u0161a Zupanc<\/span><\/strong>, Vurnikovo \u0161tudentsko priznanje za leto 2019<\/p>\n\n\t\t<\/div>\n\t<\/div>\n<\/div><\/div><\/div><div class=\"wpb_column vc_column_container vc_col-sm-3\"><div class=\"vc_column-inner\"><div class=\"wpb_wrapper\">\n\t<div  class=\"wpb_single_image wpb_content_element vc_align_left wpb_content_element\">\n\t\t\n\t\t<figure class=\"wpb_wrapper vc_figure\">\n\t\t\t<div class=\"vc_single_image-wrapper   vc_box_border_grey\"><img decoding=\"async\" width=\"2086\" height=\"2086\" src=\"https:\/\/www.centerarhitekture.org\/ca\/wp-content\/uploads\/2019\/07\/vurnikova-nagrada_logo.png\" class=\"vc_single_image-img attachment-full\" alt=\"\" title=\"vurnikova nagrada_logo\" srcset=\"https:\/\/www.centerarhitekture.org\/ca\/wp-content\/uploads\/2019\/07\/vurnikova-nagrada_logo-66x66.png 66w, https:\/\/www.centerarhitekture.org\/ca\/wp-content\/uploads\/2019\/07\/vurnikova-nagrada_logo-100x100.png 100w, https:\/\/www.centerarhitekture.org\/ca\/wp-content\/uploads\/2019\/07\/vurnikova-nagrada_logo-150x150.png 150w, https:\/\/www.centerarhitekture.org\/ca\/wp-content\/uploads\/2019\/07\/vurnikova-nagrada_logo-200x200.png 200w, https:\/\/www.centerarhitekture.org\/ca\/wp-content\/uploads\/2019\/07\/vurnikova-nagrada_logo-300x300.png 300w, https:\/\/www.centerarhitekture.org\/ca\/wp-content\/uploads\/2019\/07\/vurnikova-nagrada_logo-400x400.png 400w, https:\/\/www.centerarhitekture.org\/ca\/wp-content\/uploads\/2019\/07\/vurnikova-nagrada_logo-500x500.png 500w, https:\/\/www.centerarhitekture.org\/ca\/wp-content\/uploads\/2019\/07\/vurnikova-nagrada_logo-600x600.png 600w, https:\/\/www.centerarhitekture.org\/ca\/wp-content\/uploads\/2019\/07\/vurnikova-nagrada_logo-700x700.png 700w, https:\/\/www.centerarhitekture.org\/ca\/wp-content\/uploads\/2019\/07\/vurnikova-nagrada_logo-768x768.png 768w, https:\/\/www.centerarhitekture.org\/ca\/wp-content\/uploads\/2019\/07\/vurnikova-nagrada_logo-800x800.png 800w, https:\/\/www.centerarhitekture.org\/ca\/wp-content\/uploads\/2019\/07\/vurnikova-nagrada_logo-1024x1024.png 1024w, https:\/\/www.centerarhitekture.org\/ca\/wp-content\/uploads\/2019\/07\/vurnikova-nagrada_logo-1200x1200.png 1200w, https:\/\/www.centerarhitekture.org\/ca\/wp-content\/uploads\/2019\/07\/vurnikova-nagrada_logo.png 2086w\" sizes=\"(max-width: 2086px) 100vw, 2086px\" \/><\/div>\n\t\t<\/figure>\n\t<\/div>\n<\/div><\/div><\/div><\/div>\n\t<div  class=\"wpb_single_image wpb_content_element vc_align_left wpb_content_element\">\n\t\t\n\t\t<figure class=\"wpb_wrapper vc_figure\">\n\t\t\t<a href=\"http:\/\/www.centerarhitekture.org\/en\/podelitev-druge-vurnikove-studentske-nagrade\/\" target=\"_self\" class=\"vc_single_image-wrapper   vc_box_border_grey\"><img decoding=\"async\" width=\"800\" height=\"534\" src=\"https:\/\/www.centerarhitekture.org\/ca\/wp-content\/uploads\/2020\/01\/DSC02515.jpg\" class=\"vc_single_image-img attachment-full\" alt=\"\" title=\"DSC02515\" srcset=\"https:\/\/www.centerarhitekture.org\/ca\/wp-content\/uploads\/2020\/01\/DSC02515-200x134.jpg 200w, https:\/\/www.centerarhitekture.org\/ca\/wp-content\/uploads\/2020\/01\/DSC02515-300x200.jpg 300w, https:\/\/www.centerarhitekture.org\/ca\/wp-content\/uploads\/2020\/01\/DSC02515-400x267.jpg 400w, https:\/\/www.centerarhitekture.org\/ca\/wp-content\/uploads\/2020\/01\/DSC02515-500x334.jpg 500w, https:\/\/www.centerarhitekture.org\/ca\/wp-content\/uploads\/2020\/01\/DSC02515-600x401.jpg 600w, https:\/\/www.centerarhitekture.org\/ca\/wp-content\/uploads\/2020\/01\/DSC02515-700x467.jpg 700w, https:\/\/www.centerarhitekture.org\/ca\/wp-content\/uploads\/2020\/01\/DSC02515-768x513.jpg 768w, https:\/\/www.centerarhitekture.org\/ca\/wp-content\/uploads\/2020\/01\/DSC02515.jpg 800w\" sizes=\"(max-width: 800px) 100vw, 800px\" \/><\/a>\n\t\t<\/figure>\n\t<\/div>\n<div class=\"vc_empty_space\"   style=\"height: 14px\"><span class=\"vc_empty_space_inner\"><\/span><\/div><\/div><\/div><\/div><\/div><div class=\"vc_row wpb_row vc_row-fluid\"><div class=\"wpb_column vc_column_container vc_col-sm-6\"><div class=\"vc_column-inner\"><div class=\"wpb_wrapper\"><div class=\"vc_btn3-container vc_btn3-inline vc_do_btn\" ><a class=\"vc_general vc_btn3 vc_btn3-size-sm vc_btn3-shape-square vc_btn3-style-flat vc_btn3-color-mulled-wine\" href=\"http:\/\/www.centerarhitekture.org\/en\/podelitev-druge-vurnikove-studentske-nagrade\/\" title=\"\">GALERIJA: Podelitev Vurnikove \u0161tudentske nagrade za leto 2019<\/a><\/div><div class=\"vc_btn3-container vc_btn3-inline vc_do_btn\" ><a class=\"vc_general vc_btn3 vc_btn3-size-sm vc_btn3-shape-square vc_btn3-style-flat vc_btn3-color-mulled-wine\" href=\"https:\/\/www.centerarhitekture.org\/en\/vurnikova-nagrada-2019\/avtorski-esej\/\" title=\"\">ESEJ PREJEMNICE VURNIKOVE \u0160TUDENTSKE NAGRADE ZA LETO 2019<\/a><\/div><div class=\"vc_btn3-container vc_btn3-inline vc_do_btn\" ><a class=\"vc_general vc_btn3 vc_btn3-size-sm vc_btn3-shape-square vc_btn3-style-flat vc_btn3-color-mulled-wine\" href=\"https:\/\/www.centerarhitekture.org\/en\/vurnikova-nagrada-2019\/vurnikova-nagrada-2019-avtorski-eseji\/\" title=\"\">ESEJA NAGRAJENIH PREDLOGOV ZA VURNIKOVO \u0160TUDENTSKO NAGRADO 2019<\/a><\/div><\/div><\/div><\/div><div class=\"wpb_column vc_column_container vc_col-sm-6\"><div class=\"vc_column-inner\"><div class=\"wpb_wrapper\"><div class=\"vc_btn3-container vc_btn3-inline vc_do_btn\" ><a class=\"vc_general vc_btn3 vc_btn3-size-sm vc_btn3-shape-square vc_btn3-style-flat vc_btn3-color-mulled-wine\" href=\"http:\/\/www.centerarhitekture.org\/ca\/wp-content\/uploads\/2019\/07\/4_vurnikova-studentska-nagrada_katalog19-2.pdf\" title=\"\">KATALOG VURNIKOVA \u0160TUDENTSKA NAGRADA ZA LETO 2019<\/a><\/div><div class=\"vc_btn3-container vc_btn3-inline vc_do_btn\" ><a class=\"vc_general vc_btn3 vc_btn3-size-sm vc_btn3-shape-square vc_btn3-style-flat vc_btn3-color-mulled-wine\" href=\"http:\/\/www.centerarhitekture.org\/en\/odlomek-porocila-vurnikova-nagrada-2019\/\" title=\"\">ODLOMEK PORO\u010cILA OCENJEVALNE KOMISIJE<\/a><\/div><\/div><\/div><\/div><\/div><div class=\"vc_row wpb_row vc_row-fluid\"><div class=\"wpb_column vc_column_container vc_col-sm-12\"><div class=\"vc_column-inner\"><div class=\"wpb_wrapper\"><div class=\"vc_empty_space\"   style=\"height: 32px\"><span class=\"vc_empty_space_inner\"><\/span><\/div><div class=\"vc_empty_space\"   style=\"height: 32px\"><span class=\"vc_empty_space_inner\"><\/span><\/div><\/div><\/div><\/div><\/div>\n<\/div>","protected":false},"excerpt":{"rendered":"VURNIKOVA \u0160TUDENTSKA NAGRADA ZA LETO 2019 Prijava je morala vsebovati osebno mapo z izbranimi projekti ter esej o arhitekturi in\/ali urbanizmu. Prva nagrada je vredna 1500 evrov (neto) in je namenjena \u0161tudijskemu potovanju, dobitnik oziroma dobitnica pa bo na naslednjih Vurnikovih dnevih v za\u010detku prihodnjega junija moral(a) pripraviti tudi predavanje o izku\u0161nji in vplivu na  [...]","protected":false},"author":1,"featured_media":0,"parent":0,"menu_order":0,"comment_status":"closed","ping_status":"closed","template":"","meta":{"iawp_total_views":108,"footnotes":""},"class_list":["post-2636","page","type-page","status-publish","hentry"],"_links":{"self":[{"href":"http:\/\/www.centerarhitekture.org\/en\/wp-json\/wp\/v2\/pages\/2636","targetHints":{"allow":["GET"]}}],"collection":[{"href":"http:\/\/www.centerarhitekture.org\/en\/wp-json\/wp\/v2\/pages"}],"about":[{"href":"http:\/\/www.centerarhitekture.org\/en\/wp-json\/wp\/v2\/types\/page"}],"author":[{"embeddable":true,"href":"http:\/\/www.centerarhitekture.org\/en\/wp-json\/wp\/v2\/users\/1"}],"replies":[{"embeddable":true,"href":"http:\/\/www.centerarhitekture.org\/en\/wp-json\/wp\/v2\/comments?post=2636"}],"version-history":[{"count":39,"href":"http:\/\/www.centerarhitekture.org\/en\/wp-json\/wp\/v2\/pages\/2636\/revisions"}],"predecessor-version":[{"id":2973,"href":"http:\/\/www.centerarhitekture.org\/en\/wp-json\/wp\/v2\/pages\/2636\/revisions\/2973"}],"wp:attachment":[{"href":"http:\/\/www.centerarhitekture.org\/en\/wp-json\/wp\/v2\/media?parent=2636"}],"curies":[{"name":"wp","href":"https:\/\/api.w.org\/{rel}","templated":true}]}}