{"id":2602,"date":"2019-07-18T18:28:18","date_gmt":"2019-07-18T16:28:18","guid":{"rendered":"http:\/\/www.centerarhitekture.org\/?page_id=2602"},"modified":"2020-10-26T11:50:13","modified_gmt":"2020-10-26T10:50:13","slug":"odlomek-porocila-vurnikova-nagrada-2019","status":"publish","type":"page","link":"http:\/\/www.centerarhitekture.org\/en\/odlomek-porocila-vurnikova-nagrada-2019\/","title":{"rendered":"Odlomek poro\u010dila ocenjevalne komisije Vurnikova nagrada 2019"},"content":{"rendered":"<div class=\"wpb-content-wrapper\"><div class=\"vc_row wpb_row vc_row-fluid\"><div class=\"wpb_column vc_column_container vc_col-sm-12\"><div class=\"vc_column-inner\"><div class=\"wpb_wrapper\"><div class=\"vc_empty_space\"   style=\"height: 32px\"><span class=\"vc_empty_space_inner\"><\/span><\/div><h2 style=\"color: #981618;text-align: left\" class=\"vc_custom_heading vc_do_custom_heading\" >ODLOMEK PORO\u010cILA OCENJEVALNE KOMISIJE VURNIKOVE \u0160TUDENTSKE NAGRADE ZA LETO 2019<\/h2><div class=\"vc_empty_space\"   style=\"height: 20px\"><span class=\"vc_empty_space_inner\"><\/span><\/div>\n\t<div class=\"wpb_text_column wpb_content_element\" >\n\t\t<div class=\"wpb_wrapper\">\n\t\t\t<p><strong>_arhitektka Alenka Korenjak<\/strong>, Kombinat arhitekti in soustanoviteljica Kulturnega dru\u0161tva prostoRo\u017e, Slovenija<br \/>\n<strong>_arhitekt Milan Tomac<\/strong>, arhitekturni biro ENOTA, Slovenija<br \/>\n<strong>_arhitektka Sonja Hohengasser<\/strong>, Hohengasser Wirnsberger Architekten, Avstrija<\/p>\n\n\t\t<\/div>\n\t<\/div>\n<div class=\"vc_empty_space\"   style=\"height: 20px\"><span class=\"vc_empty_space_inner\"><\/span><\/div><div class=\"vc_separator wpb_content_element vc_separator_align_center vc_sep_width_100 vc_sep_pos_align_center vc_separator_no_text vc_sep_color_grey wpb_content_element  wpb_content_element\" ><span class=\"vc_sep_holder vc_sep_holder_l\"><span class=\"vc_sep_line\"><\/span><\/span><span class=\"vc_sep_holder vc_sep_holder_r\"><span class=\"vc_sep_line\"><\/span><\/span>\n<\/div><div class=\"vc_empty_space\"   style=\"height: 20px\"><span class=\"vc_empty_space_inner\"><\/span><\/div><\/div><\/div><\/div><\/div><div class=\"vc_row wpb_row vc_row-fluid\"><div class=\"wpb_column vc_column_container vc_col-sm-6\"><div class=\"vc_column-inner\"><div class=\"wpb_wrapper\">\n\t<div class=\"wpb_text_column wpb_content_element\" >\n\t\t<div class=\"wpb_wrapper\">\n\t\t\t<p>Pri pregledovanju osebnih map je ocenjevalno komisijo bolj kot merilo in obseg predstavljenih projektov zanimala predvsem osebna nota posameznika. Arhitektura je vse bolj timsko delo, vendar vsak posameznik doprinese nekaj k skupnemu, in v osebni mapi smo iskali prav to. Kaj je tisto, kar je doprinos ali zanimanje posameznika v dolo\u010denem projektu?<\/p>\n<p>\u017de pri prvem branju smo se \u010dlani \u017eirije strinjali, da so prav vsa dela kakovostna, relevantna in zanimiva. Takoj smo se zavedeli, da bo naloga te\u017eka in \u017ee na tem mestu izrekamo prve \u010destitke prav vsem \u0161tudentom za kvalitetne eseje, nove ideje in razmisleke ter ki jih prina\u0161ate v slovenski prostor.<\/p>\n<p>Pri izboru treh najbolj\u0161ih del je ocenjevalna komisija imela v mislih tudi pestrost razli\u010dnih pristopov k pisanju: od izrazito literarnega pristopa k arhitekturi, preko kriti\u010dnega arhitekturnega pisanja, do osebnega \u017eurnalisti\u010dnega dru\u017ebeno kriti\u010dnega razmisleka o vlogi arhitekta v dana\u0161nji dru\u017ebi. Vsi pristopi in vsi na\u010dini razmi\u0161ljanja so dobrodo\u0161li.<\/p>\n<p>Prejemnica Vurnikove \u0161tudentske nagrade za leto 2019 je Ana Erjavec.<\/p>\n<p>Ana v svojem eseju uporablja besedi\u0161\u010de, razumljivo \u0161ir\u0161i javnosti, saj &#8211; kot pravi, \u00bbje treba arhitekturo osvoboditi mej znotraj stroke in jo pripeljati nazaj med ljudi. Sloga javnosti in stroke bo vodila v uspe\u0161no urejeno okolje, ki bo dru\u017ebi zagotavljalo rast in razvoj.\u00ab Zelo zanimiva je njena definicija razvoja, za katerega pravi, da njegov smisel ni odtujenost, temve\u010d razbremenjenost. \u017dirija je v njenem dru\u017ebenozavednem delu, ki je jasno razviden tudi iz njene osebne mape, prepoznala velik doprinos k razmisleku o arhitekturi in prostoru. Ana se spra\u0161uje o vlogi in odgovornosti arhitekta v dana\u0161njem globaliziranem in visoko tehnolo\u0161kem svetu. \u017deli razumeti pomen arhitekture in identiteto lokalnega, ki ustvarja globalno. Dokazuje, da arhitekti lahko in tudi moramo prevzeti bolj aktivno vlogo pri oblikovanju na\u0161ih mest, krajine, javnega prostora in prek tega seveda bolj\u0161e dru\u017ebe. Po Aninih besedah namre\u010d \u00bb\u017eivimo v \u010dasu revolucionarnih re\u0161itev, medtem ko \u0161e kako potrebujemo evolucijo. Evolucijo dru\u017ebe in evolucijo idej, ki naj izhajajo iz svoje iskrene skrbi do so\u010dloveka ter okolja.\u00ab<\/p>\n\n\t\t<\/div>\n\t<\/div>\n<\/div><\/div><\/div><div class=\"wpb_column vc_column_container vc_col-sm-6\"><div class=\"vc_column-inner\"><div class=\"wpb_wrapper\">\n\t<div class=\"wpb_text_column wpb_content_element\" >\n\t\t<div class=\"wpb_wrapper\">\n\t\t\t<p>Miha Ga\u0161perin se v svojem eseju spra\u0161uje o tem, kaj je danes kritika v arhitekturi. Uporablja zanimiv izraz \u00bbizkustvena kritika arhitekture\u00ab in trdi, da je \u00bbpo\u010dutje posameznika v prostoru lahko enako verodostojen &#8220;dokaz&#8221; o kvaliteti prostora, kot zagotavljanje predpisanih svetlobnih in prostorskih standardov\u00ab. V eseju se dotika tudi izku\u0161nje materialnosti v prostoru. Pisanje zaklju\u010di z zanimivo vzporednico med arhitekturo in knjigo: \u00bbKnjige postanejo knjige \u0161ele, ko jih beremo, prostor pa postane arhitektura, ko v njem \u017eivimo, ga aktivno uporabljamo in o njem razmi\u0161ljamo.\u00ab Delo Mihe Ga\u0161perina pomeni pomemben prispevek k arhitekturni kritiki, saj se v poplavi vizualnih podob prostorov in arhitekture spra\u0161uje o zelo klju\u010dnih, a hkrati precej neotipljivih kategorijah prostora, ki nam vsem izbolj\u0161ujejo \u017eivljenje. To niso podobe, ampak na\u0161e izku\u0161nje in po\u010dutje v prostoru. Miha Ga\u0161perin je prejemnik Vurnikovega \u0161tudentskega priznanja za leto 2019.<\/p>\n<p>Nu\u0161a Zupanc si dovoli biti posebna in nekonvencionalna. To so redke lastnosti, ki jih je te\u017eko zadr\u017eati nad tegobami vsakdanjega \u017eivljenja, so pa zato \u0161e toliko bolj dragocene in vredne posebne pozornosti. V svojem eseju niza serijo tehtnih osebnih premislekov o odnosu arhitekta do naro\u010dnika, kot tudi o odnosu arhitekta do materiala in do prostora. Na zelo subtilen na\u010din dojema stavbno dedi\u0161\u010dino in i\u0161\u010de kvalitete v obstoje\u010dih materialih, objektih, stavbah in prostoru. \u00bbK arhitekturi vedno pristopam najprej z jasno mislijo o tem, kaj ta prostor potrebuje. Kaj \u010dlovek tu \u0161e lahko do\u017eivi. Tako veliko je \u017ee bilo zapolnjenega z nepomembnim, da v\u010dasih raje nimam denarja, ker ne \u017eelim narisati ne\u010desa, da se dragocen prostor \u0161e bolj ne polni z arhitekturno ne-etiko.\u00ab Tudi njena osebna mapa ne nosi zaman imena osebna. Strast do razumevanja prostora veje tako iz njenih pesmi, tekstov, akvarelov kot tudi arhitekturnih projektov. Nu\u0161a Zupanc je prejemnica Vurnikovega \u0161tudentskega priznanja za leto 2019.<\/p>\n\n\t\t<\/div>\n\t<\/div>\n<\/div><\/div><\/div><\/div><div class=\"vc_row wpb_row vc_row-fluid\"><div class=\"wpb_column vc_column_container vc_col-sm-12\"><div class=\"vc_column-inner\"><div class=\"wpb_wrapper\"><div class=\"vc_empty_space\"   style=\"height: 20px\"><span class=\"vc_empty_space_inner\"><\/span><\/div><div class=\"vc_separator wpb_content_element vc_separator_align_center vc_sep_width_100 vc_sep_pos_align_center vc_separator_no_text vc_sep_color_grey wpb_content_element  wpb_content_element\" ><span class=\"vc_sep_holder vc_sep_holder_l\"><span class=\"vc_sep_line\"><\/span><\/span><span class=\"vc_sep_holder vc_sep_holder_r\"><span class=\"vc_sep_line\"><\/span><\/span>\n<\/div><div class=\"vc_empty_space\"   style=\"height: 20px\"><span class=\"vc_empty_space_inner\"><\/span><\/div><div class=\"vc_btn3-container vc_btn3-inline vc_do_btn\" ><a class=\"vc_general vc_btn3 vc_btn3-size-sm vc_btn3-shape-square vc_btn3-style-flat vc_btn3-color-mulled-wine\" href=\"http:\/\/www.centerarhitekture.org\/en\/vurnikova-nagrada-2019\/\" title=\"\">Ve\u010d o Vurnikovi \u0161tudentski nagradi za leto 2019<\/a><\/div><div class=\"vc_empty_space\"   style=\"height: 32px\"><span class=\"vc_empty_space_inner\"><\/span><\/div><\/div><\/div><\/div><\/div>\n<\/div>","protected":false},"excerpt":{"rendered":"ODLOMEK PORO\u010cILA OCENJEVALNE KOMISIJE VURNIKOVE \u0160TUDENTSKE NAGRADE ZA LETO 2019 _arhitektka Alenka Korenjak, Kombinat arhitekti in soustanoviteljica Kulturnega dru\u0161tva prostoRo\u017e, Slovenija _arhitekt Milan Tomac, arhitekturni biro ENOTA, Slovenija _arhitektka Sonja Hohengasser, Hohengasser Wirnsberger Architekten, Avstrija Pri pregledovanju osebnih map je ocenjevalno komisijo bolj kot merilo in obseg predstavljenih projektov zanimala predvsem osebna nota posameznika. Arhitektura  [...]","protected":false},"author":1,"featured_media":0,"parent":0,"menu_order":0,"comment_status":"closed","ping_status":"closed","template":"","meta":{"iawp_total_views":16,"footnotes":""},"class_list":["post-2602","page","type-page","status-publish","hentry"],"_links":{"self":[{"href":"http:\/\/www.centerarhitekture.org\/en\/wp-json\/wp\/v2\/pages\/2602","targetHints":{"allow":["GET"]}}],"collection":[{"href":"http:\/\/www.centerarhitekture.org\/en\/wp-json\/wp\/v2\/pages"}],"about":[{"href":"http:\/\/www.centerarhitekture.org\/en\/wp-json\/wp\/v2\/types\/page"}],"author":[{"embeddable":true,"href":"http:\/\/www.centerarhitekture.org\/en\/wp-json\/wp\/v2\/users\/1"}],"replies":[{"embeddable":true,"href":"http:\/\/www.centerarhitekture.org\/en\/wp-json\/wp\/v2\/comments?post=2602"}],"version-history":[{"count":13,"href":"http:\/\/www.centerarhitekture.org\/en\/wp-json\/wp\/v2\/pages\/2602\/revisions"}],"predecessor-version":[{"id":3693,"href":"http:\/\/www.centerarhitekture.org\/en\/wp-json\/wp\/v2\/pages\/2602\/revisions\/3693"}],"wp:attachment":[{"href":"http:\/\/www.centerarhitekture.org\/en\/wp-json\/wp\/v2\/media?parent=2602"}],"curies":[{"name":"wp","href":"https:\/\/api.w.org\/{rel}","templated":true}]}}