{"id":177,"date":"2017-08-17T15:59:30","date_gmt":"2017-08-17T14:59:30","guid":{"rendered":"http:\/\/www.centerarhitekture.org\/ca\/?page_id=177"},"modified":"2017-12-03T21:15:35","modified_gmt":"2017-12-03T21:15:35","slug":"vurnikovi-dnevi-2017","status":"publish","type":"page","link":"http:\/\/www.centerarhitekture.org\/en\/vurnikovidnevi\/vurnikovi-dnevi-2017\/","title":{"rendered":"VURNIK DAYS 2017"},"content":{"rendered":"<div class=\"wpb-content-wrapper\"><div class=\"vc_row wpb_row vc_row-fluid\"><div class=\"wpb_column vc_column_container vc_col-sm-12\"><div class=\"vc_column-inner\"><div class=\"wpb_wrapper\"><div class=\"vc_empty_space\"   style=\"height: 32px\"><span class=\"vc_empty_space_inner\"><\/span><\/div><\/div><\/div><\/div><\/div><div class=\"vc_row wpb_row vc_row-fluid\"><div class=\"wpb_column vc_column_container vc_col-sm-12\"><div class=\"vc_column-inner\"><div class=\"wpb_wrapper\"><h2 style=\"color: #a76e5b;text-align: left\" class=\"vc_custom_heading vc_do_custom_heading\" >VURNIK DAYS 2017<\/h2><\/div><\/div><\/div><\/div><div class=\"vc_row wpb_row vc_row-fluid\"><div class=\"wpb_column vc_column_container vc_col-sm-8\"><div class=\"vc_column-inner\"><div class=\"wpb_wrapper\"><div class=\"vc_row wpb_row vc_inner vc_row-fluid vc_custom_1503751350963 vc_row-has-fill vc_row-o-content-middle vc_row-flex\"><div class=\"wpb_column vc_column_container vc_col-sm-12\"><div class=\"vc_column-inner\"><div class=\"wpb_wrapper\"><h3 style=\"color: #a76e5b;text-align: left\" class=\"vc_custom_heading vc_do_custom_heading\" >133RD ANNIVERSARY OF THE BIRTH OF ARCHITECT IVAN VURNIK<\/h3>\n\t<div class=\"wpb_text_column wpb_content_element\" >\n\t\t<div class=\"wpb_wrapper\">\n\t\t\t<p>Each year, Vurnik Days commemorate the birth of architect Ivan Vurnik, who was born on 1 June 1884 in Radovljica, where he spent most of his life and died in 1971. The events that were held as part of Radovljica\u2019s Local Community holiday and marked the 133rd anniversary of architect Ivan Vurnik\u2019s birth took place between 1 and 30 June 2017.<\/p>\n\n\t\t<\/div>\n\t<\/div>\n<div class=\"vc_btn3-container vc_btn3-inline vc_do_btn\" ><a class=\"vc_general vc_btn3 vc_btn3-size-sm vc_btn3-shape-square vc_btn3-style-flat vc_btn3-icon-left vc_btn3-color-mulled-wine\" href=\"http:\/\/www.centerarhitekture.org\/ca\/wp-content\/uploads\/2017\/08\/plakat_vurnik_2017_FINAL.pdf\" title=\"\"><i class=\"vc_btn3-icon fa fa-file-pdf-o\"><\/i> Poster Vurnik Days 2017<\/a><\/div><\/div><\/div><\/div><\/div><div class=\"vc_empty_space\"   style=\"height: 32px\"><span class=\"vc_empty_space_inner\"><\/span><\/div><h3 style=\"color: #a76e5b;text-align: left\" class=\"vc_custom_heading vc_do_custom_heading\" >Exhibition commemorating the 50th anniversary of the Chapel of St. Francis of Assisi in Brezje<\/h3>\n\t<div class=\"wpb_text_column wpb_content_element\" >\n\t\t<div class=\"wpb_wrapper\">\n\t\t\t<p>Opening of the exhibition 50TH ANNIVERSARY OF VURNIK\u2019S CHAPEL OF SAINT FRANCIS OF ASSISI IN BREZJE was the central event of Vurnik Days 2017. The exhibition featured the works, plans, and sketches that architect Ivan Vurnik and his wife, painter Helena Kottler Vurnik, prepared for the basilica Mary Help of Christians at Brezje. Along with their works, the exhibition featured works of the students of painting at the Academy of Fine Arts and Design of the University of Ljubljana (Katarina Tadina, Katarina Marov, Eva Pestotnik, Zala Zagor\u0161ek, \u0160pela \u0160mid, all 2nd year in Applied Arts, and Mihaela Romane\u0161en, final year student in Applied Arts), under the supervision of painter and graphic designer Zora Stan\u010di\u010d, to the topic of reinterpreting Vurniks\u2019 works in Brezje. The exhibition\u2019s design was created by Barbara Viki \u0160ubic and \u0160pela Kuhar from Center arhitekture Slovenije, while the text in the catalogue was written by Barbara Boltar, curator at the \u0160ivec House Art Gallery of the Radovljica Municipality Museums. The archival material was provided by the National Shrine Mary Help of Christians at Brezje (Robert Bah\u010di\u010d) and the Museum of Architecture and Design.<\/p>\n<p>The exhibition was a collaborative effort of Radovljica\u2019s Local Community, Center arhitekture Slovenije, the \u0160ivec House Gallery, the National Shrine Mary Help of Christians, the Museum of Architecture and Design, and the Academy of Fine Arts and Design.<\/p>\n\n\t\t<\/div>\n\t<\/div>\n<div class=\"vc_btn3-container vc_btn3-inline vc_do_btn\" ><a class=\"vc_general vc_btn3 vc_btn3-size-sm vc_btn3-shape-square vc_btn3-style-flat vc_btn3-icon-left vc_btn3-color-mulled-wine\" href=\"http:\/\/www.centerarhitekture.org\/ca\/wp-content\/uploads\/2017\/08\/zgibanka_kor2.pdf\" title=\"\"><i class=\"vc_btn3-icon fa fa-file-pdf-o\"><\/i> Leaflet Exhibition commemorating the 50th anniversary of the Chapel of St. Francis of Assisi in Brezje<\/a><\/div><div class=\"vc_empty_space\"   style=\"height: 32px\"><span class=\"vc_empty_space_inner\"><\/span><\/div><h3 style=\"color: #a76e5b;text-align: left\" class=\"vc_custom_heading vc_do_custom_heading\" >Architectural field trip Vurnik Trail 2017<\/h3>\n\t<div class=\"wpb_text_column wpb_content_element\" >\n\t\t<div class=\"wpb_wrapper\">\n\t\t\t<p>On Saturday, 10 June 2017, we set off on the fourth Vurnik Trail, which each year leads us to the places where architect Ivan Vurnik and painter Helena Kottler Vurnik left their mark. This year, we visited the Vurnik\u2019s Workers\u2019 Colony in Maribor and other interesting architectural works from various periods to contemporaneity. Our first stop was Vurnik\u2019s Workers\u2019 Colony, under guidance by Dr. Marjeta Ciglene\u010dki, including the interiors of two housing units. We continued our trip to the city centre where, under guidance by architects  Assist. Prof. Robert Potokar and Nives \u010corak, we went to see the railway station (architect Milan \u010cernigoj, 1949\u201255), the 14th century synagogue, mansion Naskov dvorec\/Vetrinjski dvor (ARREA, architects Maru\u0161a Zorec and Matja\u017e Bol\u010dina, 2009), a monument to NOB (sculptor Slavko Tihec, 1975), Hutter\u2019s block of flats (architects Aleksander Dev and Jaroslav \u010cernigoj, 1941), and the Lutkovno gledali\u0161\u010de Maribor puppet theatre (ATELIERarhitekti, Jurij Kobe, 2010), guided by managing and artistic director Katarina Klan\u010dnik Kocutar. Vurnik Trail ended in the Church of Saint John Bosco (DANS arhitekti, 2015) where we were treated to a music performance (Renata Gra\u010dnar, soprano; Mitja Krajnc, tenor; Neja Skrbi\u0161, piano; \u017diva Skrbi\u0161, flute).<\/p>\n\n\t\t<\/div>\n\t<\/div>\n<div class=\"vc_btn3-container vc_btn3-inline vc_do_btn\" ><a class=\"vc_general vc_btn3 vc_btn3-size-sm vc_btn3-shape-square vc_btn3-style-flat vc_btn3-icon-left vc_btn3-color-mulled-wine\" href=\"http:\/\/www.centerarhitekture.org\/ca\/wp-content\/uploads\/2017\/12\/2017_VURNIKOVA-POT_zlo\u017eenkazemljevid_A4_.pdf\" title=\"\"><i class=\"vc_btn3-icon fa fa-file-pdf-o\"><\/i> Leaflet Vurnik Trail 2017<\/a><\/div><div class=\"vc_empty_space\"   style=\"height: 32px\"><span class=\"vc_empty_space_inner\"><\/span><\/div><h3 style=\"color: #a76e5b;text-align: left\" class=\"vc_custom_heading vc_do_custom_heading\" >Culinary events<\/h3>\n\t<div class=\"wpb_text_column wpb_content_element\" >\n\t\t<div class=\"wpb_wrapper\">\n\t\t\t<p>On 30 May, the elderly at nursing home Dom dr. Janka Benedika baked Vurnik\u2019s cookies, which were then offered to guests attending the opening of the exhibition at the \u0160ivec House Gallery.<\/p>\n<p>Throughout the month, at Vila Podvin restaurant in Mo\u0161nje it was possible to try Vurnik\u2019s tasting menu, created by renowned chef Uro\u0161 \u0160tefelin (a culinary surprise Okusi Radol\u2019ce, www.vilapodvin.si).<\/p>\n\n\t\t<\/div>\n\t<\/div>\n<div class=\"vc_empty_space\"   style=\"height: 32px\"><span class=\"vc_empty_space_inner\"><\/span><\/div><h3 style=\"color: #a76e5b;text-align: left\" class=\"vc_custom_heading vc_do_custom_heading\" >Playful Architecture workshops: Architect Ivan Vurnik and Painter Helena Kottler Vurnik<\/h3>\n\t<div class=\"wpb_text_column wpb_content_element\" >\n\t\t<div class=\"wpb_wrapper\">\n\t\t\t<p>Between 5 and 16 June at the \u0160ivec House Gallery, Center arhitekture Slovenije held PLAYFUL ARCHITECTURE workshops: ARCHITECT IVAN VURNIK AND PAINTER HELENA KOTTLER VURNIK for all 7th class students in the Municipality of Radovljica.<\/p>\n\n\t\t<\/div>\n\t<\/div>\n<div class=\"vc_empty_space\"   style=\"height: 32px\"><span class=\"vc_empty_space_inner\"><\/span><\/div><h3 style=\"color: #a76e5b;text-align: left\" class=\"vc_custom_heading vc_do_custom_heading\" >Radovljica\u2019s Local Community Holiday \u2013 events<\/h3>\n\t<div class=\"wpb_text_column wpb_content_element\" >\n\t\t<div class=\"wpb_wrapper\">\n\t\t\t<p>As part of the Radovljica\u2019s Local Community holiday several events organised by Radovljica cultural organisations took place:<\/p>\n<p>Thursday, 1 June 2016, Kunstelj inn garden: IZ ZEMLJE GRE V TRSEK (Vine Comes from the Soil) \u2013 wine songs at the oldest vine in the world (KUD Radovljica, Linhartov oder).<\/p>\n<p>Tuesday, 6. June 2017 at 17:00 p.m., Radovljica mansion hall: FINAL CONCERT of chamber groups and presentation of awards to the best students of the Radovljica Music School.<\/p>\n<p>Wednesday, 7 June 2017, Radovljica Mansion atrium: Ne\u017ea Maurer poetry evening, TAKRAT, KADAR LJUBIMO (When in Love) (KUD Radovljica, Linhartov oder).<\/p>\n\n\t\t<\/div>\n\t<\/div>\n<\/div><\/div><\/div><div class=\"wpb_column vc_column_container vc_col-sm-4\"><div class=\"vc_column-inner\"><div class=\"wpb_wrapper\">\n<div class=\"vc_grid-container-wrapper vc_clearfix vc_grid-animation-none\">\n\t<div class=\"vc_grid-container vc_clearfix wpb_content_element vc_basic_grid\" data-initial-loading-animation=\"none\" data-vc-grid-settings=\"{&quot;page_id&quot;:177,&quot;style&quot;:&quot;all&quot;,&quot;action&quot;:&quot;vc_get_vc_grid_data&quot;,&quot;shortcode_id&quot;:&quot;1512334846289-1e2c9693-e45a-6&quot;,&quot;tag&quot;:&quot;vc_basic_grid&quot;}\" data-vc-request=\"https:\/\/www.centerarhitekture.org\/ca\/wp-admin\/admin-ajax.php\" data-vc-post-id=\"177\" data-vc-public-nonce=\"b333d63fe2\">\n\t\t<style data-type=\"vc_shortcodes-custom-css\">.vc_custom_1419240516480{background-color: #f9f9f9 !important;}<\/style><div class=\"vc_grid vc_row vc_grid-gutter-30px vc_pageable-wrapper vc_hook_hover\" data-vc-pageable-content=\"true\"><div class=\"vc_pageable-slide-wrapper vc_clearfix\" data-vc-grid-content=\"true\"><div class=\"vc_grid-item vc_clearfix vc_col-sm-12 vc_grid-item-zone-c-bottom\"><div class=\"vc_grid-item-mini vc_clearfix\"><div class=\"vc_gitem-animated-block\" ><div class=\"vc_gitem-zone vc_gitem-zone-a vc-gitem-zone-height-mode-auto vc-gitem-zone-height-mode-auto-1-1 vc_gitem-is-link\" style=\"background-image: url('https:\/\/www.centerarhitekture.org\/ca\/wp-content\/uploads\/2017\/06\/2017_sivceva-hisa-otvoritev.jpg') !important;\"><a href=\"http:\/\/www.centerarhitekture.org\/en\/razstava-50-obletnica-vurnikove-kapele-sv-franciska-asiskega-na-brezjah\/\" title=\"Exhibition commemorating the 50th anniversary of the Chapel of St. Francis of Assisi in Brezje\" class=\"vc_gitem-link vc-zone-link\" ><\/a><img decoding=\"async\" class=\"vc_gitem-zone-img\" src=\"https:\/\/www.centerarhitekture.org\/ca\/wp-content\/uploads\/2017\/06\/2017_sivceva-hisa-otvoritev.jpg\" alt=\"Razstava 50. obletnica Vurnikove kapele Sv. Fran\u010di\u0161ka Asi\u0161kega na Brezjah\"><div class=\"vc_gitem-zone-mini\"><\/div><\/div><\/div><div class=\"vc_gitem-zone vc_gitem-zone-c vc_custom_1419240516480\"><div class=\"vc_gitem-zone-mini\"><div class=\"vc_gitem_row vc_row vc_gitem-row-position-top\"><div class=\"vc_col-sm-12 vc_gitem-col vc_gitem-col-align-\"><div class=\"vc_custom_heading vc_gitem-post-data vc_gitem-post-data-source-post_date\" ><div style=\"text-align: left\" >01. 06. 2017<\/div><\/div><div class=\"vc_custom_heading vc_gitem-post-data vc_gitem-post-data-source-post_title\" ><h5 style=\"font-size: 14px;line-height: 14px;text-align: left\" ><a href=\"http:\/\/www.centerarhitekture.org\/en\/razstava-50-obletnica-vurnikove-kapele-sv-franciska-asiskega-na-brezjah\/\" class=\"vc_gitem-link\" title=\"Exhibition commemorating the 50th anniversary of the Chapel of St. Francis of Assisi in Brezje\">Exhibition commemorating the 50th anniversary of the Chapel of St. Francis of Assisi in Brezje<\/a><\/h5><\/div><\/div><\/div><\/div><\/div><\/div><div class=\"vc_clearfix\"><\/div><\/div><\/div><\/div>\n\t<\/div>\n<\/div>\n<div class=\"vc_grid-container-wrapper vc_clearfix vc_grid-animation-none\">\n\t<div class=\"vc_grid-container vc_clearfix wpb_content_element vc_basic_grid\" data-initial-loading-animation=\"none\" data-vc-grid-settings=\"{&quot;page_id&quot;:177,&quot;style&quot;:&quot;all&quot;,&quot;action&quot;:&quot;vc_get_vc_grid_data&quot;,&quot;shortcode_id&quot;:&quot;1512334846290-def189cf-e11c-3&quot;,&quot;tag&quot;:&quot;vc_basic_grid&quot;}\" data-vc-request=\"https:\/\/www.centerarhitekture.org\/ca\/wp-admin\/admin-ajax.php\" data-vc-post-id=\"177\" data-vc-public-nonce=\"b333d63fe2\">\n\t\t<style data-type=\"vc_shortcodes-custom-css\">.vc_custom_1419240516480{background-color: #f9f9f9 !important;}<\/style><div class=\"vc_grid vc_row vc_grid-gutter-30px vc_pageable-wrapper vc_hook_hover\" data-vc-pageable-content=\"true\"><div class=\"vc_pageable-slide-wrapper vc_clearfix\" data-vc-grid-content=\"true\"><div class=\"vc_grid-item vc_clearfix vc_col-sm-12 vc_grid-item-zone-c-bottom\"><div class=\"vc_grid-item-mini vc_clearfix\"><div class=\"vc_gitem-animated-block\" ><div class=\"vc_gitem-zone vc_gitem-zone-a vc-gitem-zone-height-mode-auto vc-gitem-zone-height-mode-auto-1-1 vc_gitem-is-link\" style=\"background-image: url('https:\/\/www.centerarhitekture.org\/ca\/wp-content\/uploads\/2017\/08\/IMG_6264.jpg') !important;\"><a href=\"http:\/\/www.centerarhitekture.org\/en\/arhitekturni-izlet-vurnikova-pot-2017\/\" title=\"Architectural field trip Vurnik Trail 2017\" class=\"vc_gitem-link vc-zone-link\" ><\/a><img decoding=\"async\" class=\"vc_gitem-zone-img\" src=\"https:\/\/www.centerarhitekture.org\/ca\/wp-content\/uploads\/2017\/08\/IMG_6264.jpg\" alt=\"Arhitekturni izlet Vurnikova pot 2017\"><div class=\"vc_gitem-zone-mini\"><\/div><\/div><\/div><div class=\"vc_gitem-zone vc_gitem-zone-c vc_custom_1419240516480\"><div class=\"vc_gitem-zone-mini\"><div class=\"vc_gitem_row vc_row vc_gitem-row-position-top\"><div class=\"vc_col-sm-12 vc_gitem-col vc_gitem-col-align-\"><div class=\"vc_custom_heading vc_gitem-post-data vc_gitem-post-data-source-post_date\" ><div style=\"text-align: left\" >10. 06. 2017<\/div><\/div><div class=\"vc_custom_heading vc_gitem-post-data vc_gitem-post-data-source-post_title\" ><h5 style=\"font-size: 14px;line-height: 14px;text-align: left\" ><a href=\"http:\/\/www.centerarhitekture.org\/en\/arhitekturni-izlet-vurnikova-pot-2017\/\" class=\"vc_gitem-link\" title=\"Architectural field trip Vurnik Trail 2017\">Architectural field trip Vurnik Trail 2017<\/a><\/h5><\/div><\/div><\/div><\/div><\/div><\/div><div class=\"vc_clearfix\"><\/div><\/div><\/div><\/div>\n\t<\/div>\n<\/div>\n<div class=\"vc_grid-container-wrapper vc_clearfix vc_grid-animation-none\">\n\t<div class=\"vc_grid-container vc_clearfix wpb_content_element vc_basic_grid\" data-initial-loading-animation=\"none\" data-vc-grid-settings=\"{&quot;page_id&quot;:177,&quot;style&quot;:&quot;all&quot;,&quot;action&quot;:&quot;vc_get_vc_grid_data&quot;,&quot;shortcode_id&quot;:&quot;1512334846291-80fa55df-3b1e-2&quot;,&quot;tag&quot;:&quot;vc_basic_grid&quot;}\" data-vc-request=\"https:\/\/www.centerarhitekture.org\/ca\/wp-admin\/admin-ajax.php\" data-vc-post-id=\"177\" data-vc-public-nonce=\"b333d63fe2\">\n\t\t<style data-type=\"vc_shortcodes-custom-css\">.vc_custom_1419240516480{background-color: #f9f9f9 !important;}<\/style><div class=\"vc_grid vc_row vc_grid-gutter-30px vc_pageable-wrapper vc_hook_hover\" data-vc-pageable-content=\"true\"><div class=\"vc_pageable-slide-wrapper vc_clearfix\" data-vc-grid-content=\"true\"><div class=\"vc_grid-item vc_clearfix vc_col-sm-12 vc_grid-item-zone-c-bottom\"><div class=\"vc_grid-item-mini vc_clearfix\"><div class=\"vc_gitem-animated-block\" ><div class=\"vc_gitem-zone vc_gitem-zone-a vc-gitem-zone-height-mode-auto vc-gitem-zone-height-mode-auto-1-1 vc_gitem-is-link\" style=\"background-image: url('https:\/\/www.centerarhitekture.org\/ca\/wp-content\/uploads\/2017\/05\/IMG_5589.jpg') !important;\"><a href=\"http:\/\/www.centerarhitekture.org\/en\/peka-vurnikovih-piskotov\/\" title=\"Peka Vurnikovih pi\u0161kotov\" class=\"vc_gitem-link vc-zone-link\" ><\/a><img decoding=\"async\" class=\"vc_gitem-zone-img\" src=\"https:\/\/www.centerarhitekture.org\/ca\/wp-content\/uploads\/2017\/05\/IMG_5589.jpg\" alt=\"Peka Vurnikovih pi\u0161kotov\"><div class=\"vc_gitem-zone-mini\"><\/div><\/div><\/div><div class=\"vc_gitem-zone vc_gitem-zone-c vc_custom_1419240516480\"><div class=\"vc_gitem-zone-mini\"><div class=\"vc_gitem_row vc_row vc_gitem-row-position-top\"><div class=\"vc_col-sm-12 vc_gitem-col vc_gitem-col-align-\"><div class=\"vc_custom_heading vc_gitem-post-data vc_gitem-post-data-source-post_date\" ><div style=\"text-align: left\" >30. 05. 2017<\/div><\/div><div class=\"vc_custom_heading vc_gitem-post-data vc_gitem-post-data-source-post_title\" ><h5 style=\"font-size: 14px;line-height: 14px;text-align: left\" ><a href=\"http:\/\/www.centerarhitekture.org\/en\/peka-vurnikovih-piskotov\/\" class=\"vc_gitem-link\" title=\"Peka Vurnikovih pi\u0161kotov\">Peka Vurnikovih pi\u0161kotov<\/a><\/h5><\/div><\/div><\/div><\/div><\/div><\/div><div class=\"vc_clearfix\"><\/div><\/div><\/div><\/div>\n\t<\/div>\n<\/div><\/div><\/div><\/div><\/div><div class=\"vc_row wpb_row vc_row-fluid\"><div class=\"wpb_column vc_column_container vc_col-sm-12\"><div class=\"vc_column-inner\"><div class=\"wpb_wrapper\"><div class=\"vc_empty_space\"   style=\"height: 32px\"><span class=\"vc_empty_space_inner\"><\/span><\/div><\/div><\/div><\/div><\/div>\n<\/div>","protected":false},"excerpt":{"rendered":"VURNIKOVI DNEVI 2017133. OBLETNICA ROJSTVA ARHITEKTA IVANA VURNIKA Vurnikovi dnevi\u00a0 vsako leto obele\u017eujejo spomin na radovlji\u0161kega rojaka arhitekta Ivana Vurnika, ki se je rodil 1. junija 1884 v Radovljici, kjer je pre\u017eivel del svojega \u017eivljenja in umrl leta 1971. Dogodki v okviru praznika Krajevne skupnosti Radovljica, ki so obele\u017eili 133. obletnico rojstva arhitekta Ivana Vurnika,  [...]","protected":false},"author":1,"featured_media":0,"parent":46,"menu_order":0,"comment_status":"closed","ping_status":"closed","template":"","meta":{"iawp_total_views":3,"footnotes":""},"class_list":["post-177","page","type-page","status-publish","hentry"],"_links":{"self":[{"href":"http:\/\/www.centerarhitekture.org\/en\/wp-json\/wp\/v2\/pages\/177","targetHints":{"allow":["GET"]}}],"collection":[{"href":"http:\/\/www.centerarhitekture.org\/en\/wp-json\/wp\/v2\/pages"}],"about":[{"href":"http:\/\/www.centerarhitekture.org\/en\/wp-json\/wp\/v2\/types\/page"}],"author":[{"embeddable":true,"href":"http:\/\/www.centerarhitekture.org\/en\/wp-json\/wp\/v2\/users\/1"}],"replies":[{"embeddable":true,"href":"http:\/\/www.centerarhitekture.org\/en\/wp-json\/wp\/v2\/comments?post=177"}],"version-history":[{"count":42,"href":"http:\/\/www.centerarhitekture.org\/en\/wp-json\/wp\/v2\/pages\/177\/revisions"}],"predecessor-version":[{"id":1590,"href":"http:\/\/www.centerarhitekture.org\/en\/wp-json\/wp\/v2\/pages\/177\/revisions\/1590"}],"up":[{"embeddable":true,"href":"http:\/\/www.centerarhitekture.org\/en\/wp-json\/wp\/v2\/pages\/46"}],"wp:attachment":[{"href":"http:\/\/www.centerarhitekture.org\/en\/wp-json\/wp\/v2\/media?parent=177"}],"curies":[{"name":"wp","href":"https:\/\/api.w.org\/{rel}","templated":true}]}}